{"id":925,"date":"2022-12-13T10:35:11","date_gmt":"2022-12-13T10:35:11","guid":{"rendered":"https:\/\/brindeconduite.com\/?page_id=925"},"modified":"2022-12-13T10:54:46","modified_gmt":"2022-12-13T10:54:46","slug":"elementor-925","status":"publish","type":"page","link":"https:\/\/brindeconduite.com\/?page_id=925","title":{"rendered":""},"content":{"rendered":"\t\t<div data-elementor-type=\"wp-page\" data-elementor-id=\"925\" class=\"elementor elementor-925\">\n\t\t\t\t\t\t\t\t\t<section class=\"elementor-section elementor-top-section elementor-element elementor-element-1bc73c0 elementor-section-boxed elementor-section-height-default elementor-section-height-default\" data-id=\"1bc73c0\" data-element_type=\"section\">\n\t\t\t\t\t\t<div class=\"elementor-container elementor-column-gap-default\">\n\t\t\t\t\t<div class=\"elementor-column elementor-col-100 elementor-top-column elementor-element elementor-element-9cce56f\" data-id=\"9cce56f\" data-element_type=\"column\">\n\t\t\t<div class=\"elementor-widget-wrap elementor-element-populated\">\n\t\t\t\t\t\t\t\t<div class=\"elementor-element elementor-element-10affc6 elementor-widget elementor-widget-text-editor\" data-id=\"10affc6\" data-element_type=\"widget\" data-widget_type=\"text-editor.default\">\n\t\t\t\t<div class=\"elementor-widget-container\">\n\t\t\t<style>\/*! elementor - v3.7.2 - 21-08-2022 *\/\n.elementor-widget-text-editor.elementor-drop-cap-view-stacked .elementor-drop-cap{background-color:#818a91;color:#fff}.elementor-widget-text-editor.elementor-drop-cap-view-framed .elementor-drop-cap{color:#818a91;border:3px solid;background-color:transparent}.elementor-widget-text-editor:not(.elementor-drop-cap-view-default) .elementor-drop-cap{margin-top:8px}.elementor-widget-text-editor:not(.elementor-drop-cap-view-default) .elementor-drop-cap-letter{width:1em;height:1em}.elementor-widget-text-editor .elementor-drop-cap{float:left;text-align:center;line-height:1;font-size:50px}.elementor-widget-text-editor .elementor-drop-cap-letter{display:inline-block}<\/style>\t\t\t\t<h3><b>L\u2019examen du permis pour les personnes en situation de handicap<\/b><\/h3>\n<p>Une personne en situation de handicap peut tout \u00e0 fait passer s&rsquo;inscrire, se former et se pr\u00e9senter \u00e0 l\u2019examen du permis de conduire, \u00e0 condition d&rsquo;avoir valid\u00e9 un contr\u00f4le m\u00e9dical d&rsquo;aptitude \u00e0 la conduite. Les \u00e9preuves sont am\u00e9nag\u00e9es en fonction du type de handicap. Notre auto-\u00e9cole n&rsquo;a pas les moyens malheureusement de proposer les outils n\u00e9cessaires pour vous accompagner. Mais nous restons \u00e0 votre \u00e9coute pour vous orienter vers des <a href=\"https:\/\/brindeconduite.com\/wp-content\/uploads\/2022\/12\/deplianthandicap2015_bd-1.pdf\" style=\"font-weight: bold;\">organismes sp\u00e9cialis\u00e9s<\/a><b>&nbsp;<\/b><i style=\"\">(<\/i>ou rendez vous sur<i style=\"\">&nbsp;<\/i><a href=\"https:\/\/ceremh.org\/info-autoecole-adaptee.html\" target=\"_blank\">ceremh.org\/info-autoecole-adaptee<\/a><span style=\"background-color: var(--ast-global-color-5);\"><i>)<\/i><\/span><span style=\"font-style: inherit; font-weight: inherit; color: var( --e-global-color-text ); font-family: var( --e-global-typography-text-font-family ), Sans-serif; background-color: var(--ast-global-color-5);\">.<\/span><\/p>\n<p>Rappel : le candidat peut se pr\u00e9senter aux \u00e9preuves du permis s\u2019il a l\u2019\u00e2ge requis pour la cat\u00e9gorie de permis qu\u2019il souhaite passer et s\u2019il a \u00e9t\u00e9 reconnu apte par un m\u00e9decin agr\u00e9\u00e9 par le pr\u00e9fet de son d\u00e9partement de r\u00e9sidence.<\/p>\n<h3><b>Pour les candidats \u00e0 mobilit\u00e9 r\u00e9duite<\/b><\/h3>\n<p><b>Am\u00e9nagements de l\u2019\u00e9preuve pratique<\/b><br>Si le handicap du candidat n\u00e9cessite un am\u00e9nagement de l&rsquo;\u00e9preuve, celui-ci peut prendre contact avec le bureau d&rsquo;\u00e9ducation routi\u00e8re de son d\u00e9partement. Un rendez-vous pr\u00e9alable sera fix\u00e9 pour organiser le d\u00e9roul\u00e9 de l&rsquo;\u00e9preuve.<\/p>\n<p><b>Am\u00e9nagements du v\u00e9hicule<\/b><br>En cas d\u2019utilisation de v\u00e9hicules de la cat\u00e9gorie B dot\u00e9s d\u2019\u00e9quipements sp\u00e9ciaux destin\u00e9s uniquement aux personnes handicap\u00e9es, ceux-ci doivent r\u00e9pondre aux conditions suivantes :<br>avoir \u00e9t\u00e9 mis pour la premi\u00e8re fois en circulation depuis 10 ans au plus, sauf d\u00e9rogation exceptionnelle accord\u00e9e par le minist\u00e8re charg\u00e9 de la s\u00e9curit\u00e9 routi\u00e8re ;<br>comporter un dispositif de double freinage, de r\u00e9troviseurs additionnels ext\u00e9rieur et int\u00e9rieur si le v\u00e9hicule le permet, et de double-commande de direction en l\u2019absence de volant pour le conducteur.<\/p>\n<h3><b>Pour les candidats sourds ou malentendants<\/b><\/h3>\n<p>Si le handicap du candidat n\u00e9cessite un am\u00e9nagement de l&rsquo;\u00e9preuve, celui-ci peut prendre contact avec le bureau d&rsquo;\u00e9ducation routi\u00e8re de son d\u00e9partement. Un rendez-vous pr\u00e9alable sera fix\u00e9 pour organiser le d\u00e9roul\u00e9 de l&rsquo;\u00e9preuve.&nbsp;<span style=\"font-style: inherit; font-weight: inherit; color: var( --e-global-color-text ); font-family: var( --e-global-typography-text-font-family ), Sans-serif; background-color: var(--ast-global-color-5);\">Des sessions sp\u00e9cialis\u00e9es sont pr\u00e9vues pour les candidats sourds ou malentendants. La dur\u00e9e totale de l\u2019\u00e9preuve th\u00e9orique est plus longue pour ces candidats.<\/span><\/p>\n<p>Durant l\u2019examen, les candidats concern\u00e9s b\u00e9n\u00e9ficient d\u2019un dispositif de communication adapt\u00e9, permettant une bonne compr\u00e9hension des \u00e9preuves. Au cours des \u00e9preuves, le candidat peut \u00e9galement faire appel \u00e0 un interpr\u00e8te en langue des signes ou \u00e0 un codeur en langage parl\u00e9 compl\u00e9t\u00e9.<br>Cette possibilit\u00e9 peut-\u00eatre utilis\u00e9e pour traduire :<\/p>\n<ul>\n<li><span style=\"font-style: inherit; font-weight: inherit; color: var( --e-global-color-text ); font-family: var( --e-global-typography-text-font-family ), Sans-serif; background-color: var(--ast-global-color-5);\">l\u2019accueil et la pr\u00e9sentation \u00e0 l\u2019examen ;<\/span><\/li>\n<li>les questions et les r\u00e9ponses relatives aux v\u00e9rifications.<\/li>\n<\/ul>\n<h3><b>Pour les candidats dys-<\/b><\/h3>\n<p>Si le handicap du candidat n\u00e9cessite un am\u00e9nagement de l&rsquo;\u00e9preuve, celui-ci peut prendre contact avec le bureau d&rsquo;\u00e9ducation routi\u00e8re de son d\u00e9partement. Un rendez-vous pr\u00e9alable sera fix\u00e9 pour organiser le d\u00e9roul\u00e9 de l&rsquo;\u00e9preuve.<br>Les candidats dyslexiques, dyspraxiques, dysphasiques peuvent b\u00e9n\u00e9ficier d\u2019am\u00e9nagements pour le passage de l\u2019\u00e9preuve th\u00e9orique du permis (le code). Pour pouvoir en b\u00e9n\u00e9ficier, il suffit de produire l\u2019un ou l\u2019autre des documents suivants :<\/p>\n<ul>\n<li>une reconnaissance de qualit\u00e9 de travailleur handicap\u00e9 (RQTH) ou une reconnaissance de handicap obtenue aupr\u00e8s de la maison d\u00e9partementale des personnes handicap\u00e9es (MDPH) et un diagnostic de dyslexie et\/ou de dysphasie et\/ou de dyspraxie ;<\/li>\n<li>une reconnaissance d\u2019am\u00e9nagements aux \u00e9preuves nationales de l\u2019\u00e9ducation nationale au titre des troubles de l\u2019apprentissage du langage \u00e9crit, du langage oral et\/ou \u00e9crit et\/ou de l\u2019acquisition de la coordination ;<\/li>\n<li>un certificat m\u00e9dical d\u00e9livr\u00e9 depuis moins de six mois maximum, attestant d\u2019un trouble sp\u00e9cifique du langage et\/ou de la lecture et\/ou de l\u2019acquisition de la coordination et n\u00e9cessitant un am\u00e9nagement des conditions de passage de l\u2019\u00e9preuve th\u00e9orique g\u00e9n\u00e9rale ;<\/li>\n<\/ul>\n<p>Les am\u00e9nagements sont les m\u00eames que pour les personnes sourdes ou malentendantes.<\/p>\n<h3><b>Validit\u00e9 du permis<\/b><\/h3>\n<p>Le permis est d\u00e9livr\u00e9 sur avis m\u00e9dical favorable. Lorsque l\u2019avis m\u00e9dical \u00e9tablit que l\u2019infirmit\u00e9 ou l\u2019invalidit\u00e9 est stabilis\u00e9e, la dur\u00e9e de validit\u00e9 peut \u00eatre illimit\u00e9e.<br>Dans le cas contraire, le m\u00e9decin prescrit une dur\u00e9e de validit\u00e9 limit\u00e9e de la cat\u00e9gorie du permis en fonction du handicap ou de la pathologie.<br>En toutes circonstances, le titulaire d\u2019un permis adapt\u00e9 au handicap doit conduire un v\u00e9hicule sp\u00e9cialement am\u00e9nag\u00e9 pour tenir compte de son handicap.<\/p>\t\t\t\t\t\t<\/div>\n\t\t\t\t<\/div>\n\t\t\t\t\t<\/div>\n\t\t<\/div>\n\t\t\t\t\t\t\t<\/div>\n\t\t<\/section>\n\t\t\t\t\t\t\t<\/div>\n\t\t","protected":false},"excerpt":{"rendered":"<p>L\u2019examen du permis pour les personnes en situation de handicap Une personne en situation de handicap peut tout \u00e0 fait passer s&rsquo;inscrire, se former et se pr\u00e9senter \u00e0 l\u2019examen du permis de conduire, \u00e0 condition d&rsquo;avoir valid\u00e9 un contr\u00f4le m\u00e9dical d&rsquo;aptitude \u00e0 la conduite. Les \u00e9preuves sont am\u00e9nag\u00e9es en fonction du type de handicap. Notre &hellip;<\/p>\n<p class=\"read-more\"> <a class=\"\" href=\"https:\/\/brindeconduite.com\/?page_id=925\">  Lire la suite\u00a0\u00bb<\/a><\/p>\n","protected":false},"author":1,"featured_media":0,"parent":0,"menu_order":0,"comment_status":"closed","ping_status":"closed","template":"","meta":{"site-sidebar-layout":"no-sidebar","site-content-layout":"page-builder","ast-global-header-display":"","ast-main-header-display":"","ast-hfb-above-header-display":"","ast-hfb-below-header-display":"","ast-hfb-mobile-header-display":"","site-post-title":"disabled","ast-breadcrumbs-content":"","ast-featured-img":"disabled","footer-sml-layout":"","theme-transparent-header-meta":"","adv-header-id-meta":"","stick-header-meta":"","header-above-stick-meta":"","header-main-stick-meta":"","header-below-stick-meta":""},"_links":{"self":[{"href":"https:\/\/brindeconduite.com\/index.php?rest_route=\/wp\/v2\/pages\/925"}],"collection":[{"href":"https:\/\/brindeconduite.com\/index.php?rest_route=\/wp\/v2\/pages"}],"about":[{"href":"https:\/\/brindeconduite.com\/index.php?rest_route=\/wp\/v2\/types\/page"}],"author":[{"embeddable":true,"href":"https:\/\/brindeconduite.com\/index.php?rest_route=\/wp\/v2\/users\/1"}],"replies":[{"embeddable":true,"href":"https:\/\/brindeconduite.com\/index.php?rest_route=%2Fwp%2Fv2%2Fcomments&post=925"}],"version-history":[{"count":14,"href":"https:\/\/brindeconduite.com\/index.php?rest_route=\/wp\/v2\/pages\/925\/revisions"}],"predecessor-version":[{"id":947,"href":"https:\/\/brindeconduite.com\/index.php?rest_route=\/wp\/v2\/pages\/925\/revisions\/947"}],"wp:attachment":[{"href":"https:\/\/brindeconduite.com\/index.php?rest_route=%2Fwp%2Fv2%2Fmedia&parent=925"}],"curies":[{"name":"wp","href":"https:\/\/api.w.org\/{rel}","templated":true}]}}