{"id":896,"date":"2022-12-13T09:14:43","date_gmt":"2022-12-13T09:14:43","guid":{"rendered":"https:\/\/brindeconduite.com\/?page_id=896"},"modified":"2024-01-07T08:37:06","modified_gmt":"2024-01-07T08:37:06","slug":"elementor-896","status":"publish","type":"page","link":"https:\/\/brindeconduite.com\/?page_id=896","title":{"rendered":""},"content":{"rendered":"\t\t<div data-elementor-type=\"wp-page\" data-elementor-id=\"896\" class=\"elementor elementor-896\">\n\t\t\t\t\t\t\t\t\t<section class=\"elementor-section elementor-top-section elementor-element elementor-element-5a2aed0 elementor-section-boxed elementor-section-height-default elementor-section-height-default\" data-id=\"5a2aed0\" data-element_type=\"section\">\n\t\t\t\t\t\t<div class=\"elementor-container elementor-column-gap-default\">\n\t\t\t\t\t<div class=\"elementor-column elementor-col-100 elementor-top-column elementor-element elementor-element-942e266\" data-id=\"942e266\" data-element_type=\"column\">\n\t\t\t<div class=\"elementor-widget-wrap elementor-element-populated\">\n\t\t\t\t\t\t\t\t<div class=\"elementor-element elementor-element-37e6056 elementor-widget elementor-widget-heading\" data-id=\"37e6056\" data-element_type=\"widget\" data-widget_type=\"heading.default\">\n\t\t\t\t<div class=\"elementor-widget-container\">\n\t\t\t<style>\/*! elementor - v3.7.2 - 21-08-2022 *\/\n.elementor-heading-title{padding:0;margin:0;line-height:1}.elementor-widget-heading .elementor-heading-title[class*=elementor-size-]>a{color:inherit;font-size:inherit;line-height:inherit}.elementor-widget-heading .elementor-heading-title.elementor-size-small{font-size:15px}.elementor-widget-heading .elementor-heading-title.elementor-size-medium{font-size:19px}.elementor-widget-heading .elementor-heading-title.elementor-size-large{font-size:29px}.elementor-widget-heading .elementor-heading-title.elementor-size-xl{font-size:39px}.elementor-widget-heading .elementor-heading-title.elementor-size-xxl{font-size:59px}<\/style><h2 class=\"elementor-heading-title elementor-size-default\">Les conduites accompagn\u00e9es<\/h2>\t\t<\/div>\n\t\t\t\t<\/div>\n\t\t\t\t\t<\/div>\n\t\t<\/div>\n\t\t\t\t\t\t\t<\/div>\n\t\t<\/section>\n\t\t\t\t<section class=\"elementor-section elementor-top-section elementor-element elementor-element-25dae22 elementor-section-boxed elementor-section-height-default elementor-section-height-default\" data-id=\"25dae22\" data-element_type=\"section\">\n\t\t\t\t\t\t<div class=\"elementor-container elementor-column-gap-default\">\n\t\t\t\t\t<div class=\"elementor-column elementor-col-100 elementor-top-column elementor-element elementor-element-cde9d3b\" data-id=\"cde9d3b\" data-element_type=\"column\">\n\t\t\t<div class=\"elementor-widget-wrap elementor-element-populated\">\n\t\t\t\t\t\t\t\t<div class=\"elementor-element elementor-element-ef72ad0 elementor-widget elementor-widget-image\" data-id=\"ef72ad0\" data-element_type=\"widget\" data-widget_type=\"image.default\">\n\t\t\t\t<div class=\"elementor-widget-container\">\n\t\t\t<style>\/*! elementor - v3.7.2 - 21-08-2022 *\/\n.elementor-widget-image{text-align:center}.elementor-widget-image a{display:inline-block}.elementor-widget-image a img[src$=\".svg\"]{width:48px}.elementor-widget-image img{vertical-align:middle;display:inline-block}<\/style>\t\t\t\t\t\t\t\t\t\t\t\t<img src=\"https:\/\/brindeconduite.com\/wp-content\/uploads\/2022\/10\/AAC.png\" title=\"\" alt=\"\" \/>\t\t\t\t\t\t\t\t\t\t\t\t\t\t\t<\/div>\n\t\t\t\t<\/div>\n\t\t\t\t\t<\/div>\n\t\t<\/div>\n\t\t\t\t\t\t\t<\/div>\n\t\t<\/section>\n\t\t\t\t<section class=\"elementor-section elementor-top-section elementor-element elementor-element-8821c15 elementor-section-boxed elementor-section-height-default elementor-section-height-default\" data-id=\"8821c15\" data-element_type=\"section\">\n\t\t\t\t\t\t<div class=\"elementor-container elementor-column-gap-default\">\n\t\t\t\t\t<div class=\"elementor-column elementor-col-50 elementor-top-column elementor-element elementor-element-df97bc5\" data-id=\"df97bc5\" data-element_type=\"column\">\n\t\t\t<div class=\"elementor-widget-wrap elementor-element-populated\">\n\t\t\t\t\t\t\t\t<div class=\"elementor-element elementor-element-4697da7 elementor-widget elementor-widget-text-editor\" data-id=\"4697da7\" data-element_type=\"widget\" data-widget_type=\"text-editor.default\">\n\t\t\t\t<div class=\"elementor-widget-container\">\n\t\t\t<style>\/*! elementor - v3.7.2 - 21-08-2022 *\/\n.elementor-widget-text-editor.elementor-drop-cap-view-stacked .elementor-drop-cap{background-color:#818a91;color:#fff}.elementor-widget-text-editor.elementor-drop-cap-view-framed .elementor-drop-cap{color:#818a91;border:3px solid;background-color:transparent}.elementor-widget-text-editor:not(.elementor-drop-cap-view-default) .elementor-drop-cap{margin-top:8px}.elementor-widget-text-editor:not(.elementor-drop-cap-view-default) .elementor-drop-cap-letter{width:1em;height:1em}.elementor-widget-text-editor .elementor-drop-cap{float:left;text-align:center;line-height:1;font-size:50px}.elementor-widget-text-editor .elementor-drop-cap-letter{display:inline-block}<\/style>\t\t\t\t<p><b><u>L&rsquo;apprentissage anticip\u00e9 de la conduite<\/u> (AAC) est possible d\u00e8s l&rsquo;\u00e2ge de 15 ans (au lieu de 16 ans).<\/b><\/p>\n<p>L&rsquo;apprentissage comporte :<\/p>\n<ul>\n<li>1\u00e8re phase de formation initiale dispens\u00e9e par l&rsquo;auto-\u00e9cole (code de la route + 20 heures de conduite minimum ou 13 si boite auto)<\/li>\n<li>2nde phase de conduite d&rsquo;1 an au minimum avec un accompagnateur<\/li>\n<\/ul>\n<p>\u00c0 la fin de cette p\u00e9riode, on pourra te pr\u00e9senter d\u00e8s l&rsquo;\u00e2ge de 17 ans \u00e0 l&rsquo;\u00e9preuve pratique du permis de conduire. En r\u00e8gle g\u00e9n\u00e9rale, l&rsquo;exp\u00e9rience gagn\u00e9e lors de cette phase de conduite avec l&rsquo;accompagnateur facilite l&rsquo;obtention du permis avec un taux de r\u00e9ussite de 75% \u00e0 l&rsquo;examen, taux bien sup\u00e9rieur \u00e0 une pr\u00e9sentation sans conduite accompagn\u00e9e.<\/p>\n<p>La dur\u00e9e du permis probatoire est r\u00e9duite, elle est de 2 ans en cas d&rsquo;apprentissage anticip\u00e9 de la conduite, au lieu de 3 ans.<\/p>\n<p><\/p>\t\t\t\t\t\t<\/div>\n\t\t\t\t<\/div>\n\t\t\t\t\t<\/div>\n\t\t<\/div>\n\t\t\t\t<div class=\"elementor-column elementor-col-50 elementor-top-column elementor-element elementor-element-1472532\" data-id=\"1472532\" data-element_type=\"column\">\n\t\t\t<div class=\"elementor-widget-wrap elementor-element-populated\">\n\t\t\t\t\t\t\t\t<div class=\"elementor-element elementor-element-4421269 elementor-widget elementor-widget-text-editor\" data-id=\"4421269\" data-element_type=\"widget\" data-widget_type=\"text-editor.default\">\n\t\t\t\t<div class=\"elementor-widget-container\">\n\t\t\t\t\t\t\t<p><b><u>L&rsquo;apprentissage avec conduite supervis\u00e9e<\/u><\/b> est possible d\u00e8s l&rsquo;\u00e2ge de 18 ans.<\/p>\n<p>L&rsquo;apprentissage comporte :<\/p>\n<ul>\n<li style=\"font-size: 17px;\">1\u00e8re phase de formation initiale dispens\u00e9e par l&rsquo;auto-\u00e9cole (code de la route + 20 heures de conduite minimum ou 13 si boite auto)<\/li>\n<li>2nde phase de conduite supervis\u00e9e avec un accompagnateur<\/li>\n<\/ul>\n<p>Tu peux choisir la phase de conduite supervis\u00e9e apr\u00e8s la formation initiale ou si tu as \u00e9chou\u00e9 \u00e0 l&rsquo;\u00e9preuve pratique de l&rsquo;examen du permis.<\/p>\n<p>La phase de conduite supervis\u00e9e te permet d&rsquo;acqu\u00e9rir de l&rsquo;exp\u00e9rience dans un cadre familial et rassurant, sans frais ni contrainte suppl\u00e9mentaire.<\/p>\n<p>Le d\u00e9lai probatoire reste cependant \u00e0 3 ans car le suivi est moins pouss\u00e9 que l&rsquo;AAC.<\/p>\t\t\t\t\t\t<\/div>\n\t\t\t\t<\/div>\n\t\t\t\t\t<\/div>\n\t\t<\/div>\n\t\t\t\t\t\t\t<\/div>\n\t\t<\/section>\n\t\t\t\t\t\t\t<\/div>\n\t\t","protected":false},"excerpt":{"rendered":"<p>Les conduites accompagn\u00e9es L&rsquo;apprentissage anticip\u00e9 de la conduite (AAC) est possible d\u00e8s l&rsquo;\u00e2ge de 15 ans (au lieu de 16 ans). L&rsquo;apprentissage comporte : 1\u00e8re phase de formation initiale dispens\u00e9e par l&rsquo;auto-\u00e9cole (code de la route + 20 heures de conduite minimum ou 13 si boite auto) 2nde phase de conduite d&rsquo;1 an au minimum &hellip;<\/p>\n<p class=\"read-more\"> <a class=\"\" href=\"https:\/\/brindeconduite.com\/?page_id=896\">  Lire la suite\u00a0\u00bb<\/a><\/p>\n","protected":false},"author":1,"featured_media":0,"parent":0,"menu_order":0,"comment_status":"closed","ping_status":"closed","template":"","meta":{"site-sidebar-layout":"no-sidebar","site-content-layout":"page-builder","ast-global-header-display":"","ast-main-header-display":"","ast-hfb-above-header-display":"","ast-hfb-below-header-display":"","ast-hfb-mobile-header-display":"","site-post-title":"disabled","ast-breadcrumbs-content":"","ast-featured-img":"disabled","footer-sml-layout":"","theme-transparent-header-meta":"","adv-header-id-meta":"","stick-header-meta":"","header-above-stick-meta":"","header-main-stick-meta":"","header-below-stick-meta":""},"_links":{"self":[{"href":"https:\/\/brindeconduite.com\/index.php?rest_route=\/wp\/v2\/pages\/896"}],"collection":[{"href":"https:\/\/brindeconduite.com\/index.php?rest_route=\/wp\/v2\/pages"}],"about":[{"href":"https:\/\/brindeconduite.com\/index.php?rest_route=\/wp\/v2\/types\/page"}],"author":[{"embeddable":true,"href":"https:\/\/brindeconduite.com\/index.php?rest_route=\/wp\/v2\/users\/1"}],"replies":[{"embeddable":true,"href":"https:\/\/brindeconduite.com\/index.php?rest_route=%2Fwp%2Fv2%2Fcomments&post=896"}],"version-history":[{"count":26,"href":"https:\/\/brindeconduite.com\/index.php?rest_route=\/wp\/v2\/pages\/896\/revisions"}],"predecessor-version":[{"id":2193,"href":"https:\/\/brindeconduite.com\/index.php?rest_route=\/wp\/v2\/pages\/896\/revisions\/2193"}],"wp:attachment":[{"href":"https:\/\/brindeconduite.com\/index.php?rest_route=%2Fwp%2Fv2%2Fmedia&parent=896"}],"curies":[{"name":"wp","href":"https:\/\/api.w.org\/{rel}","templated":true}]}}