{"id":840,"date":"2022-12-10T10:25:26","date_gmt":"2022-12-10T10:25:26","guid":{"rendered":"https:\/\/brindeconduite.com\/?page_id=840"},"modified":"2023-10-14T08:16:02","modified_gmt":"2023-10-14T08:16:02","slug":"elementor-840","status":"publish","type":"page","link":"https:\/\/brindeconduite.com\/?page_id=840","title":{"rendered":""},"content":{"rendered":"\t\t<div data-elementor-type=\"wp-page\" data-elementor-id=\"840\" class=\"elementor elementor-840\">\n\t\t\t\t\t\t\t\t\t<section class=\"elementor-section elementor-top-section elementor-element elementor-element-6774c76 elementor-section-full_width elementor-section-height-default elementor-section-height-default\" data-id=\"6774c76\" data-element_type=\"section\">\n\t\t\t\t\t\t<div class=\"elementor-container elementor-column-gap-default\">\n\t\t\t\t\t<div class=\"elementor-column elementor-col-100 elementor-top-column elementor-element elementor-element-442ffa1\" data-id=\"442ffa1\" data-element_type=\"column\">\n\t\t\t<div class=\"elementor-widget-wrap elementor-element-populated\">\n\t\t\t\t\t\t\t\t<div class=\"elementor-element elementor-element-30d6ff0 elementor-widget elementor-widget-text-editor\" data-id=\"30d6ff0\" data-element_type=\"widget\" data-widget_type=\"text-editor.default\">\n\t\t\t\t<div class=\"elementor-widget-container\">\n\t\t\t<style>\/*! elementor - v3.7.2 - 21-08-2022 *\/\n.elementor-widget-text-editor.elementor-drop-cap-view-stacked .elementor-drop-cap{background-color:#818a91;color:#fff}.elementor-widget-text-editor.elementor-drop-cap-view-framed .elementor-drop-cap{color:#818a91;border:3px solid;background-color:transparent}.elementor-widget-text-editor:not(.elementor-drop-cap-view-default) .elementor-drop-cap{margin-top:8px}.elementor-widget-text-editor:not(.elementor-drop-cap-view-default) .elementor-drop-cap-letter{width:1em;height:1em}.elementor-widget-text-editor .elementor-drop-cap{float:left;text-align:center;line-height:1;font-size:50px}.elementor-widget-text-editor .elementor-drop-cap-letter{display:inline-block}<\/style>\t\t\t\t<p>R\u00c8GLEMENT INT\u00c9RIEUR (mis \u00e0 jour le 1er octobre 2023)<br \/>Applicable aux \u00e9l\u00e8ves en formation et \u00e0 toute personne se pr\u00e9sentant \u00e0 l&rsquo;auto-\u00e9cole Brin de Conduite<br \/>PREAMBULE : G\u00e9n\u00e9ralit\u00e9s principales<br \/>\u27a2 respecter tous les \u00e9l\u00e8ves, le personnel, le mat\u00e9riel \u00e0 disposition, les horaires<br \/>\u27a2 stationnement possible devant l\u2019auto-\u00e9cole \u00e0 condition de laisser de la place pour les v\u00e9hicules \u00e9coles, \u00e0 d\u00e9faut, un parking est situ\u00e9 \u00e0 moins de 100m, Place Camille Emon<br \/>\u27a2 en cas d\u2019emp\u00eachement, pr\u00e9venir au moins 48 heures \u00e0 l\u2019avance, \u00e0 d\u00e9faut, la le\u00e7on peut \u00eatre factur\u00e9e<br \/>\u27a2 les RVP en salle se d\u00e9roulent le 1er samedi du mois. Il est demand\u00e9 \u00e0 chaque \u00e9l\u00e8ve de pr\u00e9voir de lib\u00e9rer ce cr\u00e9neau pour \u00eatre pr\u00e9sent<br \/>\u27a2 un examen se pr\u00e9pare et les places\/dates \u00e9tant d\u00e9termin\u00e9es par la Pr\u00e9fecture, d\u00e8s lors que l&rsquo;enseignant valide le niveau pour se pr\u00e9senter \u00e0 l&rsquo;examen pratique, il faut compter environ 1 mois avant d&rsquo;obtenir une date d\u2019examen<br \/>ARTICLE 1 : Champ d&rsquo;application<br \/>Le pr\u00e9sent r\u00e8glement a pour objet de d\u00e9finir les r\u00e8gles relatives \u00e0 l\u2019hygi\u00e8ne et \u00e0 la s\u00e9curit\u00e9, les r\u00e8gles relatives \u00e0 la discipline, les modalit\u00e9s de paiement, le d\u00e9roulement de la formation et des \u00e9preuves, les sanctions applicables aux \u00e9l\u00e8ves et les garanties pour l&rsquo;\u00e9l\u00e8ve. Le pr\u00e9sent r\u00e8glement s&rsquo;applique \u00e0 tous les \u00e9l\u00e8ves inscrits ou toute personne se pr\u00e9sentant \u00e0 notre auto\u00e9cole.<br \/>ARTICLE 2 : Discipline g\u00e9n\u00e9rale<br \/>Comportement g\u00e9n\u00e9ral<br \/>L&rsquo;attitude g\u00e9n\u00e9rale attendue dans les locaux et dans les voitures est une attitude courtoise, bienveillante et respectueuse de tout un chacun. Ainsi, il est notamment demand\u00e9 de respecter :<br \/>&#8211; le personnel, les autres \u00e9l\u00e8ves et toute personne pr\u00e9sente dans les locaux ;<br \/>&#8211; le mat\u00e9riel mis \u00e0 sa disposition (boitier de code, table, chaise, v\u00e9hicule&#8230;). A d\u00e9faut, toute casse pourra \u00eatre factur\u00e9e au candidat ayant d\u00e9grad\u00e9 le mat\u00e9riel ;<br \/>&#8211; les locaux (aucun tag, aucune d\u00e9gradation au mur, au sol&#8230;) ;<br \/>&#8211; le bon d\u00e9roulement de la formation (ne pas faire usage de son t\u00e9l\u00e9phone mobile, qui devra \u00eatre maintenu en mode \u00ab silencieux \u00bb pendant le d\u00e9roulement de la formation, ne pas utiliser d&rsquo;autre mat\u00e9riel autre que celui mis \u00e0 sa disposition, une attitude calme permettant un apprentissage dans les meilleures conditions&#8230;).<br \/>Tenue<br \/>Les \u00e9l\u00e8ves doivent se pr\u00e9senter sur le lieu de formation en tenue correcte et d\u00e9cente. Une hygi\u00e8ne correcte est \u00e9galement demand\u00e9e.<br \/>Horaires et absences<br \/>Il est demand\u00e9 \u00e0 l&rsquo;\u00e9l\u00e8ve d&rsquo;\u00eatre assidu et ponctuel. Il est n\u00e9cessaire de pr\u00e9venir d\u2019un \u00e9ventuel retard ou absence. Toute absence \u00e0 un cours th\u00e9orique ou \u00e0 une le\u00e7on de conduite devra \u00eatre d\u00fbment justifi\u00e9e par \u00e9crit au responsable de l\u2019\u00e9tablissement. Les horaires de l\u2019auto-\u00e9cole sont accessibles sur le site internet brindeconduite.com. Des modifications peuvent se produire pour accompagnement \u00e0 l\u2019examen entre autre, les horaires sont mis \u00e0 jour r\u00e9guli\u00e8rement. Avant tout d\u00e9placement, consulter notre page internet.<br \/>Pour les AAC, les deux rendez-vous p\u00e9dagogiques de bilan en salle se d\u00e9roulent le premier samedi du mois. Il est demand\u00e9 \u00e0 l\u2019\u00e9l\u00e8ve de se rendre disponible pour cette \u00e9ch\u00e9ance, \u00e0 d\u00e9faut, le rendez-vous est report\u00e9 au mois suivant retardant ainsi l\u2019apprentissage, et donc une \u00e9ventuelle pr\u00e9sentation \u00e0 l\u2019examen.<br \/>Acc\u00e8s au lieu de formation<br \/>Sauf autorisation expresse, les \u00e9l\u00e8ves ayant acc\u00e8s au lieu de formation pour suivre un cours ne peuvent y entrer ou y demeurer \u00e0 d\u2019autres fins. Ni faciliter l\u2019introduction de tierces personnes \u00e0 l\u2019\u00e9tablissement.<br \/>Enregistrement<br \/>Il est formellement interdit, sauf d\u00e9rogation expresse, d\u2019enregistrer ou de filmer une formation.<br \/>ARTICLE 3 : Hygi\u00e8ne et S\u00e9curit\u00e9<br \/>Il est interdit aux \u00e9l\u00e8ves :<br \/>&#8211; de fumer ou de vapoter dans les locaux de l\u2019\u00e9tablissement et dans le v\u00e9hicule d&rsquo;enseignement, en application du d\u00e9cret n\u00b0 92-478 du 29\/05\/1992 fixant les conditions d\u2019application de l\u2019interdiction de fumer dans les lieux d\u2019usage collectif ;<br \/>&#8211; d\u2019introduire de la nourriture ou de prendre ses repas dans les locaux de l\u2019\u00e9tablissement, sauf autorisation sp\u00e9ciale donn\u00e9e par le responsable de l\u2019\u00e9tablissement ;<br \/>&#8211; d&rsquo;entrer dans l&rsquo;\u00e9tablissement en \u00e9tat d&rsquo;ivresse, d&rsquo;y introduire des boissons alcoolis\u00e9es, des produits illicites ou dangereux.<br \/>Il est demand\u00e9 aux \u00e9l\u00e8ves de prendre connaissance des affichages dans les locaux (notamment en mati\u00e8re d&rsquo;incendie et d&rsquo;\u00e9vacuation).<br \/>Pertes, Vols, Dommages : l\u2019\u00e9tablissement d\u00e9cline toute responsabilit\u00e9 en cas de perte, vol ou d\u00e9t\u00e9rioration d&rsquo;objets personnels de toute nature survenant dans les locaux de la formation ou dans le v\u00e9hicule. Il appartient \u00e0 chaque \u00e9l\u00e8ve de veiller \u00e0 ses objets personnels.<br \/>Consignes d\u2019incendie : conform\u00e9ment aux articles R 232-12-17 et suivants du code du travail, les consignes d\u2019incendie et notamment un plan de localisation des extincteurs et des issues de secours sont affich\u00e9s dans les locaux de formation de mani\u00e8re \u00e0 \u00eatre connus de tous les \u00e9l\u00e8ves.<br \/>Accidents : tout accident, m\u00eame b\u00e9nin, survenu dans le centre de formation doit \u00eatre imm\u00e9diatement d\u00e9clar\u00e9 par l\u2019\u00e9l\u00e8ve concern\u00e9, ou par tout t\u00e9moin, au responsable de l\u2019\u00e9tablissement.<br \/>Stationnement : pour ne pas g\u00eaner les riverains, mais aussi pour le bon d\u00e9roulement des le\u00e7ons pratiques, il est demand\u00e9 \u00e0 chaque \u00e9l\u00e8ve de se stationner, ou devant l\u2019auto-\u00e9cole en pensant \u00e0 laisser de la place pour la voiture \u00e9cole, ou sur le parking Place Camille Emon situ\u00e9 \u00e0 moins de 100m. Rappelons que tout arr\u00eat ou stationnement sur trottoir est interdit. De m\u00eame face au garage des riverains.<br \/>ARTICLE 4 : Avant-contrat<br \/>Avant toute signature de contrat, et conform\u00e9ment \u00e0 la r\u00e9glementation en vigueur, l&rsquo;auto-\u00e9cole proc\u00e8de \u00e0 une \u00e9valuation de d\u00e9part du candidat. A l&rsquo;issue de cette \u00e9valuation et en fonction du r\u00e9sultat obtenu, une estimation du volume d&rsquo;heures de formation n\u00e9cessaire au candidat est \u00e9tablie. Ce volume horaire est donn\u00e9 \u00e0 titre indicatif, il peut varier au cours de la formation en fonction de l&rsquo;\u00e9volution de l&rsquo;\u00e9l\u00e8ve (de sa motivation, de sa r\u00e9gularit\u00e9, de sa pers\u00e9v\u00e9rance&#8230;). Il est conseill\u00e9 \u00e0 chaque \u00e9l\u00e8ve d&rsquo;\u00eatre acteur de sa formation, d&rsquo;\u00eatre curieux, de s&rsquo;int\u00e9resser \u00e0 la \u00ab culture s\u00e9curit\u00e9 routi\u00e8re \u00bb. Un avenant sera ajout\u00e9 au contrat en cas de d\u00e9passement important envisag\u00e9 du volume horaire pr\u00e9vu lors de l&rsquo;\u00e9valuation pr\u00e9alable.<br \/>Toute inscription ne pourra se faire que conform\u00e9ment aux dispositions l\u00e9gales (\u00e2ge de l&rsquo;\u00e9l\u00e8ve, restrictions m\u00e9dicales&#8230;). Enfin, l&rsquo;\u00e9tablissement a, vis-\u00e0-vis de l&rsquo;\u00e9l\u00e8ve, une obligation de moyen et non de r\u00e9sultat.<br \/>ARTICLE 5 : Le paiement<br \/>Les tarifs conclus lors de la signature du contrat resteront en vigueur 12 mois, sauf dispositions r\u00e9glementaires ind\u00e9pendantes de notre volont\u00e9. Pour l\u2019apprentissage en AAC, ils durent tout au long de la formation jusqu\u2019\u00e0 l\u2019obtention de l\u2019examen. Le paiement est \u00e0 effectuer dans son int\u00e9gralit\u00e9 d\u00e8s l\u2019inscription ou par \u00e9ch\u00e9ances comme indiqu\u00e9es au contrat.<br \/>Pour les formations autres que le B ou l\u2019AAC (AM, acc\u00e9l\u00e9r\u00e9e ou passerelle), le r\u00e8glement doit s\u2019effectuer lors de l\u2019inscription. Dans tous les cas, le solde doit-\u00eatre r\u00e9gl\u00e9 avant l&rsquo;examen pratique ou la d\u00e9livrance de toute attestation, \u00e0 d\u00e9faut, ils seront report\u00e9s. Toute modification dans le contrat initial (AAC \u2192 B, B \u2192 B78&#8230;) entra\u00eenera une facturation.<br \/>ARTICLE 6 : Modalit\u00e9 de r\u00e9servation des le\u00e7ons<br \/>La r\u00e9servation des le\u00e7ons (th\u00e9oriques ou pratiques) se fera mois par mois pour que chaque \u00e9l\u00e8ve ait une bonne visibilit\u00e9 sur son emploi du temps. Il est demand\u00e9 de r\u00e9server ses le\u00e7ons dans la derni\u00e8re semaine du mois pr\u00e9c\u00e9dant les dates souhait\u00e9es (ex : pour obtenir des le\u00e7ons en avril, il faut r\u00e9server \u00e0 partir de la derni\u00e8re semaine de mars). A noter qu\u2019en fonction de l&rsquo;affluence, toute r\u00e9servation effectu\u00e9e en retard (pour le mois m\u00eame) peut ne pas \u00eatre assur\u00e9e.<br \/>Et par souci d&rsquo;\u00e9quit\u00e9, toute le\u00e7on non d\u00e9command\u00e9e 48h \u00e0 l&rsquo;avance sera consid\u00e9r\u00e9e comme due, sauf motif l\u00e9gitime d\u00fbment justifi\u00e9 par \u00e9crit (pensez aux autres \u00e9l\u00e8ves en attente de le\u00e7ons). L&rsquo;annulation devra se faire soit par t\u00e9l\u00e9phone aux horaires d&rsquo;ouverture de l&rsquo;\u00e9tablissement, soit par courriel.<br \/>ARTICLE 7 : D\u00e9roulement des le\u00e7ons th\u00e9oriques<br \/>Le code de la route est vaste. Pour d\u00e9buter son apprentissage th\u00e9orique, Brin de Conduite met en place un cours d\u2019introduction au code. Ce cours sera propos\u00e9 \u00e0 l\u2019\u00e9l\u00e8ve lors de son inscription. Sa pr\u00e9sence est fortement conseill\u00e9e car ce cours va permettre de faire connaissance avec l\u2019enseignant, de d\u00e9couvrir les outils p\u00e9dagogiques \u00e0 disposition de l\u2019\u00e9l\u00e8ve, de d\u00e9grossir le code, de comprendre les enjeux de la formation et d\u2019avoir des explications sur l\u2019\u00e9preuve th\u00e9orique g\u00e9n\u00e9rale.<br \/>De plus, Brin de Conduite vous propose un panel complet de solutions et d\u2019accompagnements pour comprendre, apprendre et r\u00e9ussir le code. Voici notre formation au code :<br \/>-entrainement \u00e0 l&rsquo;\u00e9preuve th\u00e9orique g\u00e9n\u00e9rale : entrainement collectif via vid\u00e9o-projecteur sur \u00e9cran g\u00e9ant, utilisation de boitier avec un historique de l&rsquo;\u00e9volution de l&rsquo;\u00e9l\u00e8ve. Chaque th\u00e8me est d\u00e9taill\u00e9 pour \u00e9laborer des s\u00e9ances de r\u00e9visions. Entrainements en toute autonomie qui se d\u00e9roulent aux horaires d&rsquo;ouverture de l&rsquo;auto-\u00e9cole ;<br \/>-cours th\u00e9matique du code et de la s\u00e9curit\u00e9 routi\u00e8re : le\u00e7on abordant des th\u00e8mes sp\u00e9cifiques, en pr\u00e9sence d&rsquo;un enseignant, individualisant ainsi les questionnements de l&rsquo;\u00e9l\u00e8ve. L\u2019\u00e9l\u00e8ve y a acc\u00e8s en r\u00e9servant son cr\u00e9neau \u00e0 l\u2019accueil. Cours possible aussi par visio, \u00e0 pr\u00e9ciser lors de la r\u00e9servation ;<br \/>-e-learning : acc\u00e8s individuel \u00e0 distance \u00e0 des entrainements au code, via internet.<br \/>Ces solutions sont compl\u00e9mentaires et permettront \u00e0 l\u2019\u00e9l\u00e8ve d\u2019avoir un vrai suivi.<br \/>ARTICLE 8 : D\u00e9roulement des le\u00e7ons pratiques<br \/>La le\u00e7on de conduite dure 1 heure et se d\u00e9roule comme suit : environ 5 minutes d&rsquo;installation, de briefing, d&rsquo;identification de l&rsquo;objectif, 50 minutes de cours sur route, avec des arr\u00eats p\u00e9dagogiques possibles, et environ 5 minutes de d\u00e9briefing et d&rsquo;identification du prochain objectif, avec des r\u00e9visions possibles \u00e0 faire \u00e0 la maison. <br \/>Tenue<br \/>Il est demand\u00e9 \u00e0 l&rsquo;\u00e9l\u00e8ve d&rsquo;avoir une tenue permettant une bonne accessibilit\u00e9 aux commandes (chaussures ferm\u00e9es et semelles souples, pas trop \u00e9paisses\u2026). Porteur de lunettes, veillez \u00e0 ne pas les oublier. Tout \u00e9l\u00e8ve doit apporter son livret d&rsquo;apprentissage \u00e0 chaque le\u00e7on. Tout manquement pourra entra\u00eener l&rsquo;annulation de la le\u00e7on, qui sera factur\u00e9e, pour non-respect de la s\u00e9curit\u00e9.<br \/>Lieu de d\u00e9part et de retour de la le\u00e7on<br \/>Il est possible de modifier le lieu du d\u00e9but et de fin de la le\u00e7on (lyc\u00e9e, centre-ville&#8230;), \u00e0 condition de le signaler lors des prises de rendez-vous et de faire preuve d&rsquo;indulgence en cas de l\u00e9ger retard (le temps de faire le d\u00e9placement). Par d\u00e9faut, sans pr\u00e9cision de l&rsquo;\u00e9l\u00e8ve, le lieu de rendez-vous sera \u00e0 l&rsquo;auto-\u00e9cole.<br \/>P\u00e9dagogie<br \/>L&rsquo;\u00e9l\u00e8ve est tenu de suivre les directives de l&rsquo;enseignant. Ce dernier est d\u00e9cisionnaire du parcours, de l&rsquo;objectif de la le\u00e7on et des moyens p\u00e9dagogiques \u00e0 mettre en \u0153uvre. Tout d\u00e9saccord devra \u00eatre signal\u00e9 au responsable de l&rsquo;\u00e9tablissement.<br \/>ARTICLE 9 : Conditions et d\u00e9roulement de l&rsquo;examen th\u00e9orique<br \/>L&rsquo;inscription \u00e0 l&rsquo;examen th\u00e9orique g\u00e9n\u00e9ral est faite par l\u2019\u00e9l\u00e8ve aupr\u00e8s de l\u2019op\u00e9rateur de son choix. Une redevance de 30\u20ac est demand\u00e9e pour chaque pr\u00e9sentation \u00e0 l&rsquo;\u00e9preuve th\u00e9orique, \u00e0 r\u00e9gler directement \u00e0 l\u2019op\u00e9rateur lors de l\u2019inscription \u00e0 l\u2019examen. L&rsquo;\u00e9l\u00e8ve se rend au Centre d&rsquo;Examen par ses propres moyens. Se r\u00e9f\u00e9rer au r\u00e8glement de l\u2019op\u00e9rateur pour passer son code et conna\u00eetre toutes les r\u00e8gles du passage de l&rsquo;examen th\u00e9orique, dont voici quelques extraits :<br \/>-Validation de l&rsquo;inscription apr\u00e8s r\u00e8glement de la redevance,<br \/>-Une fois confirm\u00e9e, votre convocation vous sera d\u00e9livr\u00e9e par mail,<br \/>-Se pr\u00e9senter 15 minutes avant le d\u00e9but de l\u2019\u00e9preuve avec sa convocation et une pi\u00e8ce d\u2019identit\u00e9 valide,<br \/>-L\u2019examen dure 30 min environ et les r\u00e9sultats sont envoy\u00e9s sous 2 heures en moyenne (week-ends et jours f\u00e9ri\u00e9s non inclus).<br \/>ARTICLE 10 : Conditions et d\u00e9roulement de l&rsquo;examen pratique<br \/>L&rsquo;inscription et l&rsquo;accompagnement* \u00e0 l&rsquo;examen pratique seront faits par l&rsquo;auto-\u00e9cole en respectant les conditions suivantes :<br \/>&#8211; \u00eatre en accord avec la r\u00e9glementation en vigueur (avoir suivi la dur\u00e9e minimale de formation exig\u00e9e par la loi, avoir l&rsquo;\u00e2ge minimum obligatoire&#8230;) ;<br \/>&#8211; avoir r\u00e9ussi l&rsquo;\u00e9preuve th\u00e9orique g\u00e9n\u00e9rale ;<br \/>&#8211; apr\u00e8s la validation des quatre comp\u00e9tences de formation pratique ;<br \/>&#8211; sous r\u00e9serve d&rsquo;un niveau satisfaisant (\u00e0 la suite d&rsquo;un examen blanc favorable par exemple).<br \/>En cas de d\u00e9saccord sur le niveau de l\u2019\u00e9l\u00e8ve pour se pr\u00e9senter \u00e0 l\u2019\u00e9preuve, il est possible d\u2019effectuer un examen blanc en pr\u00e9sence d\u2019un accompagnateur choisi par l\u2019\u00e9l\u00e8ve. Et si malgr\u00e9 tout le candidat souhaite se pr\u00e9senter \u00e0 l\u2019examen, sans l&rsquo;accord de l&rsquo;enseignant (pour un niveau insuffisant par exemple), il se verra pr\u00e9senter \u00e0 l&rsquo;\u00e9preuve en question, apr\u00e8s signature d&rsquo;une d\u00e9charge. En cas d&rsquo;\u00e9chec, l&rsquo;\u00e9tablissement se r\u00e9serve le droit de ne pas reprendre le dossier de l\u2019\u00e9l\u00e8ve. A noter \u00e9galement que suite \u00e0 l&rsquo;\u00e9chec \u00e0 l&rsquo;examen pratique et selon la qualit\u00e9 de la prestation du candidat, l&rsquo;inspecteur du permis de conduire \u00e9tablira un d\u00e9lai de non-repr\u00e9sentation qui est incompressible. L&rsquo;auto\u00e9cole ne pourra pas vous r\u00e9inscrire avant ce d\u00e9lai. L&rsquo;inscription aux examens \u00e9tant conditionn\u00e9e aux places attribu\u00e9es \u00e0 l&rsquo;auto-\u00e9cole par la Pr\u00e9fecture, il faut compter environ UN mois entre la fin de formation et l\u2019inscription \u00e0 l\u2019examen. Et l&rsquo;auto-\u00e9cole priorise les \u00e9l\u00e8ves qui se pr\u00e9sentent pour la premi\u00e8re fois \u00e0 l&rsquo;examen. L&rsquo;\u00e9l\u00e8ve doit se pr\u00e9senter \u00e0 l&rsquo;examen avec son livret d&rsquo;apprentissage correctement renseign\u00e9 et une pi\u00e8ce d&rsquo;identit\u00e9 valide (attention, les duplicatas de perte ou de vol ne sont pas accept\u00e9s). L\u2019acc\u00e8s au centre d\u2019examen se fait \u00e0 pieds, le parking est interdit \u00e0 tout v\u00e9hicule autre que les v\u00e9hicules \u00e9coles.<br \/>*L\u2019accompagnement comprend la pr\u00e9paration et la mise \u00e0 disposition du v\u00e9hicule \u00e9cole pour le candidat ainsi que la pr\u00e9sence effective d\u2019un membre de l\u2019auto-\u00e9cole durant toute l\u2019\u00e9preuve. L\u2019accompagnement ne comprend pas le transport du candidat au Centre d\u2019Examen. Le candidat devra s\u2019y rendre par ses propres moyens.<br \/>ARTICLE 11 : Sanctions<br \/>Tout manquement de l\u2019\u00e9l\u00e8ve \u00e0 l\u2019une des dispositions du pr\u00e9sent r\u00e8glement int\u00e9rieur fera l&rsquo;objet d&rsquo;un avertissement oral ou \u00e9crit. Et pourra, en fonction de sa nature et de sa gravit\u00e9, faire l&rsquo;objet de l&rsquo;une ou de l&rsquo;autre des sanctions ci-apr\u00e8s d\u00e9sign\u00e9es :<br \/>&#8211; suspension provisoire (de l&rsquo;abonnement au e-learning par exemple, d&rsquo;acc\u00e8s la salle de code&#8230;) ;<br \/>&#8211; exclusion d\u00e9finitive.<br \/>L&rsquo;exclusion d\u00e9finitive d&rsquo;un \u00e9l\u00e8ve peut \u00eatre d\u00e9cid\u00e9 \u00e0 tout moment du cursus de formation, pour l&rsquo;un des motifs suivants :<br \/>&#8211; manquement grave aux exigences d&rsquo;hygi\u00e8ne et de s\u00e9curit\u00e9 ;<br \/>&#8211; non-paiement des frais de formation dans les d\u00e9lais pr\u00e9vus ci-dessus ;<br \/>&#8211; attitude r\u00e9p\u00e9t\u00e9e emp\u00eachant le bon d\u00e9roulement de la formation ou celle des autres ;<br \/>&#8211; \u00e9valuation par l&rsquo;\u00e9quipe p\u00e9dagogique de l&rsquo;inaptitude de l\u2019\u00e9l\u00e8ve pour la formation concern\u00e9e ;<br \/>&#8211; en cas d&rsquo;\u00e9chec \u00e0 l&rsquo;examen pratique, sans l&rsquo;accord de l&rsquo;auto-\u00e9cole pour un niveau insuffisant av\u00e9r\u00e9.<br \/>ARTICLE 12 : Garanties<br \/>L&rsquo;auto-\u00e9cole s&rsquo;engage \u00e0 \u00eatre \u00e0 vos c\u00f4t\u00e9s tout au long de votre apprentissage. Par la mise \u00e0 disposition de moyens p\u00e9dagogiques adapt\u00e9s et \u00e0 jour (cadre sain, livret mis \u00e0 jour, e-learning, v\u00e9hicule r\u00e9cent&#8230;), par une p\u00e9dagogie de qualit\u00e9 et exigeante, mais \u00e0 votre rythme et par un relationnel doux et \u00e0 l&rsquo;esprit familial. L&rsquo;auto-\u00e9cole s&rsquo;assurera toujours de prendre toutes les dispositions utiles pour votre s\u00e9curit\u00e9 et pour le meilleur apprentissage possible de tous, en terme d&rsquo;assurances (auto, local, responsabilit\u00e9 civile&#8230;), de formations du personnel (titre professionnel \u00e0 jour, veille juridique et r\u00e9glementaire), d&rsquo;hygi\u00e8ne des locaux et des v\u00e9hicules&#8230;<br \/>L\u2019auto-\u00e9cole s\u2019est \u00e9galement dot\u00e9e d\u2019une garantie financi\u00e8re permettant, en cas de d\u00e9faillance, un remboursement des frais engag\u00e9s par l\u2019\u00e9l\u00e8ve. Toutes les informations sur la garantie financi\u00e8re sont disponibles en agence ou dans votre contrat.<br \/>L&rsquo;auto-\u00e9cole s&rsquo;engage aupr\u00e8s de l&rsquo;\u00e9l\u00e8ve \u00e0 ce qu&rsquo;il ait un acc\u00e8s \u00e0 son dossier personnel (ses attestations, sa fiche de suivi p\u00e9dagogique, sa facturation). Et son dossier lui appartenant, il lui sera restitu\u00e9 \u00e0 sa demande. Remise sans aucun frais, sous r\u00e9serve d&rsquo;avoir sold\u00e9 toutes les factures des prestations d\u00e9j\u00e0 effectu\u00e9es.<br \/>En cas de litige, et malgr\u00e9 un recours \u00e0 l&rsquo;amiable, vous pourrez vous adresser \u00e0 un m\u00e9diateur ind\u00e9pendant via un formulaire de saisine en ligne sur www.mediateur.fna.fr, par courrier sis Immeuble Axa Nord 9-11 avenue Michelet 93583 Saint Ouen Cedex, par t\u00e9l\u00e9phone au 0140111296 ou par courriel : fnaainfos@fna.fr. Avant de saisir le m\u00e9diateur, l&rsquo;\u00e9l\u00e8ve doit avoir adress\u00e9 au pr\u00e9alable une r\u00e9clamation \u00e9crite \u00e0 l&rsquo;\u00e9cole de conduite. Il doit saisir le m\u00e9diateur dans le d\u00e9lai d&rsquo;un an maximum \u00e0 compter de sa r\u00e9clamation \u00e9crite.<\/p>\t\t\t\t\t\t<\/div>\n\t\t\t\t<\/div>\n\t\t\t\t\t<\/div>\n\t\t<\/div>\n\t\t\t\t\t\t\t<\/div>\n\t\t<\/section>\n\t\t\t\t\t\t\t<\/div>\n\t\t","protected":false},"excerpt":{"rendered":"<p>R\u00c8GLEMENT INT\u00c9RIEUR (mis \u00e0 jour le 1er octobre 2023)Applicable aux \u00e9l\u00e8ves en formation et \u00e0 toute personne se pr\u00e9sentant \u00e0 l&rsquo;auto-\u00e9cole Brin de ConduitePREAMBULE : G\u00e9n\u00e9ralit\u00e9s principales\u27a2 respecter tous les \u00e9l\u00e8ves, le personnel, le mat\u00e9riel \u00e0 disposition, les horaires\u27a2 stationnement possible devant l\u2019auto-\u00e9cole \u00e0 condition de laisser de la place pour les v\u00e9hicules \u00e9coles, \u00e0 &hellip;<\/p>\n<p class=\"read-more\"> <a class=\"\" href=\"https:\/\/brindeconduite.com\/?page_id=840\">  Lire la suite\u00a0\u00bb<\/a><\/p>\n","protected":false},"author":1,"featured_media":0,"parent":0,"menu_order":9,"comment_status":"closed","ping_status":"closed","template":"","meta":{"site-sidebar-layout":"no-sidebar","site-content-layout":"page-builder","ast-global-header-display":"","ast-main-header-display":"","ast-hfb-above-header-display":"","ast-hfb-below-header-display":"","ast-hfb-mobile-header-display":"","site-post-title":"disabled","ast-breadcrumbs-content":"","ast-featured-img":"disabled","footer-sml-layout":"","theme-transparent-header-meta":"","adv-header-id-meta":"","stick-header-meta":"","header-above-stick-meta":"","header-main-stick-meta":"","header-below-stick-meta":""},"_links":{"self":[{"href":"https:\/\/brindeconduite.com\/index.php?rest_route=\/wp\/v2\/pages\/840"}],"collection":[{"href":"https:\/\/brindeconduite.com\/index.php?rest_route=\/wp\/v2\/pages"}],"about":[{"href":"https:\/\/brindeconduite.com\/index.php?rest_route=\/wp\/v2\/types\/page"}],"author":[{"embeddable":true,"href":"https:\/\/brindeconduite.com\/index.php?rest_route=\/wp\/v2\/users\/1"}],"replies":[{"embeddable":true,"href":"https:\/\/brindeconduite.com\/index.php?rest_route=%2Fwp%2Fv2%2Fcomments&post=840"}],"version-history":[{"count":77,"href":"https:\/\/brindeconduite.com\/index.php?rest_route=\/wp\/v2\/pages\/840\/revisions"}],"predecessor-version":[{"id":2140,"href":"https:\/\/brindeconduite.com\/index.php?rest_route=\/wp\/v2\/pages\/840\/revisions\/2140"}],"wp:attachment":[{"href":"https:\/\/brindeconduite.com\/index.php?rest_route=%2Fwp%2Fv2%2Fmedia&parent=840"}],"curies":[{"name":"wp","href":"https:\/\/api.w.org\/{rel}","templated":true}]}}