{"id":83,"date":"2022-07-27T09:11:58","date_gmt":"2022-07-27T09:11:58","guid":{"rendered":"https:\/\/brindeconduite.com\/?page_id=83"},"modified":"2023-07-10T17:48:07","modified_gmt":"2023-07-10T17:48:07","slug":"leducation-routiere","status":"publish","type":"page","link":"https:\/\/brindeconduite.com\/?page_id=83","title":{"rendered":"Enjeux de la formation"},"content":{"rendered":"\t\t<div data-elementor-type=\"wp-page\" data-elementor-id=\"83\" class=\"elementor elementor-83\">\n\t\t\t\t\t\t\t\t\t<section class=\"elementor-section elementor-top-section elementor-element elementor-element-d9fc3a4 elementor-section-boxed elementor-section-height-default elementor-section-height-default\" data-id=\"d9fc3a4\" data-element_type=\"section\">\n\t\t\t\t\t\t<div class=\"elementor-container elementor-column-gap-default\">\n\t\t\t\t\t<div class=\"elementor-column elementor-col-50 elementor-top-column elementor-element elementor-element-712aff7\" data-id=\"712aff7\" data-element_type=\"column\">\n\t\t\t<div class=\"elementor-widget-wrap elementor-element-populated\">\n\t\t\t\t\t\t\t\t<div class=\"elementor-element elementor-element-c099438 elementor-widget elementor-widget-text-editor\" data-id=\"c099438\" data-element_type=\"widget\" data-widget_type=\"text-editor.default\">\n\t\t\t\t<div class=\"elementor-widget-container\">\n\t\t\t<style>\/*! elementor - v3.7.2 - 21-08-2022 *\/\n.elementor-widget-text-editor.elementor-drop-cap-view-stacked .elementor-drop-cap{background-color:#818a91;color:#fff}.elementor-widget-text-editor.elementor-drop-cap-view-framed .elementor-drop-cap{color:#818a91;border:3px solid;background-color:transparent}.elementor-widget-text-editor:not(.elementor-drop-cap-view-default) .elementor-drop-cap{margin-top:8px}.elementor-widget-text-editor:not(.elementor-drop-cap-view-default) .elementor-drop-cap-letter{width:1em;height:1em}.elementor-widget-text-editor .elementor-drop-cap{float:left;text-align:center;line-height:1;font-size:50px}.elementor-widget-text-editor .elementor-drop-cap-letter{display:inline-block}<\/style>\t\t\t\t<p>Acc\u00e9der \u00e0 l&rsquo;usage de la route n\u00e9cessite une d\u00e9marche \u00e9ducative exigeante dont les enjeux en termes de s\u00e9curit\u00e9 routi\u00e8re sont de premi\u00e8re importance.<br clear=\"none\" \/>Dans le cadre des objectifs de s\u00e9curit\u00e9 routi\u00e8re fix\u00e9s au niveau europ\u00e9en, la France a obtenu une baisse significative de la mortalit\u00e9 routi\u00e8re. Toutefois, compte tenu du nombre encore important de victimes sur les routes, l&rsquo;effort engag\u00e9 doit \u00eatre poursuivi, notamment par le renforcement de l&rsquo;\u00e9ducation.<\/p>\t\t\t\t\t\t<\/div>\n\t\t\t\t<\/div>\n\t\t\t\t\t<\/div>\n\t\t<\/div>\n\t\t\t\t<div class=\"elementor-column elementor-col-50 elementor-top-column elementor-element elementor-element-ecd51c8\" data-id=\"ecd51c8\" data-element_type=\"column\">\n\t\t\t<div class=\"elementor-widget-wrap elementor-element-populated\">\n\t\t\t\t\t\t\t\t<div class=\"elementor-element elementor-element-4e52eb9 elementor-widget elementor-widget-image\" data-id=\"4e52eb9\" data-element_type=\"widget\" data-widget_type=\"image.default\">\n\t\t\t\t<div class=\"elementor-widget-container\">\n\t\t\t<style>\/*! elementor - v3.7.2 - 21-08-2022 *\/\n.elementor-widget-image{text-align:center}.elementor-widget-image a{display:inline-block}.elementor-widget-image a img[src$=\".svg\"]{width:48px}.elementor-widget-image img{vertical-align:middle;display:inline-block}<\/style>\t\t\t\t\t\t\t\t\t\t\t\t<img width=\"263\" height=\"253\" src=\"https:\/\/brindeconduite.com\/wp-content\/uploads\/2023\/04\/enfant.png\" class=\"attachment-large size-large\" alt=\"\" loading=\"lazy\" \/>\t\t\t\t\t\t\t\t\t\t\t\t\t\t\t<\/div>\n\t\t\t\t<\/div>\n\t\t\t\t\t<\/div>\n\t\t<\/div>\n\t\t\t\t\t\t\t<\/div>\n\t\t<\/section>\n\t\t\t\t<section class=\"elementor-section elementor-top-section elementor-element elementor-element-d40abac elementor-section-boxed elementor-section-height-default elementor-section-height-default\" data-id=\"d40abac\" data-element_type=\"section\">\n\t\t\t\t\t\t<div class=\"elementor-container elementor-column-gap-default\">\n\t\t\t\t\t<div class=\"elementor-column elementor-col-50 elementor-top-column elementor-element elementor-element-fa55288\" data-id=\"fa55288\" data-element_type=\"column\">\n\t\t\t<div class=\"elementor-widget-wrap elementor-element-populated\">\n\t\t\t\t\t\t\t\t<div class=\"elementor-element elementor-element-6c006a6 elementor-widget elementor-widget-image\" data-id=\"6c006a6\" data-element_type=\"widget\" data-widget_type=\"image.default\">\n\t\t\t\t<div class=\"elementor-widget-container\">\n\t\t\t\t\t\t\t\t\t\t\t\t\t\t\t<img width=\"211\" height=\"199\" src=\"https:\/\/brindeconduite.com\/wp-content\/uploads\/2023\/04\/jeune.png\" class=\"attachment-large size-large\" alt=\"\" loading=\"lazy\" \/>\t\t\t\t\t\t\t\t\t\t\t\t\t\t\t<\/div>\n\t\t\t\t<\/div>\n\t\t\t\t\t<\/div>\n\t\t<\/div>\n\t\t\t\t<div class=\"elementor-column elementor-col-50 elementor-top-column elementor-element elementor-element-66adb49\" data-id=\"66adb49\" data-element_type=\"column\">\n\t\t\t<div class=\"elementor-widget-wrap elementor-element-populated\">\n\t\t\t\t\t\t\t\t<div class=\"elementor-element elementor-element-9696736 elementor-widget elementor-widget-text-editor\" data-id=\"9696736\" data-element_type=\"widget\" data-widget_type=\"text-editor.default\">\n\t\t\t\t<div class=\"elementor-widget-container\">\n\t\t\t\t\t\t\t<p>Ainsi, de grands enjeux \u00e9ducatifs portent particuli\u00e8rement sur :<br \/>-l\u2019accidentalit\u00e9 des jeunes de 14 \u00e0 25 ans ;<br \/>-l\u2019accidentalit\u00e9 li\u00e9e \u00e0 l\u2019usage de deux-roues motoris\u00e9s ;<br \/>-la s\u00e9curit\u00e9 des usagers vuln\u00e9rables ;<br \/>-la lutte contre l\u2019usage de substances psycho-actives associ\u00e9 \u00e0 la mobilit\u00e9 ;<br \/>-la poursuite de la baisse des vitesses moyennes enregistr\u00e9es ;<br \/>-la mobilit\u00e9 durable et citoyenne ;<br \/>-le risque routier professionnel ;<br \/>-le vieillissement de la population.<\/p>\t\t\t\t\t\t<\/div>\n\t\t\t\t<\/div>\n\t\t\t\t\t<\/div>\n\t\t<\/div>\n\t\t\t\t\t\t\t<\/div>\n\t\t<\/section>\n\t\t\t\t<section class=\"elementor-section elementor-top-section elementor-element elementor-element-c4c3c09 elementor-section-boxed elementor-section-height-default elementor-section-height-default\" data-id=\"c4c3c09\" data-element_type=\"section\">\n\t\t\t\t\t\t<div class=\"elementor-container elementor-column-gap-default\">\n\t\t\t\t\t<div class=\"elementor-column elementor-col-50 elementor-top-column elementor-element elementor-element-84c9462\" data-id=\"84c9462\" data-element_type=\"column\">\n\t\t\t<div class=\"elementor-widget-wrap elementor-element-populated\">\n\t\t\t\t\t\t\t\t<div class=\"elementor-element elementor-element-e13b568 elementor-widget elementor-widget-text-editor\" data-id=\"e13b568\" data-element_type=\"widget\" data-widget_type=\"text-editor.default\">\n\t\t\t\t<div class=\"elementor-widget-container\">\n\t\t\t\t\t\t\t<p>L\u2019\u00e9volution des connaissances, des comportements et du contexte soci\u00e9tal dans le domaine de l\u2019ins\u00e9curit\u00e9 routi\u00e8re justifie un r\u00e9f\u00e9rentiel de comp\u00e9tences qui constitue le socle commun de tout programme d\u2019\u00e9ducation et de formation.<\/p>\t\t\t\t\t\t<\/div>\n\t\t\t\t<\/div>\n\t\t\t\t\t<\/div>\n\t\t<\/div>\n\t\t\t\t<div class=\"elementor-column elementor-col-50 elementor-top-column elementor-element elementor-element-39e524f\" data-id=\"39e524f\" data-element_type=\"column\">\n\t\t\t<div class=\"elementor-widget-wrap elementor-element-populated\">\n\t\t\t\t\t\t\t\t<div class=\"elementor-element elementor-element-16acb66 elementor-widget elementor-widget-image\" data-id=\"16acb66\" data-element_type=\"widget\" data-widget_type=\"image.default\">\n\t\t\t\t<div class=\"elementor-widget-container\">\n\t\t\t\t\t\t\t\t\t\t\t\t\t\t\t<img width=\"214\" height=\"200\" src=\"https:\/\/brindeconduite.com\/wp-content\/uploads\/2023\/04\/40-ans.png\" class=\"attachment-large size-large\" alt=\"\" loading=\"lazy\" \/>\t\t\t\t\t\t\t\t\t\t\t\t\t\t\t<\/div>\n\t\t\t\t<\/div>\n\t\t\t\t\t<\/div>\n\t\t<\/div>\n\t\t\t\t\t\t\t<\/div>\n\t\t<\/section>\n\t\t\t\t<section class=\"elementor-section elementor-top-section elementor-element elementor-element-6e96b68 elementor-section-boxed elementor-section-height-default elementor-section-height-default\" data-id=\"6e96b68\" data-element_type=\"section\">\n\t\t\t\t\t\t<div class=\"elementor-container elementor-column-gap-default\">\n\t\t\t\t\t<div class=\"elementor-column elementor-col-50 elementor-top-column elementor-element elementor-element-0e32d01\" data-id=\"0e32d01\" data-element_type=\"column\">\n\t\t\t<div class=\"elementor-widget-wrap elementor-element-populated\">\n\t\t\t\t\t\t\t\t<div class=\"elementor-element elementor-element-4fdaf83 elementor-widget elementor-widget-image\" data-id=\"4fdaf83\" data-element_type=\"widget\" data-widget_type=\"image.default\">\n\t\t\t\t<div class=\"elementor-widget-container\">\n\t\t\t\t\t\t\t\t\t\t\t\t\t\t\t<img width=\"214\" height=\"200\" src=\"https:\/\/brindeconduite.com\/wp-content\/uploads\/2023\/04\/vieux.png\" class=\"attachment-large size-large\" alt=\"\" loading=\"lazy\" \/>\t\t\t\t\t\t\t\t\t\t\t\t\t\t\t<\/div>\n\t\t\t\t<\/div>\n\t\t\t\t\t<\/div>\n\t\t<\/div>\n\t\t\t\t<div class=\"elementor-column elementor-col-50 elementor-top-column elementor-element elementor-element-14344ce\" data-id=\"14344ce\" data-element_type=\"column\">\n\t\t\t<div class=\"elementor-widget-wrap elementor-element-populated\">\n\t\t\t\t\t\t\t\t<div class=\"elementor-element elementor-element-e46af4e elementor-widget elementor-widget-text-editor\" data-id=\"e46af4e\" data-element_type=\"widget\" data-widget_type=\"text-editor.default\">\n\t\t\t\t<div class=\"elementor-widget-container\">\n\t\t\t\t\t\t\t<p style=\"font-size: 17px; font-style: normal;\">Le r\u00e9f\u00e9rentiel pour l\u2019\u00e9ducation \u00e0 une mobilit\u00e9 citoyenne (REMC) concerne principalement les enseignants qui, de l\u2019\u00e2ge de la maternelle \u00e0 la phase de l\u2019apr\u00e8s-permis, peuvent participer de pr\u00e8s ou de loin \u00e0 l\u2019\u00e9ducation de l\u2019usager. Il s\u2019agit donc de p\u00e9dagogues de l\u2019\u00e9ducation nationale, de diff\u00e9rents milieux associatifs et parascolaires, et des professionnels de l\u2019enseignement de la conduite et de la s\u00e9curit\u00e9 routi\u00e8re.<\/p>\t\t\t\t\t\t<\/div>\n\t\t\t\t<\/div>\n\t\t\t\t\t<\/div>\n\t\t<\/div>\n\t\t\t\t\t\t\t<\/div>\n\t\t<\/section>\n\t\t\t\t<section class=\"elementor-section elementor-top-section elementor-element elementor-element-15d2dd5 elementor-section-boxed elementor-section-height-default elementor-section-height-default\" data-id=\"15d2dd5\" data-element_type=\"section\">\n\t\t\t\t\t\t<div class=\"elementor-container elementor-column-gap-default\">\n\t\t\t\t\t<div class=\"elementor-column elementor-col-100 elementor-top-column elementor-element elementor-element-8b919d7\" data-id=\"8b919d7\" data-element_type=\"column\">\n\t\t\t<div class=\"elementor-widget-wrap elementor-element-populated\">\n\t\t\t\t\t\t\t\t<div class=\"elementor-element elementor-element-73cba48 elementor-widget elementor-widget-text-editor\" data-id=\"73cba48\" data-element_type=\"widget\" data-widget_type=\"text-editor.default\">\n\t\t\t\t<div class=\"elementor-widget-container\">\n\t\t\t\t\t\t\t<p>L\u2019objectif g\u00e9n\u00e9ral est d\u2019amener tout usager de la route \u00e0 la ma\u00eetrise de comp\u00e9tences en termes de savoir-\u00eatre, savoirs, savoir-faire et savoir-devenir.<\/p>\t\t\t\t\t\t<\/div>\n\t\t\t\t<\/div>\n\t\t\t\t\t<\/div>\n\t\t<\/div>\n\t\t\t\t\t\t\t<\/div>\n\t\t<\/section>\n\t\t\t\t\t\t\t<\/div>\n\t\t","protected":false},"excerpt":{"rendered":"<p>Acc\u00e9der \u00e0 l&rsquo;usage de la route n\u00e9cessite une d\u00e9marche \u00e9ducative exigeante dont les enjeux en termes de s\u00e9curit\u00e9 routi\u00e8re sont de premi\u00e8re importance.Dans le cadre des objectifs de s\u00e9curit\u00e9 routi\u00e8re fix\u00e9s au niveau europ\u00e9en, la France a obtenu une baisse significative de la mortalit\u00e9 routi\u00e8re. Toutefois, compte tenu du nombre encore important de victimes sur &hellip;<\/p>\n<p class=\"read-more\"> <a class=\"\" href=\"https:\/\/brindeconduite.com\/?page_id=83\"> <span class=\"screen-reader-text\">Enjeux de la formation<\/span> Lire la suite\u00a0\u00bb<\/a><\/p>\n","protected":false},"author":1,"featured_media":0,"parent":0,"menu_order":2,"comment_status":"closed","ping_status":"closed","template":"","meta":{"site-sidebar-layout":"no-sidebar","site-content-layout":"page-builder","ast-global-header-display":"","ast-main-header-display":"","ast-hfb-above-header-display":"","ast-hfb-below-header-display":"","ast-hfb-mobile-header-display":"","site-post-title":"disabled","ast-breadcrumbs-content":"","ast-featured-img":"disabled","footer-sml-layout":"","theme-transparent-header-meta":"","adv-header-id-meta":"","stick-header-meta":"","header-above-stick-meta":"","header-main-stick-meta":"","header-below-stick-meta":""},"_links":{"self":[{"href":"https:\/\/brindeconduite.com\/index.php?rest_route=\/wp\/v2\/pages\/83"}],"collection":[{"href":"https:\/\/brindeconduite.com\/index.php?rest_route=\/wp\/v2\/pages"}],"about":[{"href":"https:\/\/brindeconduite.com\/index.php?rest_route=\/wp\/v2\/types\/page"}],"author":[{"embeddable":true,"href":"https:\/\/brindeconduite.com\/index.php?rest_route=\/wp\/v2\/users\/1"}],"replies":[{"embeddable":true,"href":"https:\/\/brindeconduite.com\/index.php?rest_route=%2Fwp%2Fv2%2Fcomments&post=83"}],"version-history":[{"count":48,"href":"https:\/\/brindeconduite.com\/index.php?rest_route=\/wp\/v2\/pages\/83\/revisions"}],"predecessor-version":[{"id":1819,"href":"https:\/\/brindeconduite.com\/index.php?rest_route=\/wp\/v2\/pages\/83\/revisions\/1819"}],"wp:attachment":[{"href":"https:\/\/brindeconduite.com\/index.php?rest_route=%2Fwp%2Fv2%2Fmedia&parent=83"}],"curies":[{"name":"wp","href":"https:\/\/api.w.org\/{rel}","templated":true}]}}