{"id":421,"date":"2022-08-07T08:22:56","date_gmt":"2022-08-07T08:22:56","guid":{"rendered":"https:\/\/brindeconduite.com\/?page_id=421"},"modified":"2023-07-29T08:50:48","modified_gmt":"2023-07-29T08:50:48","slug":"cgv","status":"publish","type":"page","link":"https:\/\/brindeconduite.com\/?page_id=421","title":{"rendered":""},"content":{"rendered":"\t\t<div data-elementor-type=\"wp-page\" data-elementor-id=\"421\" class=\"elementor elementor-421\">\n\t\t\t\t\t\t\t\t\t<section class=\"elementor-section elementor-top-section elementor-element elementor-element-50b7ba8 elementor-section-boxed elementor-section-height-default elementor-section-height-default\" data-id=\"50b7ba8\" data-element_type=\"section\">\n\t\t\t\t\t\t<div class=\"elementor-container elementor-column-gap-default\">\n\t\t\t\t\t<div class=\"elementor-column elementor-col-100 elementor-top-column elementor-element elementor-element-7488935\" data-id=\"7488935\" data-element_type=\"column\">\n\t\t\t<div class=\"elementor-widget-wrap elementor-element-populated\">\n\t\t\t\t\t\t\t\t<div class=\"elementor-element elementor-element-575990e elementor-widget__width-inherit elementor-widget elementor-widget-text-editor\" data-id=\"575990e\" data-element_type=\"widget\" data-widget_type=\"text-editor.default\">\n\t\t\t\t<div class=\"elementor-widget-container\">\n\t\t\t<style>\/*! elementor - v3.7.2 - 21-08-2022 *\/\n.elementor-widget-text-editor.elementor-drop-cap-view-stacked .elementor-drop-cap{background-color:#818a91;color:#fff}.elementor-widget-text-editor.elementor-drop-cap-view-framed .elementor-drop-cap{color:#818a91;border:3px solid;background-color:transparent}.elementor-widget-text-editor:not(.elementor-drop-cap-view-default) .elementor-drop-cap{margin-top:8px}.elementor-widget-text-editor:not(.elementor-drop-cap-view-default) .elementor-drop-cap-letter{width:1em;height:1em}.elementor-widget-text-editor .elementor-drop-cap{float:left;text-align:center;line-height:1;font-size:50px}.elementor-widget-text-editor .elementor-drop-cap-letter{display:inline-block}<\/style>\t\t\t\t<h4><b>Conditions G\u00e9n\u00e9rales de Ventes (CGV)<\/b><\/h4>\n<p><span style=\"font-style: inherit; font-weight: inherit; color: var( --e-global-color-text ); font-family: var( --e-global-typography-text-font-family ), Sans-serif; background-color: var(--ast-global-color-5);\">Les conditions g\u00e9n\u00e9rales de vente sont les suivantes :<\/span><br><span style=\"font-style: inherit; color: var( --e-global-color-text ); font-family: var( --e-global-typography-text-font-family ), Sans-serif; background-color: var(--ast-global-color-5);\"><b>1\/Caract\u00e9ristiques essentielles des services<\/b><\/span><br><span style=\"background-color: var(--ast-global-color-5); color: var( --e-global-color-text ); font-family: var( --e-global-typography-text-font-family ), Sans-serif; font-style: inherit; font-weight: inherit;\">Le\u00e7ons th\u00e9oriques et pratiques \u00e0 la conduite et \u00e0 la s\u00e9curit\u00e9 routi\u00e8re<\/span><\/p>\n<p><span style=\"background-color: var(--ast-global-color-5); color: var( --e-global-color-text ); font-family: var( --e-global-typography-text-font-family ), Sans-serif; font-style: inherit;\"><b>2\/Prix TTC<\/b><\/span><br><span style=\"font-style: inherit; font-weight: inherit; color: var( --e-global-color-text ); font-family: var( --e-global-typography-text-font-family ), Sans-serif; background-color: var(--ast-global-color-5);\">Les prix exprim\u00e9s sont en EURO et toutes taxes comprises. Voir ci dessous le tarif d\u00e9taill\u00e9 par prestations.<\/span><\/p>\n<p><b style=\"font-style: inherit; color: var( --e-global-color-text ); font-family: var( --e-global-typography-text-font-family ), Sans-serif; background-color: var(--ast-global-color-5);\">3\/Frais, date et modalit\u00e9s<\/b><br><span style=\"font-style: inherit; font-weight: inherit; color: var( --e-global-color-text ); font-family: var( --e-global-typography-text-font-family ), Sans-serif; background-color: var(--ast-global-color-5);\">Les prix affich\u00e9s ne sont valables qu\u2019au jour de la souscription et ne portent pas effet pour l\u2019avenir. Les prix sont fermes, sans escompte, ni rabais, ni ristourne<\/span><\/p>\n<p><b style=\"color: var( --e-global-color-text ); font-family: var( --e-global-typography-text-font-family ), Sans-serif; font-style: inherit;\">4\/Modalit\u00e9s d&rsquo;ex\u00e9cution du contrat<\/b><br><span style=\"font-style: inherit; font-weight: inherit; color: var( --e-global-color-text ); font-family: var( --e-global-typography-text-font-family ), Sans-serif; background-color: var(--ast-global-color-5);\">Le contrat sera conclu \u00e0 l&rsquo;issue d&rsquo;une \u00e9valuation pr\u00e9alable pour d\u00e9terminer votre forfait.<\/span><br><span style=\"font-style: inherit; font-weight: inherit; color: var( --e-global-color-text ); font-family: var( --e-global-typography-text-font-family ), Sans-serif; background-color: var(--ast-global-color-5);\">Toute le\u00e7on non d\u00e9command\u00e9e 48 heures \u00e0 l&rsquo;avance sera factur\u00e9e (sauf motif l\u00e9gitime ET d\u00fbment justifi\u00e9).<\/span><\/p>\n<p><b style=\"color: var( --e-global-color-text ); font-family: var( --e-global-typography-text-font-family ), Sans-serif; font-style: inherit;\">5\/Modalit\u00e9s de paiement<\/b><br><span style=\"font-style: inherit; font-weight: inherit; color: var( --e-global-color-text ); font-family: var( --e-global-typography-text-font-family ), Sans-serif; background-color: var(--ast-global-color-5);\">Paiement par CB, virement, esp\u00e8ce ou ch\u00e8que. Le paiement est uniquement personnel, nous ne mettons pas en place ni le permis \u00e0 1\u20ac par jour, ni CPF, ni aucun autre type de r\u00e8glement.<\/span><br><span style=\"font-style: inherit; font-weight: inherit; color: var( --e-global-color-text ); font-family: var( --e-global-typography-text-font-family ), Sans-serif; background-color: var(--ast-global-color-5);\">Tout retard de paiement doit faire l&rsquo;objet d&rsquo;une r\u00e9gularisation rapide, \u00e0 d\u00e9faut d&rsquo;une solution amiable, les le\u00e7ons programm\u00e9es seront annul\u00e9es<\/span><\/p>\n<p><span style=\"background-color: var(--ast-global-color-5); color: var( --e-global-color-text ); font-family: var( --e-global-typography-text-font-family ), Sans-serif; font-style: inherit;\"><b>6\/Droit de r\u00e9tractation<\/b><\/span><br><span style=\"background-color: var(--ast-global-color-5); color: var( --e-global-color-text ); font-family: var( --e-global-typography-text-font-family ), Sans-serif; font-style: inherit; font-weight: inherit;\">Le droit de se r\u00e9tracter doit \u00eatre exerc\u00e9 dans un d\u00e9lai de quatorze (14) jours, sans justification ni de frais de r\u00e9siliation.&nbsp;<\/span><br><span style=\"background-color: var(--ast-global-color-5); color: var( --e-global-color-text ); font-family: var( --e-global-typography-text-font-family ), Sans-serif; font-style: inherit; font-weight: inherit;\">Le d\u00e9lai de r\u00e9tractation court \u00e0 compter de la date \u00e0 laquelle le Contrat a \u00e9t\u00e9 conclu entre les parties.<\/span><br><span style=\"background-color: var(--ast-global-color-5); color: var( --e-global-color-text ); font-family: var( --e-global-typography-text-font-family ), Sans-serif; font-style: inherit; font-weight: inherit;\">Pour exercer le droit de r\u00e9tractation, vous devez notifier votre d\u00e9cision de vous r\u00e9tracter par tout moyen \u00e9crit avec avis de r\u00e9ception (mail, courrier&#8230;).<\/span><br><span style=\"background-color: var(--ast-global-color-5); color: var( --e-global-color-text ); font-family: var( --e-global-typography-text-font-family ), Sans-serif; font-style: inherit; font-weight: inherit;\">Conform\u00e9ment \u00e0 la r\u00e9glementation en vigueur, le droit de r\u00e9tractation ne pourra pas \u00eatre exerc\u00e9 dans les cas pr\u00e9vus \u00e0 l&rsquo;article 221-28 du Code de la consommation, et notamment lorsque les prestations d\u2019enseignement pratique de la conduite et de la s\u00e9curit\u00e9 routi\u00e8re ont \u00e9t\u00e9 pleinement ex\u00e9cut\u00e9es ou que leur ex\u00e9cution a commenc\u00e9 apr\u00e8s accord pr\u00e9alable entre les parties avec renoncement explicite de l\u2019\u00e9l\u00e8ve de ne pas exercer de droit de r\u00e9tractation.&nbsp;<\/span><\/p>\n<p><span style=\"background-color: var(--ast-global-color-5); color: var( --e-global-color-text ); font-family: var( --e-global-typography-text-font-family ), Sans-serif; font-style: inherit;\"><b>7\/Dur\u00e9e du contrat et conditions de r\u00e9siliation<\/b><\/span><br><span style=\"font-style: inherit; font-weight: inherit; color: var( --e-global-color-text ); font-family: var( --e-global-typography-text-font-family ), Sans-serif; background-color: var(--ast-global-color-5);\">Le contrat conclu dure 12 mois.<\/span><br><span style=\"font-style: inherit; font-weight: inherit; color: var( --e-global-color-text ); font-family: var( --e-global-typography-text-font-family ), Sans-serif; background-color: var(--ast-global-color-5);\">Vous pouvez r\u00e9silier le contrat \u00e0 tout moment par tout moyen \u00e9crit avec avis de r\u00e9ception.<\/span><br><span style=\"font-style: inherit; font-weight: inherit; color: var( --e-global-color-text ); font-family: var( --e-global-typography-text-font-family ), Sans-serif; background-color: var(--ast-global-color-5);\">Si vous avez souscrit \u00e0 un forfait, vous serez rembours\u00e9 au prorata des prestations d\u00e9j\u00e0 r\u00e9alis\u00e9es<\/span><\/p>\n<p><span style=\"font-style: inherit; color: var( --e-global-color-text ); font-family: var( --e-global-typography-text-font-family ), Sans-serif; background-color: var(--ast-global-color-5);\"><b>8\/Existence d&rsquo;un r\u00e8glement int\u00e9rieur<\/b><\/span><br><span style=\"font-style: inherit; font-weight: inherit; color: var( --e-global-color-text ); font-family: var( --e-global-typography-text-font-family ), Sans-serif; background-color: var(--ast-global-color-5);\">Toute personne se rendant \u00e0 l&rsquo;auto-\u00e9cole est tenue de respecter le r\u00e8glement int\u00e9rieur, accessible \u00e0 l&rsquo;agence.<\/span><\/p>\n<p><span style=\"font-style: inherit; color: var( --e-global-color-text ); font-family: var( --e-global-typography-text-font-family ), Sans-serif; background-color: var(--ast-global-color-5);\"><b>9\/Modalit\u00e9s de r\u00e8glement des litiges<\/b><\/span><br><span style=\"font-style: inherit; font-weight: inherit; color: var( --e-global-color-text ); font-family: var( --e-global-typography-text-font-family ), Sans-serif; background-color: var(--ast-global-color-5);\">Pour tout litige, contactez-nous pour trouver ensemble une solution amiable.<\/span><br><span style=\"font-style: inherit; font-weight: inherit; color: var( --e-global-color-text ); font-family: var( --e-global-typography-text-font-family ), Sans-serif; background-color: var(--ast-global-color-5);\">Si la solution amiable ne vous satisfait pas, vous pouvez vous adresser \u00e0 un m\u00e9diateur ind\u00e9pendant :<\/span><\/p><p><span style=\"font-style: inherit; font-weight: inherit; color: var( --e-global-color-text ); font-family: var( --e-global-typography-text-font-family ), Sans-serif; background-color: var(--ast-global-color-5);\">M\u00e9diateur aupr\u00e8s de la FNA sis Immeuble Axe Nord 9\/11 avenue Michelet 93583 Saint Ouen Cedex ou en ligne sur&nbsp;<\/span><span style=\"font-style: inherit; font-weight: inherit; color: var( --e-global-color-text ); font-family: var( --e-global-typography-text-font-family ), Sans-serif; background-color: var(--ast-global-color-5);\">www.mediateur.fna.fr.&nbsp;<\/span><span style=\"background-color: var(--ast-global-color-5); color: var( --e-global-color-text ); font-family: var( --e-global-typography-text-font-family ), Sans-serif; font-style: inherit; font-weight: inherit;\">A d\u00e9faut, s&rsquo;adresser au tribunal comp\u00e9tent.<\/span><\/p>\n<p><span style=\"color: var( --e-global-color-text ); font-family: var( --e-global-typography-text-font-family ), Sans-serif; font-style: inherit; background-color: var(--ast-global-color-5);\"><span style=\"font-weight: bold;\">10\/D\u00e9tails des prestations par unit\u00e9 :<\/span><\/span><\/p>\t\t\t\t\t\t<\/div>\n\t\t\t\t<\/div>\n\t\t\t\t<div class=\"elementor-element elementor-element-e7408b6 elementor-widget elementor-widget-image\" data-id=\"e7408b6\" data-element_type=\"widget\" data-widget_type=\"image.default\">\n\t\t\t\t<div class=\"elementor-widget-container\">\n\t\t\t<style>\/*! elementor - v3.7.2 - 21-08-2022 *\/\n.elementor-widget-image{text-align:center}.elementor-widget-image a{display:inline-block}.elementor-widget-image a img[src$=\".svg\"]{width:48px}.elementor-widget-image img{vertical-align:middle;display:inline-block}<\/style>\t\t\t\t\t\t\t\t\t\t\t\t<img width=\"2000\" height=\"978\" src=\"https:\/\/brindeconduite.com\/wp-content\/uploads\/2023\/05\/50332182-B677-447B-9333-981A7B190C4B.jpg\" class=\"attachment-full size-full\" alt=\"\" loading=\"lazy\" srcset=\"https:\/\/brindeconduite.com\/wp-content\/uploads\/2023\/05\/50332182-B677-447B-9333-981A7B190C4B.jpg 2000w, https:\/\/brindeconduite.com\/wp-content\/uploads\/2023\/05\/50332182-B677-447B-9333-981A7B190C4B-300x147.jpg 300w, https:\/\/brindeconduite.com\/wp-content\/uploads\/2023\/05\/50332182-B677-447B-9333-981A7B190C4B-1024x501.jpg 1024w, https:\/\/brindeconduite.com\/wp-content\/uploads\/2023\/05\/50332182-B677-447B-9333-981A7B190C4B-768x376.jpg 768w, https:\/\/brindeconduite.com\/wp-content\/uploads\/2023\/05\/50332182-B677-447B-9333-981A7B190C4B-1536x751.jpg 1536w\" sizes=\"(max-width: 2000px) 100vw, 2000px\" \/>\t\t\t\t\t\t\t\t\t\t\t\t\t\t\t<\/div>\n\t\t\t\t<\/div>\n\t\t\t\t\t<\/div>\n\t\t<\/div>\n\t\t\t\t\t\t\t<\/div>\n\t\t<\/section>\n\t\t\t\t\t\t\t<\/div>\n\t\t","protected":false},"excerpt":{"rendered":"<p>Conditions G\u00e9n\u00e9rales de Ventes (CGV) Les conditions g\u00e9n\u00e9rales de vente sont les suivantes :1\/Caract\u00e9ristiques essentielles des servicesLe\u00e7ons th\u00e9oriques et pratiques \u00e0 la conduite et \u00e0 la s\u00e9curit\u00e9 routi\u00e8re 2\/Prix TTCLes prix exprim\u00e9s sont en EURO et toutes taxes comprises. Voir ci dessous le tarif d\u00e9taill\u00e9 par prestations. 3\/Frais, date et modalit\u00e9sLes prix affich\u00e9s ne sont &hellip;<\/p>\n<p class=\"read-more\"> <a class=\"\" href=\"https:\/\/brindeconduite.com\/?page_id=421\">  Lire la suite\u00a0\u00bb<\/a><\/p>\n","protected":false},"author":1,"featured_media":0,"parent":0,"menu_order":12,"comment_status":"closed","ping_status":"closed","template":"","meta":{"site-sidebar-layout":"no-sidebar","site-content-layout":"page-builder","ast-global-header-display":"","ast-main-header-display":"","ast-hfb-above-header-display":"","ast-hfb-below-header-display":"","ast-hfb-mobile-header-display":"","site-post-title":"disabled","ast-breadcrumbs-content":"","ast-featured-img":"disabled","footer-sml-layout":"","theme-transparent-header-meta":"","adv-header-id-meta":"","stick-header-meta":"","header-above-stick-meta":"","header-main-stick-meta":"","header-below-stick-meta":""},"_links":{"self":[{"href":"https:\/\/brindeconduite.com\/index.php?rest_route=\/wp\/v2\/pages\/421"}],"collection":[{"href":"https:\/\/brindeconduite.com\/index.php?rest_route=\/wp\/v2\/pages"}],"about":[{"href":"https:\/\/brindeconduite.com\/index.php?rest_route=\/wp\/v2\/types\/page"}],"author":[{"embeddable":true,"href":"https:\/\/brindeconduite.com\/index.php?rest_route=\/wp\/v2\/users\/1"}],"replies":[{"embeddable":true,"href":"https:\/\/brindeconduite.com\/index.php?rest_route=%2Fwp%2Fv2%2Fcomments&post=421"}],"version-history":[{"count":42,"href":"https:\/\/brindeconduite.com\/index.php?rest_route=\/wp\/v2\/pages\/421\/revisions"}],"predecessor-version":[{"id":2013,"href":"https:\/\/brindeconduite.com\/index.php?rest_route=\/wp\/v2\/pages\/421\/revisions\/2013"}],"wp:attachment":[{"href":"https:\/\/brindeconduite.com\/index.php?rest_route=%2Fwp%2Fv2%2Fmedia&parent=421"}],"curies":[{"name":"wp","href":"https:\/\/api.w.org\/{rel}","templated":true}]}}