{"id":305,"date":"2022-08-03T08:03:59","date_gmt":"2022-08-03T08:03:59","guid":{"rendered":"https:\/\/brindeconduite.com\/?page_id=305"},"modified":"2023-08-12T08:49:18","modified_gmt":"2023-08-12T08:49:18","slug":"les-tarifs","status":"publish","type":"page","link":"https:\/\/brindeconduite.com\/?page_id=305","title":{"rendered":"Formations &#038; Tarifs"},"content":{"rendered":"\t\t<div data-elementor-type=\"wp-page\" data-elementor-id=\"305\" class=\"elementor elementor-305\">\n\t\t\t\t\t\t\t\t\t<section class=\"elementor-section elementor-top-section elementor-element elementor-element-7853693 elementor-section-full_width elementor-section-height-default elementor-section-height-default\" data-id=\"7853693\" data-element_type=\"section\" data-settings=\"{&quot;background_background&quot;:&quot;classic&quot;}\">\n\t\t\t\t\t\t<div class=\"elementor-container elementor-column-gap-narrow\">\n\t\t\t\t\t<div class=\"elementor-column elementor-col-25 elementor-top-column elementor-element elementor-element-558701e\" data-id=\"558701e\" data-element_type=\"column\">\n\t\t\t<div class=\"elementor-widget-wrap elementor-element-populated\">\n\t\t\t\t\t\t\t\t<div class=\"elementor-element elementor-element-71482d6 elementor-widget elementor-widget-text-editor\" data-id=\"71482d6\" data-element_type=\"widget\" data-widget_type=\"text-editor.default\">\n\t\t\t\t<div class=\"elementor-widget-container\">\n\t\t\t<style>\/*! elementor - v3.7.2 - 21-08-2022 *\/\n.elementor-widget-text-editor.elementor-drop-cap-view-stacked .elementor-drop-cap{background-color:#818a91;color:#fff}.elementor-widget-text-editor.elementor-drop-cap-view-framed .elementor-drop-cap{color:#818a91;border:3px solid;background-color:transparent}.elementor-widget-text-editor:not(.elementor-drop-cap-view-default) .elementor-drop-cap{margin-top:8px}.elementor-widget-text-editor:not(.elementor-drop-cap-view-default) .elementor-drop-cap-letter{width:1em;height:1em}.elementor-widget-text-editor .elementor-drop-cap{float:left;text-align:center;line-height:1;font-size:50px}.elementor-widget-text-editor .elementor-drop-cap-letter{display:inline-block}<\/style>\t\t\t\t<p><a href=\"https:\/\/brindeconduite.com\/?page_id=1678\" target=\"_blank\" rel=\"noopener\">Permis AM quadricycle<\/a><\/p>\n<h2><i style=\"color: var( --e-global-color-text ); font-family: var( --e-global-typography-primary-font-family ), Sans-serif; background-color: var(--ast-global-color-5);\"><b>250\u20ac<\/b><\/i><\/h2><p><i style=\"font-weight: inherit; color: var( --e-global-color-text ); font-family: var( --e-global-typography-primary-font-family ), Sans-serif; background-color: var(--ast-global-color-5);\">gestion administrative, fournitures p\u00e9dagogiques, 8 heures de formation<\/i><br><\/p>\n<p><i>&#8212;&#8212;&#8212;&#8212;<\/i><\/p>\t\t\t\t\t\t<\/div>\n\t\t\t\t<\/div>\n\t\t\t\t\t<\/div>\n\t\t<\/div>\n\t\t\t\t<div class=\"elementor-column elementor-col-25 elementor-top-column elementor-element elementor-element-f006469\" data-id=\"f006469\" data-element_type=\"column\">\n\t\t\t<div class=\"elementor-widget-wrap elementor-element-populated\">\n\t\t\t\t\t\t\t\t<div class=\"elementor-element elementor-element-29bd5c4 elementor-widget elementor-widget-text-editor\" data-id=\"29bd5c4\" data-element_type=\"widget\" data-widget_type=\"text-editor.default\">\n\t\t\t\t<div class=\"elementor-widget-container\">\n\t\t\t\t\t\t\t<h2><a style=\"font-family: var( --e-global-typography-primary-font-family ), Sans-serif; font-weight: var( --e-global-typography-primary-font-weight ); font-size: 1rem;\" href=\"https:\/\/brindeconduite.com\/?page_id=1709\" target=\"_blank\" rel=\"noopener\">Passerelle B78 vers B<\/a><\/h2><h2>290\u20ac<\/h2>\n<p><i style=\"color: var( --e-global-color-text ); font-family: var( --e-global-typography-primary-font-family ), Sans-serif; font-weight: var( --e-global-typography-primary-font-weight ); background-color: var(--ast-global-color-5); font-size: 1rem;\">gestion administrative, fournitures p\u00e9dagogiques, 7 heures de formation<\/i><\/p>\n<div><i>&nbsp;<\/i><\/div>\n<div><i>&#8212;&#8212;&#8212;&#8212;<\/i><\/div>\t\t\t\t\t\t<\/div>\n\t\t\t\t<\/div>\n\t\t\t\t\t<\/div>\n\t\t<\/div>\n\t\t\t\t<div class=\"elementor-column elementor-col-25 elementor-top-column elementor-element elementor-element-4e087bc\" data-id=\"4e087bc\" data-element_type=\"column\">\n\t\t\t<div class=\"elementor-widget-wrap elementor-element-populated\">\n\t\t\t\t\t\t\t\t<div class=\"elementor-element elementor-element-4bea4eb elementor-widget elementor-widget-text-editor\" data-id=\"4bea4eb\" data-element_type=\"widget\" data-widget_type=\"text-editor.default\">\n\t\t\t\t<div class=\"elementor-widget-container\">\n\t\t\t\t\t\t\t<h2><a style=\"font-family: var( --e-global-typography-primary-font-family ), Sans-serif; font-weight: var( --e-global-typography-primary-font-weight ); font-size: 1rem;\" href=\"https:\/\/brindeconduite.com\/?page_id=1688\" target=\"_blank\" rel=\"noopener\">Permis Boite Auto<\/a><\/h2><h2>1064\u20ac<\/h2><p><i>\u00e9valuation pr\u00e9alable, gestion administrative, fournitures p\u00e9dagogiques, code et 13 heures de conduite, les v\u00e9rifications\/secourisme,\u00a0<\/i><i style=\"color: var( --e-global-color-text ); font-family: var( --e-global-typography-primary-font-family ), Sans-serif; font-weight: var( --e-global-typography-primary-font-weight ); background-color: var(--ast-global-color-5); font-size: 1rem;\">accompagnement \u00e0 l&rsquo;examen de conduite<\/i><\/p><p><i style=\"color: var( --e-global-color-text ); font-family: var( --e-global-typography-primary-font-family ), Sans-serif; font-weight: var( --e-global-typography-primary-font-weight ); background-color: var(--ast-global-color-5); font-size: 1rem;\">&#8212;&#8212;&#8212;&#8212;<\/i><\/p>\t\t\t\t\t\t<\/div>\n\t\t\t\t<\/div>\n\t\t\t\t\t<\/div>\n\t\t<\/div>\n\t\t\t\t<div class=\"elementor-column elementor-col-25 elementor-top-column elementor-element elementor-element-c390af5\" data-id=\"c390af5\" data-element_type=\"column\">\n\t\t\t<div class=\"elementor-widget-wrap elementor-element-populated\">\n\t\t\t\t\t\t\t\t<div class=\"elementor-element elementor-element-749e2c9 elementor-widget elementor-widget-text-editor\" data-id=\"749e2c9\" data-element_type=\"widget\" data-widget_type=\"text-editor.default\">\n\t\t\t\t<div class=\"elementor-widget-container\">\n\t\t\t\t\t\t\t<p><a href=\"https:\/\/brindeconduite.com\/?page_id=1700\">Permis Boite Manuelle<\/a><\/p><h2>1400\u20ac<\/h2><p><i>\u00e9valuation pr\u00e9alable, gestion administrative, fournitures p\u00e9dagogiques, code et 20 heures de conduite, les v\u00e9rifications\/secourisme, accompagnement \u00e0 l&rsquo;examen de conduite<\/i><\/p><p><i>&#8212;&#8212;&#8212;&#8212;<\/i><\/p>\t\t\t\t\t\t<\/div>\n\t\t\t\t<\/div>\n\t\t\t\t\t<\/div>\n\t\t<\/div>\n\t\t\t\t\t\t\t<\/div>\n\t\t<\/section>\n\t\t\t\t<section class=\"elementor-section elementor-top-section elementor-element elementor-element-9bde6df elementor-section-boxed elementor-section-height-default elementor-section-height-default\" data-id=\"9bde6df\" data-element_type=\"section\">\n\t\t\t\t\t\t<div class=\"elementor-container elementor-column-gap-default\">\n\t\t\t\t\t<div class=\"elementor-column elementor-col-100 elementor-top-column elementor-element elementor-element-48cdff8\" data-id=\"48cdff8\" data-element_type=\"column\">\n\t\t\t<div class=\"elementor-widget-wrap elementor-element-populated\">\n\t\t\t\t\t\t\t\t<div class=\"elementor-element elementor-element-7617a61 elementor-widget elementor-widget-text-editor\" data-id=\"7617a61\" data-element_type=\"widget\" data-widget_type=\"text-editor.default\">\n\t\t\t\t<div class=\"elementor-widget-container\">\n\t\t\t\t\t\t\t<h2><a style=\"font-family: var( --e-global-typography-primary-font-family ), Sans-serif; font-weight: var( --e-global-typography-primary-font-weight ); font-size: 1rem;\" href=\"https:\/\/brindeconduite.com\/?page_id=1718\" target=\"_blank\" rel=\"noopener\">Apprentissage Anticip\u00e9 de la Conduite<\/a><\/h2>\n<div>&nbsp;<\/div>\n<h2>1352\u20ac* en boite auto<\/h2>\n<h2>1688\u20ac* en boite manuelle<\/h2>\n<div><i>\u00e9valuation pr\u00e9alable, gestion administrative, fournitures p\u00e9dagogiques, code et conduite, les 3 rendez-vous p\u00e9dagogiques, les v\u00e9rifications\/secourisme, <\/i><i style=\"color: var( --e-global-color-text ); font-family: var( --e-global-typography-primary-font-family ), Sans-serif; font-size: 1rem; font-weight: var( --e-global-typography-primary-font-weight ); background-color: var(--ast-global-color-5);\">accompagnement examen de conduite<\/i><b><br><\/b><\/div>\n<div><i style=\"color: var( --e-global-color-text ); font-family: var( --e-global-typography-primary-font-family ), Sans-serif; font-size: 1rem; font-weight: var( --e-global-typography-primary-font-weight ); background-color: var(--ast-global-color-5);\">&#8212;&#8212;&#8212;&#8212;<\/i><\/div>\t\t\t\t\t\t<\/div>\n\t\t\t\t<\/div>\n\t\t\t\t\t<\/div>\n\t\t<\/div>\n\t\t\t\t\t\t\t<\/div>\n\t\t<\/section>\n\t\t\t\t<section class=\"elementor-section elementor-top-section elementor-element elementor-element-71f0538 elementor-section-full_width elementor-section-height-default elementor-section-height-default\" data-id=\"71f0538\" data-element_type=\"section\">\n\t\t\t\t\t\t<div class=\"elementor-container elementor-column-gap-default\">\n\t\t\t\t\t<div class=\"elementor-column elementor-col-100 elementor-top-column elementor-element elementor-element-1a74013\" data-id=\"1a74013\" data-element_type=\"column\">\n\t\t\t<div class=\"elementor-widget-wrap elementor-element-populated\">\n\t\t\t\t\t\t\t\t<div class=\"elementor-element elementor-element-45a0019 elementor-widget elementor-widget-text-editor\" data-id=\"45a0019\" data-element_type=\"widget\" data-widget_type=\"text-editor.default\">\n\t\t\t\t<div class=\"elementor-widget-container\">\n\t\t\t\t\t\t\t<p><em style=\"font-weight: inherit; color: var( --e-global-color-text ); font-family: var( --e-global-typography-primary-font-family ), Sans-serif; background-color: var(--ast-global-color-5);\">*Prix minimum exprim\u00e9s en euro, toutes taxes comprises.<\/em><br><em style=\"font-weight: inherit; color: var( --e-global-color-text ); font-family: var( --e-global-typography-primary-font-family ), Sans-serif; background-color: var(--ast-global-color-5);\">Possibilit\u00e9 de payer en plusieurs fois sans frais.&nbsp;<\/em><br><em style=\"font-weight: inherit; color: var( --e-global-color-text ); font-family: var( --e-global-typography-primary-font-family ), Sans-serif; background-color: var(--ast-global-color-5);\">Moyens de paiement : CB, ch\u00e8que, esp\u00e8ces, virement<\/em><br><em style=\"font-weight: inherit; color: var( --e-global-color-text ); font-family: var( --e-global-typography-primary-font-family ), Sans-serif; background-color: var(--ast-global-color-5);\">Financement personnel<\/em><br><\/p>\n<p><em>Les d\u00e9tails dans les&nbsp;<\/em><a href=\"https:\/\/brindeconduite.com\/?page_id=421\" target=\"_blank\" style=\"font-family: var( --e-global-typography-primary-font-family ), Sans-serif; font-weight: var( --e-global-typography-primary-font-weight ); font-size: 1rem;\">Conditions G\u00e9n\u00e9rales de Vente<\/a>,<\/p>\t\t\t\t\t\t<\/div>\n\t\t\t\t<\/div>\n\t\t\t\t\t<\/div>\n\t\t<\/div>\n\t\t\t\t\t\t\t<\/div>\n\t\t<\/section>\n\t\t\t\t\t\t\t<\/div>\n\t\t","protected":false},"excerpt":{"rendered":"<p>Permis AM quadricycle 250\u20ac gestion administrative, fournitures p\u00e9dagogiques, 8 heures de formation &#8212;&#8212;&#8212;&#8212; Passerelle B78 vers B 290\u20ac gestion administrative, fournitures p\u00e9dagogiques, 7 heures de formation &nbsp; &#8212;&#8212;&#8212;&#8212; Permis Boite Auto 1064\u20ac \u00e9valuation pr\u00e9alable, gestion administrative, fournitures p\u00e9dagogiques, code et 13 heures de conduite, les v\u00e9rifications\/secourisme,\u00a0accompagnement \u00e0 l&rsquo;examen de conduite &#8212;&#8212;&#8212;&#8212; Permis Boite Manuelle 1400\u20ac &hellip;<\/p>\n<p class=\"read-more\"> <a class=\"\" href=\"https:\/\/brindeconduite.com\/?page_id=305\"> <span class=\"screen-reader-text\">Formations &#038; Tarifs<\/span> Lire la suite\u00a0\u00bb<\/a><\/p>\n","protected":false},"author":1,"featured_media":0,"parent":0,"menu_order":2,"comment_status":"closed","ping_status":"closed","template":"","meta":{"site-sidebar-layout":"no-sidebar","site-content-layout":"page-builder","ast-global-header-display":"","ast-main-header-display":"","ast-hfb-above-header-display":"","ast-hfb-below-header-display":"","ast-hfb-mobile-header-display":"","site-post-title":"disabled","ast-breadcrumbs-content":"","ast-featured-img":"disabled","footer-sml-layout":"","theme-transparent-header-meta":"","adv-header-id-meta":"","stick-header-meta":"","header-above-stick-meta":"","header-main-stick-meta":"","header-below-stick-meta":""},"_links":{"self":[{"href":"https:\/\/brindeconduite.com\/index.php?rest_route=\/wp\/v2\/pages\/305"}],"collection":[{"href":"https:\/\/brindeconduite.com\/index.php?rest_route=\/wp\/v2\/pages"}],"about":[{"href":"https:\/\/brindeconduite.com\/index.php?rest_route=\/wp\/v2\/types\/page"}],"author":[{"embeddable":true,"href":"https:\/\/brindeconduite.com\/index.php?rest_route=\/wp\/v2\/users\/1"}],"replies":[{"embeddable":true,"href":"https:\/\/brindeconduite.com\/index.php?rest_route=%2Fwp%2Fv2%2Fcomments&post=305"}],"version-history":[{"count":251,"href":"https:\/\/brindeconduite.com\/index.php?rest_route=\/wp\/v2\/pages\/305\/revisions"}],"predecessor-version":[{"id":2077,"href":"https:\/\/brindeconduite.com\/index.php?rest_route=\/wp\/v2\/pages\/305\/revisions\/2077"}],"wp:attachment":[{"href":"https:\/\/brindeconduite.com\/index.php?rest_route=%2Fwp%2Fv2%2Fmedia&parent=305"}],"curies":[{"name":"wp","href":"https:\/\/api.w.org\/{rel}","templated":true}]}}