{"id":1718,"date":"2023-07-10T15:41:35","date_gmt":"2023-07-10T15:41:35","guid":{"rendered":"https:\/\/brindeconduite.com\/?page_id=1718"},"modified":"2023-07-29T09:12:30","modified_gmt":"2023-07-29T09:12:30","slug":"elementor-1718","status":"publish","type":"page","link":"https:\/\/brindeconduite.com\/?page_id=1718","title":{"rendered":""},"content":{"rendered":"\t\t<div data-elementor-type=\"wp-page\" data-elementor-id=\"1718\" class=\"elementor elementor-1718\">\n\t\t\t\t\t\t\t\t\t<section class=\"elementor-section elementor-top-section elementor-element elementor-element-6e276d4 elementor-section-full_width elementor-section-height-default elementor-section-height-default\" data-id=\"6e276d4\" data-element_type=\"section\">\n\t\t\t\t\t\t<div class=\"elementor-container elementor-column-gap-default\">\n\t\t\t\t\t<div class=\"elementor-column elementor-col-100 elementor-top-column elementor-element elementor-element-5a82487\" data-id=\"5a82487\" data-element_type=\"column\">\n\t\t\t<div class=\"elementor-widget-wrap elementor-element-populated\">\n\t\t\t\t\t\t\t\t<div class=\"elementor-element elementor-element-3775b15 elementor-widget elementor-widget-heading\" data-id=\"3775b15\" data-element_type=\"widget\" data-widget_type=\"heading.default\">\n\t\t\t\t<div class=\"elementor-widget-container\">\n\t\t\t<style>\/*! elementor - v3.7.2 - 21-08-2022 *\/\n.elementor-heading-title{padding:0;margin:0;line-height:1}.elementor-widget-heading .elementor-heading-title[class*=elementor-size-]>a{color:inherit;font-size:inherit;line-height:inherit}.elementor-widget-heading .elementor-heading-title.elementor-size-small{font-size:15px}.elementor-widget-heading .elementor-heading-title.elementor-size-medium{font-size:19px}.elementor-widget-heading .elementor-heading-title.elementor-size-large{font-size:29px}.elementor-widget-heading .elementor-heading-title.elementor-size-xl{font-size:39px}.elementor-widget-heading .elementor-heading-title.elementor-size-xxl{font-size:59px}<\/style><h2 class=\"elementor-heading-title elementor-size-default\"><a href=\"https:\/\/brindeconduite.com\/?page_id=896\">Apprentissage Anticip\u00e9 de la Conduite<\/a><\/h2>\t\t<\/div>\n\t\t\t\t<\/div>\n\t\t\t\t\t<\/div>\n\t\t<\/div>\n\t\t\t\t\t\t\t<\/div>\n\t\t<\/section>\n\t\t\t\t<section class=\"elementor-section elementor-top-section elementor-element elementor-element-6a895e0 elementor-section-full_width elementor-section-height-default elementor-section-height-default\" data-id=\"6a895e0\" data-element_type=\"section\">\n\t\t\t\t\t\t<div class=\"elementor-container elementor-column-gap-default\">\n\t\t\t\t\t<div class=\"elementor-column elementor-col-100 elementor-top-column elementor-element elementor-element-7897b24\" data-id=\"7897b24\" data-element_type=\"column\">\n\t\t\t<div class=\"elementor-widget-wrap elementor-element-populated\">\n\t\t\t\t\t\t\t\t<div class=\"elementor-element elementor-element-246955a elementor-widget elementor-widget-text-editor\" data-id=\"246955a\" data-element_type=\"widget\" data-widget_type=\"text-editor.default\">\n\t\t\t\t<div class=\"elementor-widget-container\">\n\t\t\t<style>\/*! elementor - v3.7.2 - 21-08-2022 *\/\n.elementor-widget-text-editor.elementor-drop-cap-view-stacked .elementor-drop-cap{background-color:#818a91;color:#fff}.elementor-widget-text-editor.elementor-drop-cap-view-framed .elementor-drop-cap{color:#818a91;border:3px solid;background-color:transparent}.elementor-widget-text-editor:not(.elementor-drop-cap-view-default) .elementor-drop-cap{margin-top:8px}.elementor-widget-text-editor:not(.elementor-drop-cap-view-default) .elementor-drop-cap-letter{width:1em;height:1em}.elementor-widget-text-editor .elementor-drop-cap{float:left;text-align:center;line-height:1;font-size:50px}.elementor-widget-text-editor .elementor-drop-cap-letter{display:inline-block}<\/style>\t\t\t\t<p><span style=\"font-style: inherit; font-weight: inherit; color: var( --e-global-color-text ); font-family: var( --e-global-typography-primary-font-family ), Sans-serif; background-color: var(--ast-global-color-5);\">Formation particuli\u00e8re au permis B permettant d\u2019am\u00e9liorer l\u2019exp\u00e9rience de conduite dans un cadre familial et rassurant. Elle se d\u00e9roule en 2 phases :<\/span><br><\/p>\n<ul>\n<li><span style=\"font-style: inherit; font-weight: inherit; color: var( --e-global-color-text ); font-family: var( --e-global-typography-primary-font-family ), Sans-serif; background-color: var(--ast-global-color-5);\">1\u00e8re phase, la formation initiale avec l&rsquo;auto-\u00e9cole. Dur\u00e9e : 20 heures minimum (ou 13 heures en boite auto) ;<\/span><\/li>\n<li><span style=\"font-style: inherit; font-weight: inherit; color: var( --e-global-color-text ); font-family: var( --e-global-typography-primary-font-family ), Sans-serif; background-color: var(--ast-global-color-5);\">2\u00e8 phase, la conduite accompagn\u00e9e d&rsquo;un proche*. Dur\u00e9e minimum : 1 an et distance minimum : 3000 km. Cette phase d\u00e9bute obligatoirement avec le rendez-vous p\u00e9dagogique pr\u00e9alable.<\/span><\/li>\n<\/ul>\n<p><span style=\"background-color: var(--ast-global-color-5); color: var( --e-global-color-text ); font-family: var( --e-global-typography-primary-font-family ), Sans-serif; font-style: inherit; font-weight: inherit;\">Inscription possible d\u00e8s 15 ans, passage examen pratique \u00e0 partir de 17 ans, conduite seule \u00e0 18 ans<\/span><br><\/p>\n<p><span style=\"font-style: inherit; font-weight: inherit; color: var( --e-global-color-text ); font-family: var( --e-global-typography-primary-font-family ), Sans-serif; background-color: var(--ast-global-color-5);\">*il est possible d&rsquo;avoir plusieurs accompagnateurs au cours de l&rsquo;apprentissage. Dans tous les cas, l&rsquo;accompagnateur doit \u00eatre titulaire du permis B depuis au moins 5 ans sans interruption et doit \u00eatre mentionn\u00e9 au contrat pass\u00e9 avec l&rsquo;auto-\u00e9cole<\/span><br><\/p>\t\t\t\t\t\t<\/div>\n\t\t\t\t<\/div>\n\t\t\t\t\t<\/div>\n\t\t<\/div>\n\t\t\t\t\t\t\t<\/div>\n\t\t<\/section>\n\t\t\t\t\t\t\t<\/div>\n\t\t","protected":false},"excerpt":{"rendered":"<p>Apprentissage Anticip\u00e9 de la Conduite Formation particuli\u00e8re au permis B permettant d\u2019am\u00e9liorer l\u2019exp\u00e9rience de conduite dans un cadre familial et rassurant. Elle se d\u00e9roule en 2 phases : 1\u00e8re phase, la formation initiale avec l&rsquo;auto-\u00e9cole. Dur\u00e9e : 20 heures minimum (ou 13 heures en boite auto) ; 2\u00e8 phase, la conduite accompagn\u00e9e d&rsquo;un proche*. Dur\u00e9e &hellip;<\/p>\n<p class=\"read-more\"> <a class=\"\" href=\"https:\/\/brindeconduite.com\/?page_id=1718\">  Lire la suite\u00a0\u00bb<\/a><\/p>\n","protected":false},"author":1,"featured_media":0,"parent":0,"menu_order":0,"comment_status":"closed","ping_status":"closed","template":"","meta":{"site-sidebar-layout":"no-sidebar","site-content-layout":"page-builder","ast-global-header-display":"","ast-main-header-display":"","ast-hfb-above-header-display":"","ast-hfb-below-header-display":"","ast-hfb-mobile-header-display":"","site-post-title":"disabled","ast-breadcrumbs-content":"","ast-featured-img":"disabled","footer-sml-layout":"","theme-transparent-header-meta":"","adv-header-id-meta":"","stick-header-meta":"","header-above-stick-meta":"","header-main-stick-meta":"","header-below-stick-meta":""},"_links":{"self":[{"href":"https:\/\/brindeconduite.com\/index.php?rest_route=\/wp\/v2\/pages\/1718"}],"collection":[{"href":"https:\/\/brindeconduite.com\/index.php?rest_route=\/wp\/v2\/pages"}],"about":[{"href":"https:\/\/brindeconduite.com\/index.php?rest_route=\/wp\/v2\/types\/page"}],"author":[{"embeddable":true,"href":"https:\/\/brindeconduite.com\/index.php?rest_route=\/wp\/v2\/users\/1"}],"replies":[{"embeddable":true,"href":"https:\/\/brindeconduite.com\/index.php?rest_route=%2Fwp%2Fv2%2Fcomments&post=1718"}],"version-history":[{"count":29,"href":"https:\/\/brindeconduite.com\/index.php?rest_route=\/wp\/v2\/pages\/1718\/revisions"}],"predecessor-version":[{"id":2058,"href":"https:\/\/brindeconduite.com\/index.php?rest_route=\/wp\/v2\/pages\/1718\/revisions\/2058"}],"wp:attachment":[{"href":"https:\/\/brindeconduite.com\/index.php?rest_route=%2Fwp%2Fv2%2Fmedia&parent=1718"}],"curies":[{"name":"wp","href":"https:\/\/api.w.org\/{rel}","templated":true}]}}