{"id":1709,"date":"2023-07-10T15:33:29","date_gmt":"2023-07-10T15:33:29","guid":{"rendered":"https:\/\/brindeconduite.com\/?page_id=1709"},"modified":"2023-07-29T09:04:57","modified_gmt":"2023-07-29T09:04:57","slug":"elementor-1709","status":"publish","type":"page","link":"https:\/\/brindeconduite.com\/?page_id=1709","title":{"rendered":""},"content":{"rendered":"\t\t<div data-elementor-type=\"wp-page\" data-elementor-id=\"1709\" class=\"elementor elementor-1709\">\n\t\t\t\t\t\t\t\t\t<section class=\"elementor-section elementor-top-section elementor-element elementor-element-3329664 elementor-section-full_width elementor-section-height-default elementor-section-height-default\" data-id=\"3329664\" data-element_type=\"section\">\n\t\t\t\t\t\t<div class=\"elementor-container elementor-column-gap-default\">\n\t\t\t\t\t<div class=\"elementor-column elementor-col-100 elementor-top-column elementor-element elementor-element-fbba36e\" data-id=\"fbba36e\" data-element_type=\"column\">\n\t\t\t<div class=\"elementor-widget-wrap elementor-element-populated\">\n\t\t\t\t\t\t\t\t<div class=\"elementor-element elementor-element-460c406 elementor-widget elementor-widget-heading\" data-id=\"460c406\" data-element_type=\"widget\" data-widget_type=\"heading.default\">\n\t\t\t\t<div class=\"elementor-widget-container\">\n\t\t\t<style>\/*! elementor - v3.7.2 - 21-08-2022 *\/\n.elementor-heading-title{padding:0;margin:0;line-height:1}.elementor-widget-heading .elementor-heading-title[class*=elementor-size-]>a{color:inherit;font-size:inherit;line-height:inherit}.elementor-widget-heading .elementor-heading-title.elementor-size-small{font-size:15px}.elementor-widget-heading .elementor-heading-title.elementor-size-medium{font-size:19px}.elementor-widget-heading .elementor-heading-title.elementor-size-large{font-size:29px}.elementor-widget-heading .elementor-heading-title.elementor-size-xl{font-size:39px}.elementor-widget-heading .elementor-heading-title.elementor-size-xxl{font-size:59px}<\/style><h2 class=\"elementor-heading-title elementor-size-default\">Passerelle B78 vers B<\/h2>\t\t<\/div>\n\t\t\t\t<\/div>\n\t\t\t\t\t<\/div>\n\t\t<\/div>\n\t\t\t\t\t\t\t<\/div>\n\t\t<\/section>\n\t\t\t\t<section class=\"elementor-section elementor-top-section elementor-element elementor-element-7cdfbe9 elementor-section-full_width elementor-section-height-default elementor-section-height-default\" data-id=\"7cdfbe9\" data-element_type=\"section\">\n\t\t\t\t\t\t<div class=\"elementor-container elementor-column-gap-default\">\n\t\t\t\t\t<div class=\"elementor-column elementor-col-100 elementor-top-column elementor-element elementor-element-42a1c8f\" data-id=\"42a1c8f\" data-element_type=\"column\">\n\t\t\t<div class=\"elementor-widget-wrap elementor-element-populated\">\n\t\t\t\t\t\t\t\t<div class=\"elementor-element elementor-element-a6eae09 elementor-widget elementor-widget-text-editor\" data-id=\"a6eae09\" data-element_type=\"widget\" data-widget_type=\"text-editor.default\">\n\t\t\t\t<div class=\"elementor-widget-container\">\n\t\t\t<style>\/*! elementor - v3.7.2 - 21-08-2022 *\/\n.elementor-widget-text-editor.elementor-drop-cap-view-stacked .elementor-drop-cap{background-color:#818a91;color:#fff}.elementor-widget-text-editor.elementor-drop-cap-view-framed .elementor-drop-cap{color:#818a91;border:3px solid;background-color:transparent}.elementor-widget-text-editor:not(.elementor-drop-cap-view-default) .elementor-drop-cap{margin-top:8px}.elementor-widget-text-editor:not(.elementor-drop-cap-view-default) .elementor-drop-cap-letter{width:1em;height:1em}.elementor-widget-text-editor .elementor-drop-cap{float:left;text-align:center;line-height:1;font-size:50px}.elementor-widget-text-editor .elementor-drop-cap-letter{display:inline-block}<\/style>\t\t\t\t<p>3 mois apr\u00e8s avoir obtenu le permis B en boite automatique, on te propose une formation de 7 heures. Formation se d\u00e9roulant sur un v\u00e9hicule \u00e0 boite manuelle. L&rsquo;objectif principal est de maitriser la m\u00e9canique de la boite manuelle et de pouvoir \u00e9voluer dans la circulation. A l&rsquo;issue de la formation, une attestation t&rsquo;est d\u00e9livr\u00e9e et on s&rsquo;occupe de demander ton nouveau permis avec la lev\u00e9e de la restriction 78 (pour pouvoir ainsi conduire tout type de v\u00e9hicule, manuel ou automatique).<\/p>\t\t\t\t\t\t<\/div>\n\t\t\t\t<\/div>\n\t\t\t\t\t<\/div>\n\t\t<\/div>\n\t\t\t\t\t\t\t<\/div>\n\t\t<\/section>\n\t\t\t\t\t\t\t<\/div>\n\t\t","protected":false},"excerpt":{"rendered":"<p>Passerelle B78 vers B 3 mois apr\u00e8s avoir obtenu le permis B en boite automatique, on te propose une formation de 7 heures. Formation se d\u00e9roulant sur un v\u00e9hicule \u00e0 boite manuelle. L&rsquo;objectif principal est de maitriser la m\u00e9canique de la boite manuelle et de pouvoir \u00e9voluer dans la circulation. A l&rsquo;issue de la formation, &hellip;<\/p>\n<p class=\"read-more\"> <a class=\"\" href=\"https:\/\/brindeconduite.com\/?page_id=1709\">  Lire la suite\u00a0\u00bb<\/a><\/p>\n","protected":false},"author":1,"featured_media":0,"parent":0,"menu_order":0,"comment_status":"closed","ping_status":"closed","template":"","meta":{"site-sidebar-layout":"no-sidebar","site-content-layout":"page-builder","ast-global-header-display":"","ast-main-header-display":"","ast-hfb-above-header-display":"","ast-hfb-below-header-display":"","ast-hfb-mobile-header-display":"","site-post-title":"disabled","ast-breadcrumbs-content":"","ast-featured-img":"disabled","footer-sml-layout":"","theme-transparent-header-meta":"","adv-header-id-meta":"","stick-header-meta":"","header-above-stick-meta":"","header-main-stick-meta":"","header-below-stick-meta":""},"_links":{"self":[{"href":"https:\/\/brindeconduite.com\/index.php?rest_route=\/wp\/v2\/pages\/1709"}],"collection":[{"href":"https:\/\/brindeconduite.com\/index.php?rest_route=\/wp\/v2\/pages"}],"about":[{"href":"https:\/\/brindeconduite.com\/index.php?rest_route=\/wp\/v2\/types\/page"}],"author":[{"embeddable":true,"href":"https:\/\/brindeconduite.com\/index.php?rest_route=\/wp\/v2\/users\/1"}],"replies":[{"embeddable":true,"href":"https:\/\/brindeconduite.com\/index.php?rest_route=%2Fwp%2Fv2%2Fcomments&post=1709"}],"version-history":[{"count":8,"href":"https:\/\/brindeconduite.com\/index.php?rest_route=\/wp\/v2\/pages\/1709\/revisions"}],"predecessor-version":[{"id":2037,"href":"https:\/\/brindeconduite.com\/index.php?rest_route=\/wp\/v2\/pages\/1709\/revisions\/2037"}],"wp:attachment":[{"href":"https:\/\/brindeconduite.com\/index.php?rest_route=%2Fwp%2Fv2%2Fmedia&parent=1709"}],"curies":[{"name":"wp","href":"https:\/\/api.w.org\/{rel}","templated":true}]}}