{"id":1700,"date":"2023-07-10T15:29:41","date_gmt":"2023-07-10T15:29:41","guid":{"rendered":"https:\/\/brindeconduite.com\/?page_id=1700"},"modified":"2023-07-29T09:06:54","modified_gmt":"2023-07-29T09:06:54","slug":"elementor-1700","status":"publish","type":"page","link":"https:\/\/brindeconduite.com\/?page_id=1700","title":{"rendered":""},"content":{"rendered":"\t\t<div data-elementor-type=\"wp-page\" data-elementor-id=\"1700\" class=\"elementor elementor-1700\">\n\t\t\t\t\t\t\t\t\t<section class=\"elementor-section elementor-top-section elementor-element elementor-element-5fb63b2 elementor-section-full_width elementor-section-height-default elementor-section-height-default\" data-id=\"5fb63b2\" data-element_type=\"section\">\n\t\t\t\t\t\t<div class=\"elementor-container elementor-column-gap-default\">\n\t\t\t\t\t<div class=\"elementor-column elementor-col-100 elementor-top-column elementor-element elementor-element-2454b6e\" data-id=\"2454b6e\" data-element_type=\"column\">\n\t\t\t<div class=\"elementor-widget-wrap elementor-element-populated\">\n\t\t\t\t\t\t\t\t<div class=\"elementor-element elementor-element-f0391c5 elementor-widget elementor-widget-heading\" data-id=\"f0391c5\" data-element_type=\"widget\" data-widget_type=\"heading.default\">\n\t\t\t\t<div class=\"elementor-widget-container\">\n\t\t\t<style>\/*! elementor - v3.7.2 - 21-08-2022 *\/\n.elementor-heading-title{padding:0;margin:0;line-height:1}.elementor-widget-heading .elementor-heading-title[class*=elementor-size-]>a{color:inherit;font-size:inherit;line-height:inherit}.elementor-widget-heading .elementor-heading-title.elementor-size-small{font-size:15px}.elementor-widget-heading .elementor-heading-title.elementor-size-medium{font-size:19px}.elementor-widget-heading .elementor-heading-title.elementor-size-large{font-size:29px}.elementor-widget-heading .elementor-heading-title.elementor-size-xl{font-size:39px}.elementor-widget-heading .elementor-heading-title.elementor-size-xxl{font-size:59px}<\/style><h2 class=\"elementor-heading-title elementor-size-default\"><a href=\"https:\/\/brindeconduite.com\/?page_id=1638\">Permis B<\/a><\/h2>\t\t<\/div>\n\t\t\t\t<\/div>\n\t\t\t\t\t<\/div>\n\t\t<\/div>\n\t\t\t\t\t\t\t<\/div>\n\t\t<\/section>\n\t\t\t\t<section class=\"elementor-section elementor-top-section elementor-element elementor-element-15f84f6 elementor-section-full_width elementor-section-height-default elementor-section-height-default\" data-id=\"15f84f6\" data-element_type=\"section\">\n\t\t\t\t\t\t<div class=\"elementor-container elementor-column-gap-default\">\n\t\t\t\t\t<div class=\"elementor-column elementor-col-100 elementor-top-column elementor-element elementor-element-9feb06f\" data-id=\"9feb06f\" data-element_type=\"column\">\n\t\t\t<div class=\"elementor-widget-wrap elementor-element-populated\">\n\t\t\t\t\t\t\t\t<div class=\"elementor-element elementor-element-9713244 elementor-widget elementor-widget-text-editor\" data-id=\"9713244\" data-element_type=\"widget\" data-widget_type=\"text-editor.default\">\n\t\t\t\t<div class=\"elementor-widget-container\">\n\t\t\t<style>\/*! elementor - v3.7.2 - 21-08-2022 *\/\n.elementor-widget-text-editor.elementor-drop-cap-view-stacked .elementor-drop-cap{background-color:#818a91;color:#fff}.elementor-widget-text-editor.elementor-drop-cap-view-framed .elementor-drop-cap{color:#818a91;border:3px solid;background-color:transparent}.elementor-widget-text-editor:not(.elementor-drop-cap-view-default) .elementor-drop-cap{margin-top:8px}.elementor-widget-text-editor:not(.elementor-drop-cap-view-default) .elementor-drop-cap-letter{width:1em;height:1em}.elementor-widget-text-editor .elementor-drop-cap{float:left;text-align:center;line-height:1;font-size:50px}.elementor-widget-text-editor .elementor-drop-cap-letter{display:inline-block}<\/style>\t\t\t\t<p>Le permis de conduire est une autorisation d\u00e9livr\u00e9e par l\u2019Etat attestant qu\u2019une personne est apte \u00e0 conduire un v\u00e9hicule dans l\u2019espace public de circulation, sans mettre en danger sa vie ni celle des autres. Il existe plusieurs cat\u00e9gories de permis de conduire, dont le permis B qui permet de conduire un v\u00e9hicule dont le poids total en charge est inf\u00e9rieur \u00e0 3,5 tonnes, et ce jusqu\u2019\u00e0 8 passagers. Son obtention est soumise \u00e0 des conditions administratives et r\u00e9glementaires, \u00e0 des conditions d\u2019\u00e2ge, de formation et de r\u00e9ussite aux examens compos\u00e9s de l\u2019\u00e9preuve th\u00e9orique g\u00e9n\u00e9rale (ETG) et d\u2019une \u00e9preuve de conduite.<br><\/p>\t\t\t\t\t\t<\/div>\n\t\t\t\t<\/div>\n\t\t\t\t\t<\/div>\n\t\t<\/div>\n\t\t\t\t\t\t\t<\/div>\n\t\t<\/section>\n\t\t\t\t<section class=\"elementor-section elementor-top-section elementor-element elementor-element-3f8c3c4 elementor-section-full_width elementor-section-height-default elementor-section-height-default\" data-id=\"3f8c3c4\" data-element_type=\"section\">\n\t\t\t\t\t\t<div class=\"elementor-container elementor-column-gap-default\">\n\t\t\t\t\t<div class=\"elementor-column elementor-col-100 elementor-top-column elementor-element elementor-element-0c45814\" data-id=\"0c45814\" data-element_type=\"column\">\n\t\t\t<div class=\"elementor-widget-wrap elementor-element-populated\">\n\t\t\t\t\t\t\t\t<div class=\"elementor-element elementor-element-fe67ec1 elementor-widget elementor-widget-text-editor\" data-id=\"fe67ec1\" data-element_type=\"widget\" data-widget_type=\"text-editor.default\">\n\t\t\t\t<div class=\"elementor-widget-container\">\n\t\t\t\t\t\t\t<p>Inscription possible d\u00e8s 16 ans et passage de l\u2019examen pratique \u00e0 18 ans. La formation pratique minimum obligatoire est de 20 heures, \u00e0 noter que la moyenne nationale avant de se pr\u00e9senter \u00e0 l&rsquo;examen est d&rsquo;environ 32 heures.<br><\/p>\t\t\t\t\t\t<\/div>\n\t\t\t\t<\/div>\n\t\t\t\t\t<\/div>\n\t\t<\/div>\n\t\t\t\t\t\t\t<\/div>\n\t\t<\/section>\n\t\t\t\t\t\t\t<\/div>\n\t\t","protected":false},"excerpt":{"rendered":"<p>Permis B Le permis de conduire est une autorisation d\u00e9livr\u00e9e par l\u2019Etat attestant qu\u2019une personne est apte \u00e0 conduire un v\u00e9hicule dans l\u2019espace public de circulation, sans mettre en danger sa vie ni celle des autres. Il existe plusieurs cat\u00e9gories de permis de conduire, dont le permis B qui permet de conduire un v\u00e9hicule dont &hellip;<\/p>\n<p class=\"read-more\"> <a class=\"\" href=\"https:\/\/brindeconduite.com\/?page_id=1700\">  Lire la suite\u00a0\u00bb<\/a><\/p>\n","protected":false},"author":1,"featured_media":0,"parent":0,"menu_order":0,"comment_status":"closed","ping_status":"closed","template":"","meta":{"site-sidebar-layout":"no-sidebar","site-content-layout":"page-builder","ast-global-header-display":"","ast-main-header-display":"","ast-hfb-above-header-display":"","ast-hfb-below-header-display":"","ast-hfb-mobile-header-display":"","site-post-title":"disabled","ast-breadcrumbs-content":"","ast-featured-img":"disabled","footer-sml-layout":"","theme-transparent-header-meta":"","adv-header-id-meta":"","stick-header-meta":"","header-above-stick-meta":"","header-main-stick-meta":"","header-below-stick-meta":""},"_links":{"self":[{"href":"https:\/\/brindeconduite.com\/index.php?rest_route=\/wp\/v2\/pages\/1700"}],"collection":[{"href":"https:\/\/brindeconduite.com\/index.php?rest_route=\/wp\/v2\/pages"}],"about":[{"href":"https:\/\/brindeconduite.com\/index.php?rest_route=\/wp\/v2\/types\/page"}],"author":[{"embeddable":true,"href":"https:\/\/brindeconduite.com\/index.php?rest_route=\/wp\/v2\/users\/1"}],"replies":[{"embeddable":true,"href":"https:\/\/brindeconduite.com\/index.php?rest_route=%2Fwp%2Fv2%2Fcomments&post=1700"}],"version-history":[{"count":14,"href":"https:\/\/brindeconduite.com\/index.php?rest_route=\/wp\/v2\/pages\/1700\/revisions"}],"predecessor-version":[{"id":2043,"href":"https:\/\/brindeconduite.com\/index.php?rest_route=\/wp\/v2\/pages\/1700\/revisions\/2043"}],"wp:attachment":[{"href":"https:\/\/brindeconduite.com\/index.php?rest_route=%2Fwp%2Fv2%2Fmedia&parent=1700"}],"curies":[{"name":"wp","href":"https:\/\/api.w.org\/{rel}","templated":true}]}}