{"id":1688,"date":"2023-07-10T15:19:51","date_gmt":"2023-07-10T15:19:51","guid":{"rendered":"https:\/\/brindeconduite.com\/?page_id=1688"},"modified":"2023-07-29T08:55:34","modified_gmt":"2023-07-29T08:55:34","slug":"elementor-1688","status":"publish","type":"page","link":"https:\/\/brindeconduite.com\/?page_id=1688","title":{"rendered":""},"content":{"rendered":"\t\t<div data-elementor-type=\"wp-page\" data-elementor-id=\"1688\" class=\"elementor elementor-1688\">\n\t\t\t\t\t\t\t\t\t<section class=\"elementor-section elementor-top-section elementor-element elementor-element-6c7c03c elementor-section-full_width elementor-section-height-default elementor-section-height-default\" data-id=\"6c7c03c\" data-element_type=\"section\">\n\t\t\t\t\t\t<div class=\"elementor-container elementor-column-gap-default\">\n\t\t\t\t\t<div class=\"elementor-column elementor-col-100 elementor-top-column elementor-element elementor-element-867190d\" data-id=\"867190d\" data-element_type=\"column\">\n\t\t\t<div class=\"elementor-widget-wrap elementor-element-populated\">\n\t\t\t\t\t\t\t\t<div class=\"elementor-element elementor-element-88dca57 elementor-widget elementor-widget-heading\" data-id=\"88dca57\" data-element_type=\"widget\" data-widget_type=\"heading.default\">\n\t\t\t\t<div class=\"elementor-widget-container\">\n\t\t\t<style>\/*! elementor - v3.7.2 - 21-08-2022 *\/\n.elementor-heading-title{padding:0;margin:0;line-height:1}.elementor-widget-heading .elementor-heading-title[class*=elementor-size-]>a{color:inherit;font-size:inherit;line-height:inherit}.elementor-widget-heading .elementor-heading-title.elementor-size-small{font-size:15px}.elementor-widget-heading .elementor-heading-title.elementor-size-medium{font-size:19px}.elementor-widget-heading .elementor-heading-title.elementor-size-large{font-size:29px}.elementor-widget-heading .elementor-heading-title.elementor-size-xl{font-size:39px}.elementor-widget-heading .elementor-heading-title.elementor-size-xxl{font-size:59px}<\/style><h2 class=\"elementor-heading-title elementor-size-default\"><a href=\"https:\/\/brindeconduite.com\/?page_id=1638\">Permis Boite Auto (B78)<\/a><\/h2>\t\t<\/div>\n\t\t\t\t<\/div>\n\t\t\t\t\t<\/div>\n\t\t<\/div>\n\t\t\t\t\t\t\t<\/div>\n\t\t<\/section>\n\t\t\t\t<section class=\"elementor-section elementor-top-section elementor-element elementor-element-9b0c34d elementor-section-full_width elementor-section-height-default elementor-section-height-default\" data-id=\"9b0c34d\" data-element_type=\"section\">\n\t\t\t\t\t\t<div class=\"elementor-container elementor-column-gap-default\">\n\t\t\t\t\t<div class=\"elementor-column elementor-col-100 elementor-top-column elementor-element elementor-element-98b3ed1\" data-id=\"98b3ed1\" data-element_type=\"column\">\n\t\t\t<div class=\"elementor-widget-wrap elementor-element-populated\">\n\t\t\t\t\t\t\t\t<div class=\"elementor-element elementor-element-93934ff elementor-widget elementor-widget-text-editor\" data-id=\"93934ff\" data-element_type=\"widget\" data-widget_type=\"text-editor.default\">\n\t\t\t\t<div class=\"elementor-widget-container\">\n\t\t\t<style>\/*! elementor - v3.7.2 - 21-08-2022 *\/\n.elementor-widget-text-editor.elementor-drop-cap-view-stacked .elementor-drop-cap{background-color:#818a91;color:#fff}.elementor-widget-text-editor.elementor-drop-cap-view-framed .elementor-drop-cap{color:#818a91;border:3px solid;background-color:transparent}.elementor-widget-text-editor:not(.elementor-drop-cap-view-default) .elementor-drop-cap{margin-top:8px}.elementor-widget-text-editor:not(.elementor-drop-cap-view-default) .elementor-drop-cap-letter{width:1em;height:1em}.elementor-widget-text-editor .elementor-drop-cap{float:left;text-align:center;line-height:1;font-size:50px}.elementor-widget-text-editor .elementor-drop-cap-letter{display:inline-block}<\/style>\t\t\t\t<p>Le permis de conduire est une autorisation d\u00e9livr\u00e9e par l\u2019Etat attestant qu\u2019une personne est apte \u00e0 conduire un v\u00e9hicule dans l\u2019espace public de circulation, sans mettre en danger sa vie ni celle des autres. Il existe plusieurs cat\u00e9gories de permis de conduire, dont le permis B qui permet de conduire un v\u00e9hicule dont le poids total en charge est inf\u00e9rieur \u00e0 3,5 tonnes, et ce jusqu\u2019\u00e0 8 passagers. Son obtention est soumise \u00e0 des conditions administratives et r\u00e9glementaires, \u00e0 des conditions d\u2019\u00e2ge, de formation et de r\u00e9ussite aux examens compos\u00e9s de l\u2019\u00e9preuve th\u00e9orique g\u00e9n\u00e9rale (ETG) et d\u2019une \u00e9preuve de conduite.<br><\/p>\t\t\t\t\t\t<\/div>\n\t\t\t\t<\/div>\n\t\t\t\t\t<\/div>\n\t\t<\/div>\n\t\t\t\t\t\t\t<\/div>\n\t\t<\/section>\n\t\t\t\t<section class=\"elementor-section elementor-top-section elementor-element elementor-element-9e496d9 elementor-section-full_width elementor-section-height-default elementor-section-height-default\" data-id=\"9e496d9\" data-element_type=\"section\">\n\t\t\t\t\t\t<div class=\"elementor-container elementor-column-gap-default\">\n\t\t\t\t\t<div class=\"elementor-column elementor-col-100 elementor-top-column elementor-element elementor-element-76962e1\" data-id=\"76962e1\" data-element_type=\"column\">\n\t\t\t<div class=\"elementor-widget-wrap elementor-element-populated\">\n\t\t\t\t\t\t\t\t<div class=\"elementor-element elementor-element-74b4c11 elementor-widget elementor-widget-text-editor\" data-id=\"74b4c11\" data-element_type=\"widget\" data-widget_type=\"text-editor.default\">\n\t\t\t\t<div class=\"elementor-widget-container\">\n\t\t\t\t\t\t\t<p>Inscription possible d\u00e8s 16 ans et passage de l&rsquo;examen pratique \u00e0 18 ans. Avec le permis Boite Auto, il n&rsquo;est autoris\u00e9 de conduire que des v\u00e9hicules avec un changement automatique de vitesses (restrictions B78). Mais il est possible de lever cette restriction en suivant la passerelle B78 vers B (simple formation de 7 heures, sans nouvel examen). La partie m\u00e9canique \u00e9tant all\u00e9g\u00e9e, la formation pratique minimum obligatoire n&rsquo;est que de 13 heures (au lieu des 20 heures).<br><\/p>\t\t\t\t\t\t<\/div>\n\t\t\t\t<\/div>\n\t\t\t\t\t<\/div>\n\t\t<\/div>\n\t\t\t\t\t\t\t<\/div>\n\t\t<\/section>\n\t\t\t\t\t\t\t<\/div>\n\t\t","protected":false},"excerpt":{"rendered":"<p>Permis Boite Auto (B78) Le permis de conduire est une autorisation d\u00e9livr\u00e9e par l\u2019Etat attestant qu\u2019une personne est apte \u00e0 conduire un v\u00e9hicule dans l\u2019espace public de circulation, sans mettre en danger sa vie ni celle des autres. Il existe plusieurs cat\u00e9gories de permis de conduire, dont le permis B qui permet de conduire un &hellip;<\/p>\n<p class=\"read-more\"> <a class=\"\" href=\"https:\/\/brindeconduite.com\/?page_id=1688\">  Lire la suite\u00a0\u00bb<\/a><\/p>\n","protected":false},"author":1,"featured_media":0,"parent":0,"menu_order":0,"comment_status":"closed","ping_status":"closed","template":"","meta":{"site-sidebar-layout":"no-sidebar","site-content-layout":"page-builder","ast-global-header-display":"","ast-main-header-display":"","ast-hfb-above-header-display":"","ast-hfb-below-header-display":"","ast-hfb-mobile-header-display":"","site-post-title":"disabled","ast-breadcrumbs-content":"","ast-featured-img":"disabled","footer-sml-layout":"","theme-transparent-header-meta":"","adv-header-id-meta":"","stick-header-meta":"","header-above-stick-meta":"","header-main-stick-meta":"","header-below-stick-meta":""},"_links":{"self":[{"href":"https:\/\/brindeconduite.com\/index.php?rest_route=\/wp\/v2\/pages\/1688"}],"collection":[{"href":"https:\/\/brindeconduite.com\/index.php?rest_route=\/wp\/v2\/pages"}],"about":[{"href":"https:\/\/brindeconduite.com\/index.php?rest_route=\/wp\/v2\/types\/page"}],"author":[{"embeddable":true,"href":"https:\/\/brindeconduite.com\/index.php?rest_route=\/wp\/v2\/users\/1"}],"replies":[{"embeddable":true,"href":"https:\/\/brindeconduite.com\/index.php?rest_route=%2Fwp%2Fv2%2Fcomments&post=1688"}],"version-history":[{"count":17,"href":"https:\/\/brindeconduite.com\/index.php?rest_route=\/wp\/v2\/pages\/1688\/revisions"}],"predecessor-version":[{"id":2019,"href":"https:\/\/brindeconduite.com\/index.php?rest_route=\/wp\/v2\/pages\/1688\/revisions\/2019"}],"wp:attachment":[{"href":"https:\/\/brindeconduite.com\/index.php?rest_route=%2Fwp%2Fv2%2Fmedia&parent=1688"}],"curies":[{"name":"wp","href":"https:\/\/api.w.org\/{rel}","templated":true}]}}