{"id":1678,"date":"2023-07-10T15:12:21","date_gmt":"2023-07-10T15:12:21","guid":{"rendered":"https:\/\/brindeconduite.com\/?page_id=1678"},"modified":"2023-07-29T09:03:35","modified_gmt":"2023-07-29T09:03:35","slug":"elementor-1678","status":"publish","type":"page","link":"https:\/\/brindeconduite.com\/?page_id=1678","title":{"rendered":""},"content":{"rendered":"\t\t<div data-elementor-type=\"wp-page\" data-elementor-id=\"1678\" class=\"elementor elementor-1678\">\n\t\t\t\t\t\t\t\t\t<section class=\"elementor-section elementor-top-section elementor-element elementor-element-5d5165a elementor-section-full_width elementor-section-height-default elementor-section-height-default\" data-id=\"5d5165a\" data-element_type=\"section\">\n\t\t\t\t\t\t<div class=\"elementor-container elementor-column-gap-default\">\n\t\t\t\t\t<div class=\"elementor-column elementor-col-100 elementor-top-column elementor-element elementor-element-9224b4f\" data-id=\"9224b4f\" data-element_type=\"column\">\n\t\t\t<div class=\"elementor-widget-wrap elementor-element-populated\">\n\t\t\t\t\t\t\t\t<div class=\"elementor-element elementor-element-b20e97d elementor-widget elementor-widget-heading\" data-id=\"b20e97d\" data-element_type=\"widget\" data-widget_type=\"heading.default\">\n\t\t\t\t<div class=\"elementor-widget-container\">\n\t\t\t<style>\/*! elementor - v3.7.2 - 21-08-2022 *\/\n.elementor-heading-title{padding:0;margin:0;line-height:1}.elementor-widget-heading .elementor-heading-title[class*=elementor-size-]>a{color:inherit;font-size:inherit;line-height:inherit}.elementor-widget-heading .elementor-heading-title.elementor-size-small{font-size:15px}.elementor-widget-heading .elementor-heading-title.elementor-size-medium{font-size:19px}.elementor-widget-heading .elementor-heading-title.elementor-size-large{font-size:29px}.elementor-widget-heading .elementor-heading-title.elementor-size-xl{font-size:39px}.elementor-widget-heading .elementor-heading-title.elementor-size-xxl{font-size:59px}<\/style><h2 class=\"elementor-heading-title elementor-size-default\">Permis AM option quadricycle uniquement<\/h2>\t\t<\/div>\n\t\t\t\t<\/div>\n\t\t\t\t\t<\/div>\n\t\t<\/div>\n\t\t\t\t\t\t\t<\/div>\n\t\t<\/section>\n\t\t\t\t<section class=\"elementor-section elementor-top-section elementor-element elementor-element-fbcb8e5 elementor-section-boxed elementor-section-height-default elementor-section-height-default\" data-id=\"fbcb8e5\" data-element_type=\"section\">\n\t\t\t\t\t\t<div class=\"elementor-container elementor-column-gap-default\">\n\t\t\t\t\t<div class=\"elementor-column elementor-col-100 elementor-top-column elementor-element elementor-element-3e368ee\" data-id=\"3e368ee\" data-element_type=\"column\">\n\t\t\t<div class=\"elementor-widget-wrap elementor-element-populated\">\n\t\t\t\t\t\t\t\t<div class=\"elementor-element elementor-element-a923a15 elementor-widget elementor-widget-text-editor\" data-id=\"a923a15\" data-element_type=\"widget\" data-widget_type=\"text-editor.default\">\n\t\t\t\t<div class=\"elementor-widget-container\">\n\t\t\t<style>\/*! elementor - v3.7.2 - 21-08-2022 *\/\n.elementor-widget-text-editor.elementor-drop-cap-view-stacked .elementor-drop-cap{background-color:#818a91;color:#fff}.elementor-widget-text-editor.elementor-drop-cap-view-framed .elementor-drop-cap{color:#818a91;border:3px solid;background-color:transparent}.elementor-widget-text-editor:not(.elementor-drop-cap-view-default) .elementor-drop-cap{margin-top:8px}.elementor-widget-text-editor:not(.elementor-drop-cap-view-default) .elementor-drop-cap-letter{width:1em;height:1em}.elementor-widget-text-editor .elementor-drop-cap{float:left;text-align:center;line-height:1;font-size:50px}.elementor-widget-text-editor .elementor-drop-cap-letter{display:inline-block}<\/style>\t\t\t\t<p>Se d\u00e9placer est tr\u00e8s important pour tout un chacun, et \u00e0 tout \u00e2ge. Jeunes ou moins jeunes, nous avons besoin de nous rendre \u00e0 diff\u00e9rents lieux, \u00e0 diff\u00e9rents moments dans la journ\u00e9e. Et lorsqu\u2019il est impossible de le faire (d\u00e9gradation de l\u2019\u00e9tat de sant\u00e9, perte du permis etc\u2026), cela cr\u00e9e des difficult\u00e9s dans le quotidien. Surtout dans notre secteur rural o\u00f9 les distances sont plus grandes et pour ne pas \u00eatre trop isol\u00e9, difficile de se passer de v\u00e9hicule \u00e0 moteur (transport en commun ou transport individuel).&nbsp;&nbsp;<span style=\"background-color: var(--ast-global-color-5); color: var( --e-global-color-text ); font-family: var( --e-global-typography-primary-font-family ), Sans-serif; font-style: inherit;\">Sans compter que le quotidien de nos ados est aujourd\u2019hui de plus en plus charg\u00e9 : les cours, le sport, le th\u00e9\u00e2tre, les stages, les sorties\u2026 Alors quand le v\u00e9lo n\u2019est pas pratique (trop de distances, conditions m\u00e9t\u00e9o), que l\u2019horaire du bus ne correspond pas \u00e0 l\u2019horaire des sorties, pensez \u00e0 la voiturette. Votre enfant gagnera en autonome, ce qui lib\u00e8rera aussi du temps pour vous. Et plus s\u00e9curis\u00e9e qu\u2019un cyclomoteur, la voiturette est aussi source d\u2019ind\u00e9pendance et de responsabilisation : conduire un v\u00e9hicule, quel qu\u2019il soit, oblige \u00e0 grandir (respect des r\u00e8gles, entretien de son v\u00e9hicule\u2026). Bref un premier pas dans le monde d\u2019adulte.&nbsp;<\/span><span style=\"font-style: inherit; color: var( --e-global-color-text ); font-family: var( --e-global-typography-primary-font-family ), Sans-serif; background-color: var(--ast-global-color-5);\">C\u2019est pourquoi, une formation est indispensable et Brin de Conduite vous accompagne. N\u2019h\u00e9sitez pas \u00e0 venir vous renseigner !<\/span><\/p>\n<p><span style=\"font-style: inherit; color: var( --e-global-color-text ); font-family: var( --e-global-typography-primary-font-family ), Sans-serif; background-color: var(--ast-global-color-5);\">Conditions :<\/span><br><\/p>\n<ul>\n<li><span style=\"background-color: var(--ast-global-color-5); color: var( --e-global-color-text ); font-family: var( --e-global-typography-primary-font-family ), Sans-serif; font-style: inherit;\">\u00eatre \u00e2g\u00e9 de 14 ans r\u00e9volu<\/span><\/li>\n<li><span style=\"font-style: inherit; color: var( --e-global-color-text ); font-family: var( --e-global-typography-primary-font-family ), Sans-serif; background-color: var(--ast-global-color-5);\">avoir effectu\u00e9 la formation th\u00e9orique en milieu scolaire (ASSR1, ASSR2 ou ASR)<\/span><\/li>\n<li><span style=\"font-style: inherit; color: var( --e-global-color-text ); font-family: var( --e-global-typography-primary-font-family ), Sans-serif; background-color: var(--ast-global-color-5);\">d\u00e9tenir le quadricycle et \u00eatre assur\u00e9 pour l\u2019apprentissage<\/span><\/li>\n<\/ul>\n<ul>\n<\/ul>\n<p><span style=\"font-style: inherit; color: var( --e-global-color-text ); font-family: var( --e-global-typography-primary-font-family ), Sans-serif; background-color: var(--ast-global-color-5);\">D\u00e9roul\u00e9 :<\/span><br><\/p>\n<ul>\n<li><span style=\"font-style: inherit; color: var( --e-global-color-text ); font-family: var( --e-global-typography-primary-font-family ), Sans-serif; background-color: var(--ast-global-color-5);\">avant la formation : un livret doit \u00eatre remis \u00e0 l\u2019\u00e9l\u00e8ve pour qu\u2019il commence \u00e0 se plonger dans sa formation (recherche d\u2019autonomie et prise de conscience du risque)<\/span><\/li>\n<li><span style=\"font-style: inherit; color: var( --e-global-color-text ); font-family: var( --e-global-typography-primary-font-family ), Sans-serif; background-color: var(--ast-global-color-5);\">la formation en elle-m\u00eame : 8 heures \u00e9tal\u00e9es sur 2 demi-journ\u00e9es entrecoup\u00e9es de s\u00e9quences en salle et en v\u00e9hicule. La pratique se d\u00e9roule avec votre voiturette, pensez \u00e0 l&rsquo;assurer au pr\u00e9alable<\/span><\/li>\n<li><span style=\"font-style: inherit; color: var( --e-global-color-text ); font-family: var( --e-global-typography-primary-font-family ), Sans-serif; background-color: var(--ast-global-color-5);\">apr\u00e8s la formation : apr\u00e8s une s\u00e9quence en pr\u00e9sence d\u2019un parent, et si le suivi a \u00e9t\u00e9 assidu, une attestation de suivi pratique (BSR) est remise \u00e0 l\u2019\u00e9l\u00e8ve, qui a une validit\u00e9 de 4 mois dans l\u2019attente du titre d\u00e9finitif.<\/span><\/li>\n<\/ul>\n<p><span style=\"font-style: inherit; color: var( --e-global-color-text ); font-family: var( --e-global-typography-primary-font-family ), Sans-serif; background-color: var(--ast-global-color-5);\">Contenu de la formation :&nbsp;<\/span><br><\/p>\n<ul>\n<li><span style=\"font-style: inherit; color: var( --e-global-color-text ); font-family: var( --e-global-typography-primary-font-family ), Sans-serif; background-color: var(--ast-global-color-5);\">S\u00e9quence 1 : Echanges sur les repr\u00e9sentations individuelles autour de la conduite.<\/span><\/li>\n<li><span style=\"font-style: inherit; color: var( --e-global-color-text ); font-family: var( --e-global-typography-primary-font-family ), Sans-serif; background-color: var(--ast-global-color-5);\">S\u00e9quence 2 : Formation \u00e0 la conduite hors circulation.<\/span><\/li>\n<li><span style=\"font-style: inherit; color: var( --e-global-color-text ); font-family: var( --e-global-typography-primary-font-family ), Sans-serif; background-color: var(--ast-global-color-5);\">S\u00e9quence 3 : Apports th\u00e9oriques (code de la route)<\/span><\/li>\n<li><span style=\"font-style: inherit; color: var( --e-global-color-text ); font-family: var( --e-global-typography-primary-font-family ), Sans-serif; background-color: var(--ast-global-color-5);\">S\u00e9quence 4 : Formation \u00e0 la conduite sur les voies ouvertes \u00e0 la circulation publique.<\/span><\/li>\n<li><span style=\"font-style: inherit; color: var( --e-global-color-text ); font-family: var( --e-global-typography-primary-font-family ), Sans-serif; background-color: var(--ast-global-color-5);\">S\u00e9quence 5 : Sensibilisation aux risques. Cette s\u00e9quence cl\u00f4ture la formation et se d\u00e9roule en pr\u00e9sence, pour les \u00e9l\u00e8ves mineurs, de l\u2019un au moins des parents ou du repr\u00e9sentant l\u00e9gal.<\/span><\/li>\n<\/ul>\n<div>*\u00e0 noter qu&rsquo;avec le permis AM option quadricycle, il n&rsquo;est pas possible de conduire un cyclomoteur.<\/div>\t\t\t\t\t\t<\/div>\n\t\t\t\t<\/div>\n\t\t\t\t\t<\/div>\n\t\t<\/div>\n\t\t\t\t\t\t\t<\/div>\n\t\t<\/section>\n\t\t\t\t\t\t\t<\/div>\n\t\t","protected":false},"excerpt":{"rendered":"<p>Permis AM option quadricycle uniquement Se d\u00e9placer est tr\u00e8s important pour tout un chacun, et \u00e0 tout \u00e2ge. Jeunes ou moins jeunes, nous avons besoin de nous rendre \u00e0 diff\u00e9rents lieux, \u00e0 diff\u00e9rents moments dans la journ\u00e9e. Et lorsqu\u2019il est impossible de le faire (d\u00e9gradation de l\u2019\u00e9tat de sant\u00e9, perte du permis etc\u2026), cela cr\u00e9e &hellip;<\/p>\n<p class=\"read-more\"> <a class=\"\" href=\"https:\/\/brindeconduite.com\/?page_id=1678\">  Lire la suite\u00a0\u00bb<\/a><\/p>\n","protected":false},"author":1,"featured_media":0,"parent":0,"menu_order":0,"comment_status":"closed","ping_status":"closed","template":"","meta":{"site-sidebar-layout":"no-sidebar","site-content-layout":"page-builder","ast-global-header-display":"","ast-main-header-display":"","ast-hfb-above-header-display":"","ast-hfb-below-header-display":"","ast-hfb-mobile-header-display":"","site-post-title":"disabled","ast-breadcrumbs-content":"","ast-featured-img":"disabled","footer-sml-layout":"","theme-transparent-header-meta":"","adv-header-id-meta":"","stick-header-meta":"","header-above-stick-meta":"","header-main-stick-meta":"","header-below-stick-meta":""},"_links":{"self":[{"href":"https:\/\/brindeconduite.com\/index.php?rest_route=\/wp\/v2\/pages\/1678"}],"collection":[{"href":"https:\/\/brindeconduite.com\/index.php?rest_route=\/wp\/v2\/pages"}],"about":[{"href":"https:\/\/brindeconduite.com\/index.php?rest_route=\/wp\/v2\/types\/page"}],"author":[{"embeddable":true,"href":"https:\/\/brindeconduite.com\/index.php?rest_route=\/wp\/v2\/users\/1"}],"replies":[{"embeddable":true,"href":"https:\/\/brindeconduite.com\/index.php?rest_route=%2Fwp%2Fv2%2Fcomments&post=1678"}],"version-history":[{"count":20,"href":"https:\/\/brindeconduite.com\/index.php?rest_route=\/wp\/v2\/pages\/1678\/revisions"}],"predecessor-version":[{"id":2034,"href":"https:\/\/brindeconduite.com\/index.php?rest_route=\/wp\/v2\/pages\/1678\/revisions\/2034"}],"wp:attachment":[{"href":"https:\/\/brindeconduite.com\/index.php?rest_route=%2Fwp%2Fv2%2Fmedia&parent=1678"}],"curies":[{"name":"wp","href":"https:\/\/api.w.org\/{rel}","templated":true}]}}