{"id":1648,"date":"2023-07-10T13:16:21","date_gmt":"2023-07-10T13:16:21","guid":{"rendered":"https:\/\/brindeconduite.com\/?page_id=1648"},"modified":"2023-07-26T16:04:17","modified_gmt":"2023-07-26T16:04:17","slug":"elementor-1648","status":"publish","type":"page","link":"https:\/\/brindeconduite.com\/?page_id=1648","title":{"rendered":""},"content":{"rendered":"\t\t<div data-elementor-type=\"wp-page\" data-elementor-id=\"1648\" class=\"elementor elementor-1648\">\n\t\t\t\t\t\t\t\t\t<section class=\"elementor-section elementor-top-section elementor-element elementor-element-f549822 elementor-section-full_width elementor-section-height-default elementor-section-height-default\" data-id=\"f549822\" data-element_type=\"section\">\n\t\t\t\t\t\t<div class=\"elementor-container elementor-column-gap-default\">\n\t\t\t\t\t<div class=\"elementor-column elementor-col-100 elementor-top-column elementor-element elementor-element-2b2c23e\" data-id=\"2b2c23e\" data-element_type=\"column\">\n\t\t\t<div class=\"elementor-widget-wrap elementor-element-populated\">\n\t\t\t\t\t\t\t\t<div class=\"elementor-element elementor-element-d59f357 elementor-widget elementor-widget-heading\" data-id=\"d59f357\" data-element_type=\"widget\" data-widget_type=\"heading.default\">\n\t\t\t\t<div class=\"elementor-widget-container\">\n\t\t\t<style>\/*! elementor - v3.7.2 - 21-08-2022 *\/\n.elementor-heading-title{padding:0;margin:0;line-height:1}.elementor-widget-heading .elementor-heading-title[class*=elementor-size-]>a{color:inherit;font-size:inherit;line-height:inherit}.elementor-widget-heading .elementor-heading-title.elementor-size-small{font-size:15px}.elementor-widget-heading .elementor-heading-title.elementor-size-medium{font-size:19px}.elementor-widget-heading .elementor-heading-title.elementor-size-large{font-size:29px}.elementor-widget-heading .elementor-heading-title.elementor-size-xl{font-size:39px}.elementor-widget-heading .elementor-heading-title.elementor-size-xxl{font-size:59px}<\/style><h2 class=\"elementor-heading-title elementor-size-default\">L'\u00e9valuation pr\u00e9alable<\/h2>\t\t<\/div>\n\t\t\t\t<\/div>\n\t\t\t\t\t<\/div>\n\t\t<\/div>\n\t\t\t\t\t\t\t<\/div>\n\t\t<\/section>\n\t\t\t\t<section class=\"elementor-section elementor-top-section elementor-element elementor-element-0faa41f elementor-section-full_width elementor-section-height-default elementor-section-height-default\" data-id=\"0faa41f\" data-element_type=\"section\">\n\t\t\t\t\t\t<div class=\"elementor-container elementor-column-gap-default\">\n\t\t\t\t\t<div class=\"elementor-column elementor-col-100 elementor-top-column elementor-element elementor-element-f9261e4\" data-id=\"f9261e4\" data-element_type=\"column\">\n\t\t\t<div class=\"elementor-widget-wrap elementor-element-populated\">\n\t\t\t\t\t\t\t\t<div class=\"elementor-element elementor-element-e864c14 elementor-widget elementor-widget-text-editor\" data-id=\"e864c14\" data-element_type=\"widget\" data-widget_type=\"text-editor.default\">\n\t\t\t\t<div class=\"elementor-widget-container\">\n\t\t\t<style>\/*! elementor - v3.7.2 - 21-08-2022 *\/\n.elementor-widget-text-editor.elementor-drop-cap-view-stacked .elementor-drop-cap{background-color:#818a91;color:#fff}.elementor-widget-text-editor.elementor-drop-cap-view-framed .elementor-drop-cap{color:#818a91;border:3px solid;background-color:transparent}.elementor-widget-text-editor:not(.elementor-drop-cap-view-default) .elementor-drop-cap{margin-top:8px}.elementor-widget-text-editor:not(.elementor-drop-cap-view-default) .elementor-drop-cap-letter{width:1em;height:1em}.elementor-widget-text-editor .elementor-drop-cap{float:left;text-align:center;line-height:1;font-size:50px}.elementor-widget-text-editor .elementor-drop-cap-letter{display:inline-block}<\/style>\t\t\t\t<h4 style=\"font-size: 1.41176rem; font-style: normal;\"><span style=\"font-style: inherit; background-color: var(--ast-global-color-5);\"><span style=\"font-weight: bold;\">Pour d\u00e9buter<\/span><\/span><\/h4>\n<p style=\"font-size: 17px; font-style: normal; font-weight: 400;\">Indispensable avant de commencer toute formation, l&rsquo;\u00e9valuation pr\u00e9alable consiste principalement \u00e0 te connaitre, \u00e0 tester tes aptitudes pour l&rsquo;apprentissage de la conduite (capacit\u00e9 de m\u00e9morisation, motivation, \u00e9coute&#8230;etc). Il ne s&rsquo;agit en aucun cas d&rsquo;un examen, il n&rsquo;y a rien \u00e0 r\u00e9viser, sois toi-m\u00eame. Cette \u00e9valuation se fait principalement \u00e0 l&rsquo;aide d&rsquo;un logiciel informatique sur tablette, et parfois en voiture. Dans tous les cas, pense \u00e0 nous appeler pour r\u00e9server ton cr\u00e9neau.&nbsp;<\/p>\n<div>\n<h4 style=\"font-size: 1.41176rem;\"><span style=\"font-style: inherit; background-color: var(--ast-global-color-5);\"><span style=\"font-weight: bold;\"><a href=\"https:\/\/brindeconduite.com\/wp-content\/uploads\/2023\/03\/2.2-Modalite-evaluationS-prealableS.pdf\">Pour en savoir plus, clique ici<\/a><\/span><\/span><\/h4>\n<\/div>\t\t\t\t\t\t<\/div>\n\t\t\t\t<\/div>\n\t\t\t\t\t<\/div>\n\t\t<\/div>\n\t\t\t\t\t\t\t<\/div>\n\t\t<\/section>\n\t\t\t\t\t\t\t<\/div>\n\t\t","protected":false},"excerpt":{"rendered":"<p>L&rsquo;\u00e9valuation pr\u00e9alable Pour d\u00e9buter Indispensable avant de commencer toute formation, l&rsquo;\u00e9valuation pr\u00e9alable consiste principalement \u00e0 te connaitre, \u00e0 tester tes aptitudes pour l&rsquo;apprentissage de la conduite (capacit\u00e9 de m\u00e9morisation, motivation, \u00e9coute&#8230;etc). Il ne s&rsquo;agit en aucun cas d&rsquo;un examen, il n&rsquo;y a rien \u00e0 r\u00e9viser, sois toi-m\u00eame. Cette \u00e9valuation se fait principalement \u00e0 l&rsquo;aide d&rsquo;un &hellip;<\/p>\n<p class=\"read-more\"> <a class=\"\" href=\"https:\/\/brindeconduite.com\/?page_id=1648\">  Lire la suite\u00a0\u00bb<\/a><\/p>\n","protected":false},"author":1,"featured_media":0,"parent":0,"menu_order":0,"comment_status":"closed","ping_status":"closed","template":"","meta":{"site-sidebar-layout":"no-sidebar","site-content-layout":"page-builder","ast-global-header-display":"","ast-main-header-display":"","ast-hfb-above-header-display":"","ast-hfb-below-header-display":"","ast-hfb-mobile-header-display":"","site-post-title":"disabled","ast-breadcrumbs-content":"","ast-featured-img":"disabled","footer-sml-layout":"","theme-transparent-header-meta":"","adv-header-id-meta":"","stick-header-meta":"","header-above-stick-meta":"","header-main-stick-meta":"","header-below-stick-meta":""},"_links":{"self":[{"href":"https:\/\/brindeconduite.com\/index.php?rest_route=\/wp\/v2\/pages\/1648"}],"collection":[{"href":"https:\/\/brindeconduite.com\/index.php?rest_route=\/wp\/v2\/pages"}],"about":[{"href":"https:\/\/brindeconduite.com\/index.php?rest_route=\/wp\/v2\/types\/page"}],"author":[{"embeddable":true,"href":"https:\/\/brindeconduite.com\/index.php?rest_route=\/wp\/v2\/users\/1"}],"replies":[{"embeddable":true,"href":"https:\/\/brindeconduite.com\/index.php?rest_route=%2Fwp%2Fv2%2Fcomments&post=1648"}],"version-history":[{"count":11,"href":"https:\/\/brindeconduite.com\/index.php?rest_route=\/wp\/v2\/pages\/1648\/revisions"}],"predecessor-version":[{"id":1944,"href":"https:\/\/brindeconduite.com\/index.php?rest_route=\/wp\/v2\/pages\/1648\/revisions\/1944"}],"wp:attachment":[{"href":"https:\/\/brindeconduite.com\/index.php?rest_route=%2Fwp%2Fv2%2Fmedia&parent=1648"}],"curies":[{"name":"wp","href":"https:\/\/api.w.org\/{rel}","templated":true}]}}