{"id":1638,"date":"2023-07-10T12:38:59","date_gmt":"2023-07-10T12:38:59","guid":{"rendered":"https:\/\/brindeconduite.com\/?page_id=1638"},"modified":"2023-07-26T16:08:22","modified_gmt":"2023-07-26T16:08:22","slug":"elementor-1638","status":"publish","type":"page","link":"https:\/\/brindeconduite.com\/?page_id=1638","title":{"rendered":""},"content":{"rendered":"\t\t<div data-elementor-type=\"wp-page\" data-elementor-id=\"1638\" class=\"elementor elementor-1638\">\n\t\t\t\t\t\t\t\t\t<section class=\"elementor-section elementor-top-section elementor-element elementor-element-b2cab5b elementor-section-full_width elementor-section-height-default elementor-section-height-default\" data-id=\"b2cab5b\" data-element_type=\"section\">\n\t\t\t\t\t\t<div class=\"elementor-container elementor-column-gap-default\">\n\t\t\t\t\t<div class=\"elementor-column elementor-col-100 elementor-top-column elementor-element elementor-element-5b5a477\" data-id=\"5b5a477\" data-element_type=\"column\">\n\t\t\t<div class=\"elementor-widget-wrap elementor-element-populated\">\n\t\t\t\t\t\t\t\t<div class=\"elementor-element elementor-element-8627b96 elementor-widget elementor-widget-heading\" data-id=\"8627b96\" data-element_type=\"widget\" data-widget_type=\"heading.default\">\n\t\t\t\t<div class=\"elementor-widget-container\">\n\t\t\t<style>\/*! elementor - v3.7.2 - 21-08-2022 *\/\n.elementor-heading-title{padding:0;margin:0;line-height:1}.elementor-widget-heading .elementor-heading-title[class*=elementor-size-]>a{color:inherit;font-size:inherit;line-height:inherit}.elementor-widget-heading .elementor-heading-title.elementor-size-small{font-size:15px}.elementor-widget-heading .elementor-heading-title.elementor-size-medium{font-size:19px}.elementor-widget-heading .elementor-heading-title.elementor-size-large{font-size:29px}.elementor-widget-heading .elementor-heading-title.elementor-size-xl{font-size:39px}.elementor-widget-heading .elementor-heading-title.elementor-size-xxl{font-size:59px}<\/style><h2 class=\"elementor-heading-title elementor-size-default\">Programme de la formation pratique<\/h2>\t\t<\/div>\n\t\t\t\t<\/div>\n\t\t\t\t\t<\/div>\n\t\t<\/div>\n\t\t\t\t\t\t\t<\/div>\n\t\t<\/section>\n\t\t\t\t<section class=\"elementor-section elementor-top-section elementor-element elementor-element-edc1271 elementor-section-full_width elementor-section-height-default elementor-section-height-default\" data-id=\"edc1271\" data-element_type=\"section\">\n\t\t\t\t\t\t<div class=\"elementor-container elementor-column-gap-default\">\n\t\t\t\t\t<div class=\"elementor-column elementor-col-100 elementor-top-column elementor-element elementor-element-3575acb\" data-id=\"3575acb\" data-element_type=\"column\">\n\t\t\t<div class=\"elementor-widget-wrap elementor-element-populated\">\n\t\t\t\t\t\t\t\t<div class=\"elementor-element elementor-element-9f3075d elementor-widget elementor-widget-text-editor\" data-id=\"9f3075d\" data-element_type=\"widget\" data-widget_type=\"text-editor.default\">\n\t\t\t\t<div class=\"elementor-widget-container\">\n\t\t\t<style>\/*! elementor - v3.7.2 - 21-08-2022 *\/\n.elementor-widget-text-editor.elementor-drop-cap-view-stacked .elementor-drop-cap{background-color:#818a91;color:#fff}.elementor-widget-text-editor.elementor-drop-cap-view-framed .elementor-drop-cap{color:#818a91;border:3px solid;background-color:transparent}.elementor-widget-text-editor:not(.elementor-drop-cap-view-default) .elementor-drop-cap{margin-top:8px}.elementor-widget-text-editor:not(.elementor-drop-cap-view-default) .elementor-drop-cap-letter{width:1em;height:1em}.elementor-widget-text-editor .elementor-drop-cap{float:left;text-align:center;line-height:1;font-size:50px}.elementor-widget-text-editor .elementor-drop-cap-letter{display:inline-block}<\/style>\t\t\t\t<p style=\"font-size: 17px; font-style: normal; font-weight: 400;\"><span style=\"font-weight: bold;\"><u>Comp\u00e9tence 1<\/u><\/span><br><span style=\"font-weight: bold;\"><i>Maitriser le maniement du v\u00e9hicule dans un trafic faible ou nul<\/i><\/span><br>1. Conna\u00eetre les principaux organes et commandes du v\u00e9hicule, effectuer les v\u00e9rifications int\u00e9rieures et ext\u00e9rieures<br>2. Entrer, s\u2019installer au poste de conduite et en sortir<br>3. Tenir, tourner le volant et maintenir la trajectoire<br>4. D\u00e9marrer et s\u2019arr\u00eater<br>5. Doser l\u2019acc\u00e9l\u00e9ration et le freinage \u00e0 diverses allures<br>6. Utiliser la bo\u00eete de vitesses<br>7. Diriger la voiture en avant en ligne droite et en courbe en adaptant allure et trajectoire<br>8. Regarder autour de soi et avertir<br>9. Effectuer une marche arri\u00e8re et un demi-tour en s\u00e9curit\u00e9<\/p>\n<p style=\"font-size: 17px; font-style: normal; font-weight: 400;\"><span style=\"font-weight: bold;\"><u>Comp\u00e9tence 2<br><\/u><\/span><span style=\"font-weight: bold;\"><i>Appr\u00e9hender la route et circuler dans des conditions normales de circulation<\/i><\/span><br>1. Rechercher la signalisation, les indices utiles et en tenir compte<br>2. Positionner le v\u00e9hicule sur la chauss\u00e9e et choisir la voie de direction<br>3. Adapter l\u2019allure aux situations<br>4. Tourner \u00e0 droite et \u00e0 gauche en agglom\u00e9ration<br>5. D\u00e9tecter, identifier et franchir les intersections suivant le r\u00e9gime de priorit\u00e9<br>6. Franchir les carrefours \u00e0 sens giratoire et les ronds-points<br>7. S\u2019arr\u00eater et stationner en \u00e9pi, en bataille et en cr\u00e9neau<\/p>\n<u>Comp\u00e9tence 3<br><\/u><p style=\"font-size: 17px; font-style: normal; font-weight: 400;\"><span style=\"font-weight: bold;\"><i>Circuler dans des conditions difficiles et partager la route avec les autres usagers<\/i><\/span><br><span style=\"background-color: var(--ast-global-color-5); color: var( --e-global-color-text ); font-family: var( --e-global-typography-text-font-family ), Sans-serif; font-style: inherit; font-weight: inherit;\">1. \u00c9valuer et maintenir les distances de s\u00e9curit\u00e9<\/span><br>2. Croiser, d\u00e9passer, \u00eatre d\u00e9pass\u00e9<br>3. Passer les virages et conduire en d\u00e9clivit\u00e9<br>4. Conna\u00eetre les caract\u00e9ristiques des autres usagers et savoir se comporter \u00e0 leur \u00e9gard avec respect et courtoisie<br>5. S\u2019ins\u00e9rer, circuler et sortir d\u2019une voie rapide<br>6. Conduire dans une file de v\u00e9hicule et dans une circulation dense<br>7. Conduire quand l\u2019adh\u00e9rence et la visibilit\u00e9 sont r\u00e9duites<\/p>\n<p style=\"font-size: 17px; font-style: normal; font-weight: 400;\"><span style=\"font-weight: bold;\"><u>Comp\u00e9tence 4<\/u><\/span><br><span style=\"font-weight: bold;\"><i>Pratiquer une conduite autonome, s\u00fbre et \u00e9conomique<br><\/i><\/span>1. Suivre un itin\u00e9raire de fa\u00e7on autonome<br>2. Pr\u00e9parer et effectuer un voyage longue distance en autonomie<br>3. Conna\u00eetre les principaux facteurs de risque au volant et les recommandations \u00e0 appliquer<br>4. Conna\u00eetre les comportements \u00e0 adopter en cas d\u2019accident : prot\u00e9ger, alerter, secourir<br>5. Faire l\u2019exp\u00e9rience des aides \u00e0 la conduite du v\u00e9hicule (r\u00e9gulateur de vitesse, limiteur, aides \u00e0 la navigation \u2026.)<br>6. Avoir des notions sur l\u2019entretien, le d\u00e9pannage et les situations d\u2019urgence<br>7. Pratiquer l\u2019\u00e9co conduite<\/p>\t\t\t\t\t\t<\/div>\n\t\t\t\t<\/div>\n\t\t\t\t\t<\/div>\n\t\t<\/div>\n\t\t\t\t\t\t\t<\/div>\n\t\t<\/section>\n\t\t\t\t\t\t\t<\/div>\n\t\t","protected":false},"excerpt":{"rendered":"<p>Programme de la formation pratique Comp\u00e9tence 1Maitriser le maniement du v\u00e9hicule dans un trafic faible ou nul1. Conna\u00eetre les principaux organes et commandes du v\u00e9hicule, effectuer les v\u00e9rifications int\u00e9rieures et ext\u00e9rieures2. Entrer, s\u2019installer au poste de conduite et en sortir3. Tenir, tourner le volant et maintenir la trajectoire4. D\u00e9marrer et s\u2019arr\u00eater5. Doser l\u2019acc\u00e9l\u00e9ration et le &hellip;<\/p>\n<p class=\"read-more\"> <a class=\"\" href=\"https:\/\/brindeconduite.com\/?page_id=1638\">  Lire la suite\u00a0\u00bb<\/a><\/p>\n","protected":false},"author":1,"featured_media":0,"parent":0,"menu_order":0,"comment_status":"closed","ping_status":"closed","template":"","meta":{"site-sidebar-layout":"no-sidebar","site-content-layout":"page-builder","ast-global-header-display":"","ast-main-header-display":"","ast-hfb-above-header-display":"","ast-hfb-below-header-display":"","ast-hfb-mobile-header-display":"","site-post-title":"disabled","ast-breadcrumbs-content":"","ast-featured-img":"disabled","footer-sml-layout":"","theme-transparent-header-meta":"","adv-header-id-meta":"","stick-header-meta":"","header-above-stick-meta":"","header-main-stick-meta":"","header-below-stick-meta":""},"_links":{"self":[{"href":"https:\/\/brindeconduite.com\/index.php?rest_route=\/wp\/v2\/pages\/1638"}],"collection":[{"href":"https:\/\/brindeconduite.com\/index.php?rest_route=\/wp\/v2\/pages"}],"about":[{"href":"https:\/\/brindeconduite.com\/index.php?rest_route=\/wp\/v2\/types\/page"}],"author":[{"embeddable":true,"href":"https:\/\/brindeconduite.com\/index.php?rest_route=\/wp\/v2\/users\/1"}],"replies":[{"embeddable":true,"href":"https:\/\/brindeconduite.com\/index.php?rest_route=%2Fwp%2Fv2%2Fcomments&post=1638"}],"version-history":[{"count":8,"href":"https:\/\/brindeconduite.com\/index.php?rest_route=\/wp\/v2\/pages\/1638\/revisions"}],"predecessor-version":[{"id":1950,"href":"https:\/\/brindeconduite.com\/index.php?rest_route=\/wp\/v2\/pages\/1638\/revisions\/1950"}],"wp:attachment":[{"href":"https:\/\/brindeconduite.com\/index.php?rest_route=%2Fwp%2Fv2%2Fmedia&parent=1638"}],"curies":[{"name":"wp","href":"https:\/\/api.w.org\/{rel}","templated":true}]}}