{"id":163,"date":"2022-07-29T20:59:05","date_gmt":"2022-07-29T20:59:05","guid":{"rendered":"https:\/\/brindeconduite.com\/?page_id=163"},"modified":"2024-06-16T12:35:56","modified_gmt":"2024-06-16T12:35:56","slug":"horaire","status":"publish","type":"page","link":"https:\/\/brindeconduite.com\/?page_id=163","title":{"rendered":"Horaires"},"content":{"rendered":"\t\t<div data-elementor-type=\"wp-page\" data-elementor-id=\"163\" class=\"elementor elementor-163\">\n\t\t\t\t\t\t\t\t\t<section class=\"elementor-section elementor-top-section elementor-element elementor-element-0c1b51b elementor-section-boxed elementor-section-height-default elementor-section-height-default\" data-id=\"0c1b51b\" data-element_type=\"section\">\n\t\t\t\t\t\t<div class=\"elementor-container elementor-column-gap-default\">\n\t\t\t\t\t<div class=\"elementor-column elementor-col-100 elementor-top-column elementor-element elementor-element-4112f26\" data-id=\"4112f26\" data-element_type=\"column\">\n\t\t\t<div class=\"elementor-widget-wrap elementor-element-populated\">\n\t\t\t\t\t\t\t\t<div class=\"elementor-element elementor-element-d4f110c elementor-widget elementor-widget-text-editor\" data-id=\"d4f110c\" data-element_type=\"widget\" data-widget_type=\"text-editor.default\">\n\t\t\t\t<div class=\"elementor-widget-container\">\n\t\t\t<style>\/*! elementor - v3.7.2 - 21-08-2022 *\/\n.elementor-widget-text-editor.elementor-drop-cap-view-stacked .elementor-drop-cap{background-color:#818a91;color:#fff}.elementor-widget-text-editor.elementor-drop-cap-view-framed .elementor-drop-cap{color:#818a91;border:3px solid;background-color:transparent}.elementor-widget-text-editor:not(.elementor-drop-cap-view-default) .elementor-drop-cap{margin-top:8px}.elementor-widget-text-editor:not(.elementor-drop-cap-view-default) .elementor-drop-cap-letter{width:1em;height:1em}.elementor-widget-text-editor .elementor-drop-cap{float:left;text-align:center;line-height:1;font-size:50px}.elementor-widget-text-editor .elementor-drop-cap-letter{display:inline-block}<\/style>\t\t\t\t<h3 style=\"font-size: 19px; font-style: normal; font-weight: var( --e-global-typography-primary-font-weight ); margin-bottom: 0px; color: #03c413; font-family: var( --e-global-typography-primary-font-family ), Sans-serif; text-align: center;\" data-elementor-setting-key=\"title\" data-pen-placeholder=\"\u00c9crivez ici...\"><span style=\"text-decoration: underline;\"><strong>HORAIRES D&rsquo;OUVERTURE*<\/strong><\/span><\/h3><p>du Mardi au Vendredi de 15H00 \u00e0 18H00<br \/>et le Samedi de 10H00 \u00e0 12H00<br \/>(ferm\u00e9e dimanche, lundi et jours f\u00e9ri\u00e9s)<\/p>\t\t\t\t\t\t<\/div>\n\t\t\t\t<\/div>\n\t\t\t\t<div class=\"elementor-element elementor-element-b300117 elementor-widget elementor-widget-text-editor\" data-id=\"b300117\" data-element_type=\"widget\" data-widget_type=\"text-editor.default\">\n\t\t\t\t<div class=\"elementor-widget-container\">\n\t\t\t\t\t\t\t<p><span style=\"text-decoration: underline;\"><strong>MODIFICATIONS<\/strong><\/span><span style=\"text-decoration: underline;\"><strong> PONCTUELLES<\/strong><\/span><\/p><p>Suite au changement de propri\u00e9taire, les horaires sont susceptibles de changer. Pour tout renseignement, n&rsquo;h\u00e9sitez pas \u00e0 appeler Ludo au 07.77.93.24.67<\/p>\t\t\t\t\t\t<\/div>\n\t\t\t\t<\/div>\n\t\t\t\t<div class=\"elementor-element elementor-element-2902d64 elementor-widget elementor-widget-text-editor\" data-id=\"2902d64\" data-element_type=\"widget\" data-widget_type=\"text-editor.default\">\n\t\t\t\t<div class=\"elementor-widget-container\">\n\t\t\t\t\t\t\t<p><span style=\"text-decoration: underline;\"><strong>LECON THEORIQUE<\/strong> (inscrivez-vous !)<\/span><br \/>n\u00e9ant<\/p>\t\t\t\t\t\t<\/div>\n\t\t\t\t<\/div>\n\t\t\t\t\t<\/div>\n\t\t<\/div>\n\t\t\t\t\t\t\t<\/div>\n\t\t<\/section>\n\t\t\t\t<section class=\"elementor-section elementor-top-section elementor-element elementor-element-cb5679d elementor-section-boxed elementor-section-height-default elementor-section-height-default\" data-id=\"cb5679d\" data-element_type=\"section\">\n\t\t\t\t\t\t<div class=\"elementor-container elementor-column-gap-default\">\n\t\t\t\t\t<div class=\"elementor-column elementor-col-100 elementor-top-column elementor-element elementor-element-2776bb2\" data-id=\"2776bb2\" data-element_type=\"column\">\n\t\t\t<div class=\"elementor-widget-wrap elementor-element-populated\">\n\t\t\t\t\t\t\t\t<div class=\"elementor-element elementor-element-b977fd2 elementor-widget elementor-widget-text-editor\" data-id=\"b977fd2\" data-element_type=\"widget\" data-widget_type=\"text-editor.default\">\n\t\t\t\t<div class=\"elementor-widget-container\">\n\t\t\t\t\t\t\t<p><em>*horaires du bureau et du code. <\/em><em>Les le\u00e7ons de conduite et les autres formations se font sur r\u00e9servation du mardi au samedi de 09H00 \u00e0 19H00.<\/em><\/p>\t\t\t\t\t\t<\/div>\n\t\t\t\t<\/div>\n\t\t\t\t\t<\/div>\n\t\t<\/div>\n\t\t\t\t\t\t\t<\/div>\n\t\t<\/section>\n\t\t\t\t\t\t\t<\/div>\n\t\t","protected":false},"excerpt":{"rendered":"<p>HORAIRES D&rsquo;OUVERTURE* du Mardi au Vendredi de 15H00 \u00e0 18H00et le Samedi de 10H00 \u00e0 12H00(ferm\u00e9e dimanche, lundi et jours f\u00e9ri\u00e9s) MODIFICATIONS PONCTUELLES Suite au changement de propri\u00e9taire, les horaires sont susceptibles de changer. Pour tout renseignement, n&rsquo;h\u00e9sitez pas \u00e0 appeler Ludo au 07.77.93.24.67 LECON THEORIQUE (inscrivez-vous !)n\u00e9ant *horaires du bureau et du code. Les &hellip;<\/p>\n<p class=\"read-more\"> <a class=\"\" href=\"https:\/\/brindeconduite.com\/?page_id=163\"> <span class=\"screen-reader-text\">Horaires<\/span> Lire la suite\u00a0\u00bb<\/a><\/p>\n","protected":false},"author":1,"featured_media":0,"parent":0,"menu_order":7,"comment_status":"closed","ping_status":"closed","template":"","meta":{"site-sidebar-layout":"no-sidebar","site-content-layout":"page-builder","ast-global-header-display":"","ast-main-header-display":"","ast-hfb-above-header-display":"","ast-hfb-below-header-display":"","ast-hfb-mobile-header-display":"","site-post-title":"disabled","ast-breadcrumbs-content":"","ast-featured-img":"disabled","footer-sml-layout":"","theme-transparent-header-meta":"","adv-header-id-meta":"","stick-header-meta":"","header-above-stick-meta":"","header-main-stick-meta":"","header-below-stick-meta":""},"_links":{"self":[{"href":"https:\/\/brindeconduite.com\/index.php?rest_route=\/wp\/v2\/pages\/163"}],"collection":[{"href":"https:\/\/brindeconduite.com\/index.php?rest_route=\/wp\/v2\/pages"}],"about":[{"href":"https:\/\/brindeconduite.com\/index.php?rest_route=\/wp\/v2\/types\/page"}],"author":[{"embeddable":true,"href":"https:\/\/brindeconduite.com\/index.php?rest_route=\/wp\/v2\/users\/1"}],"replies":[{"embeddable":true,"href":"https:\/\/brindeconduite.com\/index.php?rest_route=%2Fwp%2Fv2%2Fcomments&post=163"}],"version-history":[{"count":467,"href":"https:\/\/brindeconduite.com\/index.php?rest_route=\/wp\/v2\/pages\/163\/revisions"}],"predecessor-version":[{"id":2297,"href":"https:\/\/brindeconduite.com\/index.php?rest_route=\/wp\/v2\/pages\/163\/revisions\/2297"}],"wp:attachment":[{"href":"https:\/\/brindeconduite.com\/index.php?rest_route=%2Fwp%2Fv2%2Fmedia&parent=163"}],"curies":[{"name":"wp","href":"https:\/\/api.w.org\/{rel}","templated":true}]}}