{"id":1628,"date":"2023-07-10T12:34:37","date_gmt":"2023-07-10T12:34:37","guid":{"rendered":"https:\/\/brindeconduite.com\/?page_id=1628"},"modified":"2023-07-26T16:05:16","modified_gmt":"2023-07-26T16:05:16","slug":"elementor-1628","status":"publish","type":"page","link":"https:\/\/brindeconduite.com\/?page_id=1628","title":{"rendered":""},"content":{"rendered":"\t\t<div data-elementor-type=\"wp-page\" data-elementor-id=\"1628\" class=\"elementor elementor-1628\">\n\t\t\t\t\t\t\t\t\t<section class=\"elementor-section elementor-top-section elementor-element elementor-element-a0f5462 elementor-section-full_width elementor-section-height-default elementor-section-height-default\" data-id=\"a0f5462\" data-element_type=\"section\">\n\t\t\t\t\t\t<div class=\"elementor-container elementor-column-gap-default\">\n\t\t\t\t\t<div class=\"elementor-column elementor-col-100 elementor-top-column elementor-element elementor-element-a7121ff\" data-id=\"a7121ff\" data-element_type=\"column\">\n\t\t\t<div class=\"elementor-widget-wrap elementor-element-populated\">\n\t\t\t\t\t\t\t\t<div class=\"elementor-element elementor-element-0b16088 elementor-widget elementor-widget-heading\" data-id=\"0b16088\" data-element_type=\"widget\" data-widget_type=\"heading.default\">\n\t\t\t\t<div class=\"elementor-widget-container\">\n\t\t\t<style>\/*! elementor - v3.7.2 - 21-08-2022 *\/\n.elementor-heading-title{padding:0;margin:0;line-height:1}.elementor-widget-heading .elementor-heading-title[class*=elementor-size-]>a{color:inherit;font-size:inherit;line-height:inherit}.elementor-widget-heading .elementor-heading-title.elementor-size-small{font-size:15px}.elementor-widget-heading .elementor-heading-title.elementor-size-medium{font-size:19px}.elementor-widget-heading .elementor-heading-title.elementor-size-large{font-size:29px}.elementor-widget-heading .elementor-heading-title.elementor-size-xl{font-size:39px}.elementor-widget-heading .elementor-heading-title.elementor-size-xxl{font-size:59px}<\/style><h2 class=\"elementor-heading-title elementor-size-default\">Programme de la formation th\u00e9orique (code)<\/h2>\t\t<\/div>\n\t\t\t\t<\/div>\n\t\t\t\t\t<\/div>\n\t\t<\/div>\n\t\t\t\t\t\t\t<\/div>\n\t\t<\/section>\n\t\t\t\t<section class=\"elementor-section elementor-top-section elementor-element elementor-element-47d8969 elementor-section-full_width elementor-section-height-default elementor-section-height-default\" data-id=\"47d8969\" data-element_type=\"section\">\n\t\t\t\t\t\t<div class=\"elementor-container elementor-column-gap-default\">\n\t\t\t\t\t<div class=\"elementor-column elementor-col-100 elementor-top-column elementor-element elementor-element-ea03134\" data-id=\"ea03134\" data-element_type=\"column\">\n\t\t\t<div class=\"elementor-widget-wrap elementor-element-populated\">\n\t\t\t\t\t\t\t\t<div class=\"elementor-element elementor-element-01bd47b elementor-widget elementor-widget-text-editor\" data-id=\"01bd47b\" data-element_type=\"widget\" data-widget_type=\"text-editor.default\">\n\t\t\t\t<div class=\"elementor-widget-container\">\n\t\t\t<style>\/*! elementor - v3.7.2 - 21-08-2022 *\/\n.elementor-widget-text-editor.elementor-drop-cap-view-stacked .elementor-drop-cap{background-color:#818a91;color:#fff}.elementor-widget-text-editor.elementor-drop-cap-view-framed .elementor-drop-cap{color:#818a91;border:3px solid;background-color:transparent}.elementor-widget-text-editor:not(.elementor-drop-cap-view-default) .elementor-drop-cap{margin-top:8px}.elementor-widget-text-editor:not(.elementor-drop-cap-view-default) .elementor-drop-cap-letter{width:1em;height:1em}.elementor-widget-text-editor .elementor-drop-cap{float:left;text-align:center;line-height:1;font-size:50px}.elementor-widget-text-editor .elementor-drop-cap-letter{display:inline-block}<\/style>\t\t\t\t<h5><b>1-Comprendre plut\u00f4t qu\u2019apprendre<\/b><\/h5><p>Premier principe de l\u2019examen du code de la route : il ne suffit pas de conna\u00eetre le code et d\u2019en appliquer les r\u00e8gles \u00e0 la lettre pour \u00eatre un bon conducteur ; il faut comprendre la l\u00e9gitimit\u00e9 de ces r\u00e8gles, c\u2019est-\u00e0-dire pourquoi elles ont \u00e9t\u00e9 mises en place. Les questions poussent le candidat \u00e0 aiguiser sa prise de conscience des risques en conduisant.<br \/>Ces th\u00e8mes comportent diff\u00e9rentes sous-familles, notamment celles concernant les gestes de premier secours ou la circulation inter-files des motards (mise en exp\u00e9rimentation par le d\u00e9cret n\u00b0 2015-1750 du 23 d\u00e9cembre 2015)<\/p><h5><b>2-Des r\u00e8gles \u00e0 connaitre tout au long de la vie<\/b><\/h5><p>La connaissance des r\u00e8gles de s\u00e9curit\u00e9 est une condition n\u00e9cessaire pour votre s\u00e9curit\u00e9 mais aussi celle des autres usagers de la route. Le code de la route doit \u00eatre connu non seulement pour l\u2019examen mais \u00e9galement \u00eatre retenu et appliqu\u00e9 tout au long de la vie du conducteur, c\u2019est l\u2019assurance d\u2019une meilleure s\u00e9curit\u00e9 pour tous sur les routes.<br \/>La routine de la conduite, le temps \u00e9coul\u00e9 depuis la formation au permis, mais \u00e9galement des modifications du code de la route peuvent contribuer \u00e0 oublier ou m\u00e9conna\u00eetre certaines r\u00e8gles. Chacun est encourag\u00e9 \u00e0 se former tout au long de sa vie pour rester un conducteur exemplaire.<\/p><h5><b>3-Dix th\u00e8mes \u00e0 conna\u00eetre<\/b><\/h5><p>Les candidats sont re\u00e7us \u00e0 l\u2019examen \u00e0 partir de 35 bonnes r\u00e9ponses sur 40 questions.<br \/>Les dix th\u00e8mes r\u00e9f\u00e9renc\u00e9s sont :<\/p><ul><li><b>L<\/b>-Loi et circulation\u00a0<\/li><li><b>C<\/b>-Conducteur<\/li><li><b>P<\/b>-Pr\u00e9cautions en prenant et en quittant le v\u00e9hicule<\/li><li><b>D<\/b>-Documents, passagers, chargement<\/li><li><b>S<\/b>-S\u00e9curit\u00e9 du v\u00e9hicule (\u00e9quipements)<\/li><li><b>M<\/b>-M\u00e9canique<\/li><li><b>R<\/b>-Route<\/li><li><b>U<\/b>-autres Usagers<\/li><li><b>E<\/b>-r\u00e8gles et Environnements<\/li><li><b>A<\/b>-Premiers secours<\/li><\/ul>\t\t\t\t\t\t<\/div>\n\t\t\t\t<\/div>\n\t\t\t\t\t<\/div>\n\t\t<\/div>\n\t\t\t\t\t\t\t<\/div>\n\t\t<\/section>\n\t\t\t\t<section class=\"elementor-section elementor-top-section elementor-element elementor-element-5e2f1ae elementor-section-full_width elementor-section-height-default elementor-section-height-default\" data-id=\"5e2f1ae\" data-element_type=\"section\">\n\t\t\t\t\t\t<div class=\"elementor-container elementor-column-gap-default\">\n\t\t\t\t\t<div class=\"elementor-column elementor-col-100 elementor-top-column elementor-element elementor-element-1701ff2\" data-id=\"1701ff2\" data-element_type=\"column\">\n\t\t\t<div class=\"elementor-widget-wrap elementor-element-populated\">\n\t\t\t\t\t\t\t\t<div class=\"elementor-element elementor-element-cb13cb1 elementor-widget elementor-widget-heading\" data-id=\"cb13cb1\" data-element_type=\"widget\" data-widget_type=\"heading.default\">\n\t\t\t\t<div class=\"elementor-widget-container\">\n\t\t\t<h2 class=\"elementor-heading-title elementor-size-default\">Les outils \u00e0 ta disposition<\/h2>\t\t<\/div>\n\t\t\t\t<\/div>\n\t\t\t\t\t<\/div>\n\t\t<\/div>\n\t\t\t\t\t\t\t<\/div>\n\t\t<\/section>\n\t\t\t\t<section class=\"elementor-section elementor-top-section elementor-element elementor-element-cdad1d9 elementor-section-boxed elementor-section-height-default elementor-section-height-default\" data-id=\"cdad1d9\" data-element_type=\"section\">\n\t\t\t\t\t\t<div class=\"elementor-container elementor-column-gap-default\">\n\t\t\t\t\t<div class=\"elementor-column elementor-col-100 elementor-top-column elementor-element elementor-element-4e62149\" data-id=\"4e62149\" data-element_type=\"column\">\n\t\t\t<div class=\"elementor-widget-wrap elementor-element-populated\">\n\t\t\t\t\t\t\t\t<div class=\"elementor-element elementor-element-52271dc elementor-widget elementor-widget-text-editor\" data-id=\"52271dc\" data-element_type=\"widget\" data-widget_type=\"text-editor.default\">\n\t\t\t\t<div class=\"elementor-widget-container\">\n\t\t\t\t\t\t\t<p><span style=\"font-style: inherit; color: var( --e-global-color-text ); font-family: var( --e-global-typography-primary-font-family ), Sans-serif; background-color: var(--ast-global-color-5);\"><b><u>Cours d&rsquo;introduction<\/u><\/b><\/span><span style=\"font-style: inherit; font-weight: inherit; color: var( --e-global-color-text ); font-family: var( --e-global-typography-primary-font-family ), Sans-serif; background-color: var(--ast-global-color-5);\"> au code de la route : d\u00e9grossir la formation et pr\u00e9senter les outils<\/span><br><span style=\"font-style: inherit; color: var( --e-global-color-text ); font-family: var( --e-global-typography-primary-font-family ), Sans-serif; background-color: var(--ast-global-color-5);\"><u style=\"\"><b>Le\u00e7ons th\u00e9oriques<\/b><\/u><span style=\"font-weight: inherit;\"> : en pr\u00e9sence de l&rsquo;enseignant, on aborde un des dix th\u00e8mes du code (en live ou en visio)<\/span><\/span><br><span style=\"font-style: inherit; color: var( --e-global-color-text ); font-family: var( --e-global-typography-primary-font-family ), Sans-serif; background-color: var(--ast-global-color-5);\"><u style=\"\"><b>Entrainements \u00e0 l&rsquo;examen <\/b><\/u><span style=\"font-weight: inherit;\">: en toute autonomie, avec correction, le but est de s&rsquo;exercer au format de l&rsquo;examen (QCM de 40 questions). En pr\u00e9sentiel \u00e0 l&rsquo;auto-\u00e9cole ou en ligne<\/span><\/span><br><span style=\"font-style: inherit; color: var( --e-global-color-text ); font-family: var( --e-global-typography-primary-font-family ), Sans-serif; background-color: var(--ast-global-color-5);\"><u style=\"\"><b>Livre de code<\/b><\/u><span style=\"font-weight: inherit;\"> : indispensable pour avoir tout le programme de mani\u00e8re synth\u00e9tique et lisible. Livre de r\u00e9f\u00e9rence pour se cr\u00e9er des fiches, bouquiner en tout lieu&#8230;<\/span><\/span><br><\/p>\t\t\t\t\t\t<\/div>\n\t\t\t\t<\/div>\n\t\t\t\t\t<\/div>\n\t\t<\/div>\n\t\t\t\t\t\t\t<\/div>\n\t\t<\/section>\n\t\t\t\t\t\t\t<\/div>\n\t\t","protected":false},"excerpt":{"rendered":"<p>Programme de la formation th\u00e9orique (code) 1-Comprendre plut\u00f4t qu\u2019apprendre Premier principe de l\u2019examen du code de la route : il ne suffit pas de conna\u00eetre le code et d\u2019en appliquer les r\u00e8gles \u00e0 la lettre pour \u00eatre un bon conducteur ; il faut comprendre la l\u00e9gitimit\u00e9 de ces r\u00e8gles, c\u2019est-\u00e0-dire pourquoi elles ont \u00e9t\u00e9 mises &hellip;<\/p>\n<p class=\"read-more\"> <a class=\"\" href=\"https:\/\/brindeconduite.com\/?page_id=1628\">  Lire la suite\u00a0\u00bb<\/a><\/p>\n","protected":false},"author":1,"featured_media":0,"parent":0,"menu_order":0,"comment_status":"closed","ping_status":"closed","template":"","meta":{"site-sidebar-layout":"no-sidebar","site-content-layout":"page-builder","ast-global-header-display":"","ast-main-header-display":"","ast-hfb-above-header-display":"","ast-hfb-below-header-display":"","ast-hfb-mobile-header-display":"","site-post-title":"disabled","ast-breadcrumbs-content":"","ast-featured-img":"disabled","footer-sml-layout":"","theme-transparent-header-meta":"","adv-header-id-meta":"","stick-header-meta":"","header-above-stick-meta":"","header-main-stick-meta":"","header-below-stick-meta":""},"_links":{"self":[{"href":"https:\/\/brindeconduite.com\/index.php?rest_route=\/wp\/v2\/pages\/1628"}],"collection":[{"href":"https:\/\/brindeconduite.com\/index.php?rest_route=\/wp\/v2\/pages"}],"about":[{"href":"https:\/\/brindeconduite.com\/index.php?rest_route=\/wp\/v2\/types\/page"}],"author":[{"embeddable":true,"href":"https:\/\/brindeconduite.com\/index.php?rest_route=\/wp\/v2\/users\/1"}],"replies":[{"embeddable":true,"href":"https:\/\/brindeconduite.com\/index.php?rest_route=%2Fwp%2Fv2%2Fcomments&post=1628"}],"version-history":[{"count":15,"href":"https:\/\/brindeconduite.com\/index.php?rest_route=\/wp\/v2\/pages\/1628\/revisions"}],"predecessor-version":[{"id":1947,"href":"https:\/\/brindeconduite.com\/index.php?rest_route=\/wp\/v2\/pages\/1628\/revisions\/1947"}],"wp:attachment":[{"href":"https:\/\/brindeconduite.com\/index.php?rest_route=%2Fwp%2Fv2%2Fmedia&parent=1628"}],"curies":[{"name":"wp","href":"https:\/\/api.w.org\/{rel}","templated":true}]}}