{"id":1619,"date":"2023-07-10T12:30:00","date_gmt":"2023-07-10T12:30:00","guid":{"rendered":"https:\/\/brindeconduite.com\/?page_id=1619"},"modified":"2024-01-07T08:39:13","modified_gmt":"2024-01-07T08:39:13","slug":"elementor-1619","status":"publish","type":"page","link":"https:\/\/brindeconduite.com\/?page_id=1619","title":{"rendered":""},"content":{"rendered":"\t\t<div data-elementor-type=\"wp-page\" data-elementor-id=\"1619\" class=\"elementor elementor-1619\">\n\t\t\t\t\t\t\t\t\t<section class=\"elementor-section elementor-top-section elementor-element elementor-element-39996cd elementor-section-full_width elementor-section-height-default elementor-section-height-default\" data-id=\"39996cd\" data-element_type=\"section\">\n\t\t\t\t\t\t<div class=\"elementor-container elementor-column-gap-default\">\n\t\t\t\t\t<div class=\"elementor-column elementor-col-100 elementor-top-column elementor-element elementor-element-639e3d8\" data-id=\"639e3d8\" data-element_type=\"column\">\n\t\t\t<div class=\"elementor-widget-wrap elementor-element-populated\">\n\t\t\t\t\t\t\t\t<div class=\"elementor-element elementor-element-3be012b elementor-widget elementor-widget-heading\" data-id=\"3be012b\" data-element_type=\"widget\" data-widget_type=\"heading.default\">\n\t\t\t\t<div class=\"elementor-widget-container\">\n\t\t\t<style>\/*! elementor - v3.7.2 - 21-08-2022 *\/\n.elementor-heading-title{padding:0;margin:0;line-height:1}.elementor-widget-heading .elementor-heading-title[class*=elementor-size-]>a{color:inherit;font-size:inherit;line-height:inherit}.elementor-widget-heading .elementor-heading-title.elementor-size-small{font-size:15px}.elementor-widget-heading .elementor-heading-title.elementor-size-medium{font-size:19px}.elementor-widget-heading .elementor-heading-title.elementor-size-large{font-size:29px}.elementor-widget-heading .elementor-heading-title.elementor-size-xl{font-size:39px}.elementor-widget-heading .elementor-heading-title.elementor-size-xxl{font-size:59px}<\/style><h2 class=\"elementor-heading-title elementor-size-default\">L'\u00e9preuve pratique<\/h2>\t\t<\/div>\n\t\t\t\t<\/div>\n\t\t\t\t\t<\/div>\n\t\t<\/div>\n\t\t\t\t\t\t\t<\/div>\n\t\t<\/section>\n\t\t\t\t<section class=\"elementor-section elementor-top-section elementor-element elementor-element-d93096d elementor-section-full_width elementor-section-height-default elementor-section-height-default\" data-id=\"d93096d\" data-element_type=\"section\">\n\t\t\t\t\t\t<div class=\"elementor-container elementor-column-gap-default\">\n\t\t\t\t\t<div class=\"elementor-column elementor-col-100 elementor-top-column elementor-element elementor-element-b5568ea\" data-id=\"b5568ea\" data-element_type=\"column\">\n\t\t\t<div class=\"elementor-widget-wrap elementor-element-populated\">\n\t\t\t\t\t\t\t\t<div class=\"elementor-element elementor-element-e3ce18c elementor-widget elementor-widget-text-editor\" data-id=\"e3ce18c\" data-element_type=\"widget\" data-widget_type=\"text-editor.default\">\n\t\t\t\t<div class=\"elementor-widget-container\">\n\t\t\t<style>\/*! elementor - v3.7.2 - 21-08-2022 *\/\n.elementor-widget-text-editor.elementor-drop-cap-view-stacked .elementor-drop-cap{background-color:#818a91;color:#fff}.elementor-widget-text-editor.elementor-drop-cap-view-framed .elementor-drop-cap{color:#818a91;border:3px solid;background-color:transparent}.elementor-widget-text-editor:not(.elementor-drop-cap-view-default) .elementor-drop-cap{margin-top:8px}.elementor-widget-text-editor:not(.elementor-drop-cap-view-default) .elementor-drop-cap-letter{width:1em;height:1em}.elementor-widget-text-editor .elementor-drop-cap{float:left;text-align:center;line-height:1;font-size:50px}.elementor-widget-text-editor .elementor-drop-cap-letter{display:inline-block}<\/style>\t\t\t\t<p style=\"font-size: 17px; font-style: normal; font-weight: 400;\">L\u2019\u00e9preuve pratique de la conduite permet de contr\u00f4ler si les connaissances, les aptitudes et le comportement du candidat lui permettent de circuler en toute s\u00e9curit\u00e9 et seul. Un accompagnement est n\u00e9cessaire et c\u2019est ce que propose ton auto-\u00e9cole.<\/p>\n<h5 style=\"font-size: 1.17647rem; font-style: normal;\"><span style=\"font-weight: bold;\">1-Le d\u00e9roul\u00e9 de l\u2019\u00e9preuve<\/span><\/h5>\n<p><span style=\"font-weight: 400;\">&nbsp;<\/span><span style=\"background-color: var(--ast-global-color-5); font-weight: 400;\">L\u2019examen dure 32 minutes. Il comprend : <\/span><span style=\"font-weight: 400;\">la v\u00e9rification de la recevabilit\u00e9 des documents d\u2019examen, <\/span><span style=\"font-weight: 400;\">l\u2019accueil du candidat, la v\u00e9rification de son identit\u00e9 et s\u2019il a suivi une formation selon la formule de l\u2019apprentissage anticip\u00e9 de la conduite, de son attestation de fin de formation initiale, <\/span><span style=\"font-weight: 400;\">la pr\u00e9sentation de l\u2019\u00e9preuve par l\u2019examinateur, <\/span><span style=\"font-weight: 400;\">l\u2019installation au poste de conduite, <\/span><span style=\"font-weight: 400;\">les r\u00e9glages du v\u00e9hicule n\u00e9cessaires avant le d\u00e9part et r\u00e9alis\u00e9s par le candidat, <\/span><span style=\"font-weight: 400;\">une phase de conduite effective d\u2019une dur\u00e9e minimale de 25 minutes, <\/span><span style=\"font-weight: 400;\">la r\u00e9alisation de deux man\u0153uvres particuli\u00e8res \u00e0 tester en relation avec la s\u00e9curit\u00e9 routi\u00e8re (un freinage pour s\u2019arr\u00eater avec pr\u00e9cision et une man\u0153uvre en marche arri\u00e8re), <\/span><span style=\"font-weight: 400;\">des questions portant notamment sur la v\u00e9rification d\u2019un \u00e9l\u00e9ment technique en relation avec la s\u00e9curit\u00e9 routi\u00e8re, \u00e0 l\u2019int\u00e9rieur et \u00e0 l\u2019ext\u00e9rieur du v\u00e9hicule, <\/span><span style=\"font-weight: 400;\">la mise en action d\u2019un accessoire ou commande d\u2019accessoire en cours de circulation, et <\/span><span style=\"background-color: var(--ast-global-color-5); font-weight: 400;\">l\u2019\u00e9tablissement du certificat d\u2019examen du permis de conduire.<\/span><span style=\"color: var(--ast-global-color-2); font-family: 'Barlow Semi Condensed', sans-serif; font-size: 1.17647rem; background-color: var(--ast-global-color-5);\"><br><\/span><\/p>\n<h5>2-Th\u00e9matiques \u00e9valu\u00e9es<\/h5>\n<p><span style=\"font-weight: 400; font-style: inherit; color: var( --e-global-color-text ); font-family: var( --e-global-typography-primary-font-family ), Sans-serif; background-color: var(--ast-global-color-5);\">L\u2019\u00e9preuve consiste \u00e0 valider les comp\u00e9tences des candidats au travers des situations de conduite rencontr\u00e9es :<\/span><\/p>\n<ul>\n<li><span style=\"font-weight: 400; font-style: inherit; color: var( --e-global-color-text ); font-family: var( --e-global-typography-primary-font-family ), Sans-serif; background-color: var(--ast-global-color-5);\">conna\u00eetre et ma\u00eetriser son v\u00e9hicule ;<\/span><\/li>\n<li><span style=\"font-weight: 400;\">appr\u00e9hender la route ;<\/span><\/li>\n<li><span style=\"font-weight: 400;\">partager la route avec les autres usagers ;<\/span><\/li>\n<li><span style=\"font-weight: 400;\">autonomie et conscience du risque.<\/span><\/li>\n<\/ul>\n<h5 style=\"font-size: 1.17647rem; font-style: normal;\"><span style=\"font-weight: bold;\">3-\u00c9valuation<\/span><\/h5>\n<div>\n<p style=\"font-size: 17px; font-style: normal; font-weight: 600;\"><span style=\"font-weight: 400;\">Pour chacune des comp\u00e9tences d\u00e9crites ci-dessus, l&rsquo;examinateur attribue la note 0. 1. 2 ou 3. L&rsquo;expert \u00e9value l&rsquo;autonomie et la conscience du risque du candidat au travers des comp\u00e9tences suivantes :<\/span><\/p>\n<ul style=\"font-size: 17px; font-style: normal; font-weight: 600;\">\n<li style=\"font-size: 17px;\"><span style=\"font-weight: 400; font-style: inherit; color: var( --e-global-color-text ); font-family: var( --e-global-typography-primary-font-family ), Sans-serif; background-color: var(--ast-global-color-5);\">analyse des situations ;<\/span><\/li>\n<li style=\"font-size: 17px;\"><span style=\"font-weight: 400;\">adaptation aux situations ;<\/span><\/li>\n<li style=\"font-size: 17px;\"><span style=\"font-weight: 400;\">conduite autonome ;<\/span><\/li>\n<\/ul>\n<\/div>\n<h5 style=\"font-size: 1.17647rem; font-style: normal;\"><span style=\"font-weight: bold;\">4-Le certificat d\u2019examen du permis de conduite (C.E.P.C)<\/span><\/h5>\n<p style=\"font-size: 17px; font-style: normal; font-weight: 400;\">C\u2019est sur ce document que l\u2019examinateur note les erreurs commises par le candidat.<br>\u00c0 l\u2019issue de chaque examen, l\u2019expert \u00e9tablit un certificat d\u2019examen du permis de conduire sur lequel il retranscrit le r\u00e9sultat de l\u2019\u00e9valuation du candidat.<\/p>\n<h5 style=\"font-size: 1.17647rem; font-style: normal;\"><span style=\"font-weight: bold;\">5-Un permis \u00e0 conserver<\/span><\/h5>\n<p style=\"font-size: 17px; font-style: normal; font-weight: 400;\">Le permis n\u2019est pas attribu\u00e9 \u00e0 vie et peut \u00eatre retir\u00e9 si le conducteur commet des manquements aux r\u00e8gles de circulation. Il appartient \u00e0 chacun de conserver son permis en respectant en toute circonstance le code de la route et en adoptant un principe de prudence vis-\u00e0-vis des autres usagers.<br>Les r\u00e8gles et principes de conduite appris au cours de la formation sont donc essentiels. Ils ont non seulement pour but de pr\u00e9parer le candidat \u00e0 l\u2019examen du permis de conduire mais \u00e9galement \u00e0 sa future vie de conducteur.<br>La cat\u00e9gorie B du permis de conduire d\u00e9livr\u00e9e a une validit\u00e9 de 15 ans<\/p>\t\t\t\t\t\t<\/div>\n\t\t\t\t<\/div>\n\t\t\t\t\t<\/div>\n\t\t<\/div>\n\t\t\t\t\t\t\t<\/div>\n\t\t<\/section>\n\t\t\t\t\t\t\t<\/div>\n\t\t","protected":false},"excerpt":{"rendered":"<p>L&rsquo;\u00e9preuve pratique L\u2019\u00e9preuve pratique de la conduite permet de contr\u00f4ler si les connaissances, les aptitudes et le comportement du candidat lui permettent de circuler en toute s\u00e9curit\u00e9 et seul. Un accompagnement est n\u00e9cessaire et c\u2019est ce que propose ton auto-\u00e9cole. 1-Le d\u00e9roul\u00e9 de l\u2019\u00e9preuve &nbsp;L\u2019examen dure 32 minutes. Il comprend : la v\u00e9rification de la &hellip;<\/p>\n<p class=\"read-more\"> <a class=\"\" href=\"https:\/\/brindeconduite.com\/?page_id=1619\">  Lire la suite\u00a0\u00bb<\/a><\/p>\n","protected":false},"author":1,"featured_media":0,"parent":0,"menu_order":0,"comment_status":"closed","ping_status":"closed","template":"","meta":{"site-sidebar-layout":"no-sidebar","site-content-layout":"page-builder","ast-global-header-display":"","ast-main-header-display":"","ast-hfb-above-header-display":"","ast-hfb-below-header-display":"","ast-hfb-mobile-header-display":"","site-post-title":"disabled","ast-breadcrumbs-content":"","ast-featured-img":"disabled","footer-sml-layout":"","theme-transparent-header-meta":"","adv-header-id-meta":"","stick-header-meta":"","header-above-stick-meta":"","header-main-stick-meta":"","header-below-stick-meta":""},"_links":{"self":[{"href":"https:\/\/brindeconduite.com\/index.php?rest_route=\/wp\/v2\/pages\/1619"}],"collection":[{"href":"https:\/\/brindeconduite.com\/index.php?rest_route=\/wp\/v2\/pages"}],"about":[{"href":"https:\/\/brindeconduite.com\/index.php?rest_route=\/wp\/v2\/types\/page"}],"author":[{"embeddable":true,"href":"https:\/\/brindeconduite.com\/index.php?rest_route=\/wp\/v2\/users\/1"}],"replies":[{"embeddable":true,"href":"https:\/\/brindeconduite.com\/index.php?rest_route=%2Fwp%2Fv2%2Fcomments&post=1619"}],"version-history":[{"count":29,"href":"https:\/\/brindeconduite.com\/index.php?rest_route=\/wp\/v2\/pages\/1619\/revisions"}],"predecessor-version":[{"id":2202,"href":"https:\/\/brindeconduite.com\/index.php?rest_route=\/wp\/v2\/pages\/1619\/revisions\/2202"}],"wp:attachment":[{"href":"https:\/\/brindeconduite.com\/index.php?rest_route=%2Fwp%2Fv2%2Fmedia&parent=1619"}],"curies":[{"name":"wp","href":"https:\/\/api.w.org\/{rel}","templated":true}]}}