{"id":1604,"date":"2023-07-10T12:21:32","date_gmt":"2023-07-10T12:21:32","guid":{"rendered":"https:\/\/brindeconduite.com\/?page_id=1604"},"modified":"2024-01-07T08:33:28","modified_gmt":"2024-01-07T08:33:28","slug":"lepreuve-theorique-generale-examen-code","status":"publish","type":"page","link":"https:\/\/brindeconduite.com\/?page_id=1604","title":{"rendered":""},"content":{"rendered":"\t\t<div data-elementor-type=\"wp-page\" data-elementor-id=\"1604\" class=\"elementor elementor-1604\">\n\t\t\t\t\t\t\t\t\t<section class=\"elementor-section elementor-top-section elementor-element elementor-element-5c2ab30 elementor-section-full_width elementor-section-height-default elementor-section-height-default\" data-id=\"5c2ab30\" data-element_type=\"section\">\n\t\t\t\t\t\t<div class=\"elementor-container elementor-column-gap-default\">\n\t\t\t\t\t<div class=\"elementor-column elementor-col-100 elementor-top-column elementor-element elementor-element-ea6fd43\" data-id=\"ea6fd43\" data-element_type=\"column\">\n\t\t\t<div class=\"elementor-widget-wrap elementor-element-populated\">\n\t\t\t\t\t\t\t\t<div class=\"elementor-element elementor-element-903f990 elementor-widget elementor-widget-heading\" data-id=\"903f990\" data-element_type=\"widget\" data-widget_type=\"heading.default\">\n\t\t\t\t<div class=\"elementor-widget-container\">\n\t\t\t<style>\/*! elementor - v3.7.2 - 21-08-2022 *\/\n.elementor-heading-title{padding:0;margin:0;line-height:1}.elementor-widget-heading .elementor-heading-title[class*=elementor-size-]>a{color:inherit;font-size:inherit;line-height:inherit}.elementor-widget-heading .elementor-heading-title.elementor-size-small{font-size:15px}.elementor-widget-heading .elementor-heading-title.elementor-size-medium{font-size:19px}.elementor-widget-heading .elementor-heading-title.elementor-size-large{font-size:29px}.elementor-widget-heading .elementor-heading-title.elementor-size-xl{font-size:39px}.elementor-widget-heading .elementor-heading-title.elementor-size-xxl{font-size:59px}<\/style><h2 class=\"elementor-heading-title elementor-size-default\">L'\u00e9preuve th\u00e9orique g\u00e9n\u00e9rale (code)<\/h2>\t\t<\/div>\n\t\t\t\t<\/div>\n\t\t\t\t\t<\/div>\n\t\t<\/div>\n\t\t\t\t\t\t\t<\/div>\n\t\t<\/section>\n\t\t\t\t<section class=\"elementor-section elementor-top-section elementor-element elementor-element-71a6776 elementor-section-full_width elementor-section-height-default elementor-section-height-default\" data-id=\"71a6776\" data-element_type=\"section\">\n\t\t\t\t\t\t<div class=\"elementor-container elementor-column-gap-default\">\n\t\t\t\t\t<div class=\"elementor-column elementor-col-100 elementor-top-column elementor-element elementor-element-e68d340\" data-id=\"e68d340\" data-element_type=\"column\">\n\t\t\t<div class=\"elementor-widget-wrap elementor-element-populated\">\n\t\t\t\t\t\t\t\t<div class=\"elementor-element elementor-element-49e227c elementor-widget elementor-widget-text-editor\" data-id=\"49e227c\" data-element_type=\"widget\" data-widget_type=\"text-editor.default\">\n\t\t\t\t<div class=\"elementor-widget-container\">\n\t\t\t<style>\/*! elementor - v3.7.2 - 21-08-2022 *\/\n.elementor-widget-text-editor.elementor-drop-cap-view-stacked .elementor-drop-cap{background-color:#818a91;color:#fff}.elementor-widget-text-editor.elementor-drop-cap-view-framed .elementor-drop-cap{color:#818a91;border:3px solid;background-color:transparent}.elementor-widget-text-editor:not(.elementor-drop-cap-view-default) .elementor-drop-cap{margin-top:8px}.elementor-widget-text-editor:not(.elementor-drop-cap-view-default) .elementor-drop-cap-letter{width:1em;height:1em}.elementor-widget-text-editor .elementor-drop-cap{float:left;text-align:center;line-height:1;font-size:50px}.elementor-widget-text-editor .elementor-drop-cap-letter{display:inline-block}<\/style>\t\t\t\t<p>Le code de la route s\u2019inspire des recherches les plus r\u00e9centes pour faire \u00e9voluer l\u2019apprentissage de la conduite vers les notions les plus importantes de la vie du jeune conducteur. Conduire est un acte complexe et la r\u00e9ussite \u00e0 l\u2019\u00e9preuve du code de la route est obligatoire pour obtenir son permis de conduire. Le candidat doit r\u00e9pondre correctement \u00e0 35 questions sur un total de 40 questions.<\/p><h5 style=\"font-size: 1.17647rem; font-style: normal;\"><span style=\"font-weight: bold;\">D\u00e9roul\u00e9 de l\u2019examen<\/span><\/h5><p style=\"font-size: 17px; font-style: normal; font-weight: 400; color: #7a7a7a;\">L\u2019\u00e9preuve d\u00e9bute par l\u2019accueil des candidats, le contr\u00f4le de la recevabilit\u00e9 des documents d\u2019examen et la v\u00e9rification des identit\u00e9s.<br \/>Chaque candidat est enregistr\u00e9 et se voit attribuer une tablette.<br \/>L\u2019\u00e9preuve peut commencer, le test de 40 questions est soumis aux candidats sur la tablette.<\/p><h5 style=\"font-size: 1.17647rem; font-style: normal;\">Validit\u00e9<\/h5><p style=\"font-size: 17px; font-style: normal; font-weight: 400; color: #7a7a7a;\">La r\u00e9ussite au \u00ab code \u00bb est valable cinq ans, peu importe le nombre d\u2019examens pratiques (nouvelle r\u00e9glementation depuis d\u00e9cembre 2022).<br \/>Un candidat d\u00e9j\u00e0 titulaire d\u2019une cat\u00e9gorie du permis de conduire (sauf le AM) est dispens\u00e9 de se pr\u00e9senter \u00e0 cette \u00e9preuve pendant cinq ans \u00e0 compter de la date de r\u00e9ussite \u00e0 l\u2019\u00e9preuve en circulation.<\/p>\t\t\t\t\t\t<\/div>\n\t\t\t\t<\/div>\n\t\t\t\t\t<\/div>\n\t\t<\/div>\n\t\t\t\t\t\t\t<\/div>\n\t\t<\/section>\n\t\t\t\t\t\t\t<\/div>\n\t\t","protected":false},"excerpt":{"rendered":"<p>L&rsquo;\u00e9preuve th\u00e9orique g\u00e9n\u00e9rale (code) Le code de la route s\u2019inspire des recherches les plus r\u00e9centes pour faire \u00e9voluer l\u2019apprentissage de la conduite vers les notions les plus importantes de la vie du jeune conducteur. Conduire est un acte complexe et la r\u00e9ussite \u00e0 l\u2019\u00e9preuve du code de la route est obligatoire pour obtenir son permis &hellip;<\/p>\n<p class=\"read-more\"> <a class=\"\" href=\"https:\/\/brindeconduite.com\/?page_id=1604\">  Lire la suite\u00a0\u00bb<\/a><\/p>\n","protected":false},"author":1,"featured_media":0,"parent":0,"menu_order":0,"comment_status":"closed","ping_status":"closed","template":"","meta":{"site-sidebar-layout":"no-sidebar","site-content-layout":"page-builder","ast-global-header-display":"","ast-main-header-display":"","ast-hfb-above-header-display":"","ast-hfb-below-header-display":"","ast-hfb-mobile-header-display":"","site-post-title":"disabled","ast-breadcrumbs-content":"","ast-featured-img":"disabled","footer-sml-layout":"","theme-transparent-header-meta":"","adv-header-id-meta":"","stick-header-meta":"","header-above-stick-meta":"","header-main-stick-meta":"","header-below-stick-meta":""},"_links":{"self":[{"href":"https:\/\/brindeconduite.com\/index.php?rest_route=\/wp\/v2\/pages\/1604"}],"collection":[{"href":"https:\/\/brindeconduite.com\/index.php?rest_route=\/wp\/v2\/pages"}],"about":[{"href":"https:\/\/brindeconduite.com\/index.php?rest_route=\/wp\/v2\/types\/page"}],"author":[{"embeddable":true,"href":"https:\/\/brindeconduite.com\/index.php?rest_route=\/wp\/v2\/users\/1"}],"replies":[{"embeddable":true,"href":"https:\/\/brindeconduite.com\/index.php?rest_route=%2Fwp%2Fv2%2Fcomments&post=1604"}],"version-history":[{"count":20,"href":"https:\/\/brindeconduite.com\/index.php?rest_route=\/wp\/v2\/pages\/1604\/revisions"}],"predecessor-version":[{"id":2189,"href":"https:\/\/brindeconduite.com\/index.php?rest_route=\/wp\/v2\/pages\/1604\/revisions\/2189"}],"wp:attachment":[{"href":"https:\/\/brindeconduite.com\/index.php?rest_route=%2Fwp%2Fv2%2Fmedia&parent=1604"}],"curies":[{"name":"wp","href":"https:\/\/api.w.org\/{rel}","templated":true}]}}