{"id":156,"date":"2022-07-29T20:52:44","date_gmt":"2022-07-29T20:52:44","guid":{"rendered":"https:\/\/brindeconduite.com\/?page_id=156"},"modified":"2023-07-29T08:39:26","modified_gmt":"2023-07-29T08:39:26","slug":"bienvenue","status":"publish","type":"page","link":"https:\/\/brindeconduite.com\/","title":{"rendered":"Accueil"},"content":{"rendered":"\t\t<div data-elementor-type=\"wp-page\" data-elementor-id=\"156\" class=\"elementor elementor-156\">\n\t\t\t\t\t\t\t\t\t<section class=\"elementor-section elementor-top-section elementor-element elementor-element-cc05c58 elementor-section-full_width elementor-section-height-default elementor-section-height-default\" data-id=\"cc05c58\" data-element_type=\"section\">\n\t\t\t\t\t\t<div class=\"elementor-container elementor-column-gap-default\">\n\t\t\t\t\t<div class=\"elementor-column elementor-col-100 elementor-top-column elementor-element elementor-element-edbd895\" data-id=\"edbd895\" data-element_type=\"column\">\n\t\t\t<div class=\"elementor-widget-wrap elementor-element-populated\">\n\t\t\t\t\t\t\t\t<div class=\"elementor-element elementor-element-60d0410 elementor-widget elementor-widget-heading\" data-id=\"60d0410\" data-element_type=\"widget\" data-widget_type=\"heading.default\">\n\t\t\t\t<div class=\"elementor-widget-container\">\n\t\t\t<style>\/*! elementor - v3.7.2 - 21-08-2022 *\/\n.elementor-heading-title{padding:0;margin:0;line-height:1}.elementor-widget-heading .elementor-heading-title[class*=elementor-size-]>a{color:inherit;font-size:inherit;line-height:inherit}.elementor-widget-heading .elementor-heading-title.elementor-size-small{font-size:15px}.elementor-widget-heading .elementor-heading-title.elementor-size-medium{font-size:19px}.elementor-widget-heading .elementor-heading-title.elementor-size-large{font-size:29px}.elementor-widget-heading .elementor-heading-title.elementor-size-xl{font-size:39px}.elementor-widget-heading .elementor-heading-title.elementor-size-xxl{font-size:59px}<\/style><h2 class=\"elementor-heading-title elementor-size-default\">Brin de Conduite, \u00e0 tes c\u00f4t\u00e9s pour le permis<\/h2>\t\t<\/div>\n\t\t\t\t<\/div>\n\t\t\t\t\t<\/div>\n\t\t<\/div>\n\t\t\t\t\t\t\t<\/div>\n\t\t<\/section>\n\t\t\t\t<section class=\"elementor-section elementor-top-section elementor-element elementor-element-353a3b8 elementor-section-full_width elementor-section-height-default elementor-section-height-default\" data-id=\"353a3b8\" data-element_type=\"section\">\n\t\t\t\t\t\t<div class=\"elementor-container elementor-column-gap-default\">\n\t\t\t\t\t<div class=\"elementor-column elementor-col-100 elementor-top-column elementor-element elementor-element-e8cfd74\" data-id=\"e8cfd74\" data-element_type=\"column\">\n\t\t\t<div class=\"elementor-widget-wrap elementor-element-populated\">\n\t\t\t\t\t\t\t\t<div class=\"elementor-element elementor-element-90b5384 elementor-widget elementor-widget-text-editor\" data-id=\"90b5384\" data-element_type=\"widget\" data-widget_type=\"text-editor.default\">\n\t\t\t\t<div class=\"elementor-widget-container\">\n\t\t\t<style>\/*! elementor - v3.7.2 - 21-08-2022 *\/\n.elementor-widget-text-editor.elementor-drop-cap-view-stacked .elementor-drop-cap{background-color:#818a91;color:#fff}.elementor-widget-text-editor.elementor-drop-cap-view-framed .elementor-drop-cap{color:#818a91;border:3px solid;background-color:transparent}.elementor-widget-text-editor:not(.elementor-drop-cap-view-default) .elementor-drop-cap{margin-top:8px}.elementor-widget-text-editor:not(.elementor-drop-cap-view-default) .elementor-drop-cap-letter{width:1em;height:1em}.elementor-widget-text-editor .elementor-drop-cap{float:left;text-align:center;line-height:1;font-size:50px}.elementor-widget-text-editor .elementor-drop-cap-letter{display:inline-block}<\/style>\t\t\t\t<p>Auto-\u00e9cole labellis\u00e9e situ\u00e9e \u00e0 Soubise, Brin de Conduite t&rsquo;accompagne pour transformer le jeune pi\u00e9ton que tu es au jeune conducteur que tu seras ! Pour \u00e7a, tu seras entour\u00e9 d&rsquo;une \u00e9quipe dipl\u00f4m\u00e9e, s\u00e9rieuse et \u00e0 l&rsquo;\u00e9coute. Tu auras&nbsp;<span style=\"color: var( --e-global-color-text ); font-family: var( --e-global-typography-primary-font-family ), Sans-serif; font-weight: var( --e-global-typography-primary-font-weight ); background-color: var(--ast-global-color-5); font-size: 1rem;\">\u00e0 ta disposition&nbsp;<\/span><span style=\"font-style: inherit; font-weight: inherit; color: var( --e-global-color-text ); font-family: var( --e-global-typography-primary-font-family ), Sans-serif; background-color: var(--ast-global-color-5);\">pas mal d&rsquo;outils et un suivi r\u00e9gulier.&nbsp;<\/span><span style=\"font-style: inherit; font-weight: inherit; color: var( --e-global-color-text ); font-family: var( --e-global-typography-primary-font-family ), Sans-serif; background-color: var(--ast-global-color-5);\">Aussi, o<\/span><span style=\"font-style: inherit; font-weight: inherit; color: var( --e-global-color-text ); font-family: var( --e-global-typography-primary-font-family ), Sans-serif; background-color: var(--ast-global-color-5);\">n s&rsquo;occupe \u00e0 ta place de toute la paperasse ; de ton inscription en Pr\u00e9fecture \u00e0 la r\u00e9servation de ta place d&rsquo;examen&#8230;ainsi, tu seras serein et tu peux rester focus sur ton apprentissage ! Alors \u00e0 tr\u00e8s vite !<\/span><\/p>\t\t\t\t\t\t<\/div>\n\t\t\t\t<\/div>\n\t\t\t\t\t<\/div>\n\t\t<\/div>\n\t\t\t\t\t\t\t<\/div>\n\t\t<\/section>\n\t\t\t\t<section class=\"elementor-section elementor-top-section elementor-element elementor-element-9dd911f elementor-section-full_width elementor-section-height-default elementor-section-height-default\" data-id=\"9dd911f\" data-element_type=\"section\">\n\t\t\t\t\t\t<div class=\"elementor-container elementor-column-gap-default\">\n\t\t\t\t\t<div class=\"elementor-column elementor-col-16 elementor-top-column elementor-element elementor-element-5b80c19\" data-id=\"5b80c19\" data-element_type=\"column\">\n\t\t\t<div class=\"elementor-widget-wrap elementor-element-populated\">\n\t\t\t\t\t\t\t\t<div class=\"elementor-element elementor-element-a5a579b elementor-invisible elementor-widget elementor-widget-text-editor\" data-id=\"a5a579b\" data-element_type=\"widget\" data-settings=\"{&quot;_animation&quot;:&quot;fadeIn&quot;}\" data-widget_type=\"text-editor.default\">\n\t\t\t\t<div class=\"elementor-widget-container\">\n\t\t\t\t\t\t\t<p><img loading=\"lazy\" class=\" wp-image-1587 aligncenter\" src=\"https:\/\/brindeconduite.com\/wp-content\/uploads\/2023\/07\/evaluation-prealable-300x300.png\" alt=\"\" width=\"140\" height=\"140\" srcset=\"https:\/\/brindeconduite.com\/wp-content\/uploads\/2023\/07\/evaluation-prealable-300x300.png 300w, https:\/\/brindeconduite.com\/wp-content\/uploads\/2023\/07\/evaluation-prealable-150x150.png 150w, https:\/\/brindeconduite.com\/wp-content\/uploads\/2023\/07\/evaluation-prealable.png 512w\" sizes=\"(max-width: 140px) 100vw, 140px\" \/><a href=\"https:\/\/brindeconduite.com\/?page_id=1648\" target=\"_blank\" rel=\"noopener\">1-\u00e9valuation pr\u00e9alable<\/a><\/p>\t\t\t\t\t\t<\/div>\n\t\t\t\t<\/div>\n\t\t\t\t\t<\/div>\n\t\t<\/div>\n\t\t\t\t<div class=\"elementor-column elementor-col-16 elementor-top-column elementor-element elementor-element-84abc32\" data-id=\"84abc32\" data-element_type=\"column\">\n\t\t\t<div class=\"elementor-widget-wrap elementor-element-populated\">\n\t\t\t\t\t\t\t\t<div class=\"elementor-element elementor-element-c512a8d elementor-invisible elementor-widget elementor-widget-text-editor\" data-id=\"c512a8d\" data-element_type=\"widget\" data-settings=\"{&quot;_animation&quot;:&quot;fadeIn&quot;}\" data-widget_type=\"text-editor.default\">\n\t\t\t\t<div class=\"elementor-widget-container\">\n\t\t\t\t\t\t\t<p><img loading=\"lazy\" class=\" wp-image-1588 aligncenter\" src=\"https:\/\/brindeconduite.com\/wp-content\/uploads\/2023\/07\/inscription-300x300.png\" alt=\"\" width=\"140\" height=\"140\" srcset=\"https:\/\/brindeconduite.com\/wp-content\/uploads\/2023\/07\/inscription-300x300.png 300w, https:\/\/brindeconduite.com\/wp-content\/uploads\/2023\/07\/inscription-150x150.png 150w, https:\/\/brindeconduite.com\/wp-content\/uploads\/2023\/07\/inscription.png 512w\" sizes=\"(max-width: 140px) 100vw, 140px\" \/><a href=\"https:\/\/brindeconduite.com\/?page_id=1781\" target=\"_blank\">2-inscription<\/a><br><\/p>\t\t\t\t\t\t<\/div>\n\t\t\t\t<\/div>\n\t\t\t\t\t<\/div>\n\t\t<\/div>\n\t\t\t\t<div class=\"elementor-column elementor-col-16 elementor-top-column elementor-element elementor-element-078e044\" data-id=\"078e044\" data-element_type=\"column\">\n\t\t\t<div class=\"elementor-widget-wrap elementor-element-populated\">\n\t\t\t\t\t\t\t\t<div class=\"elementor-element elementor-element-20738cc elementor-invisible elementor-widget elementor-widget-text-editor\" data-id=\"20738cc\" data-element_type=\"widget\" data-settings=\"{&quot;_animation&quot;:&quot;fadeIn&quot;}\" data-widget_type=\"text-editor.default\">\n\t\t\t\t<div class=\"elementor-widget-container\">\n\t\t\t\t\t\t\t<p><img loading=\"lazy\" class=\"wp-image-1590 aligncenter\" src=\"https:\/\/brindeconduite.com\/wp-content\/uploads\/2023\/07\/apprentissage-300x300.png\" alt=\"\" width=\"140\" height=\"140\" srcset=\"https:\/\/brindeconduite.com\/wp-content\/uploads\/2023\/07\/apprentissage-300x300.png 300w, https:\/\/brindeconduite.com\/wp-content\/uploads\/2023\/07\/apprentissage-150x150.png 150w, https:\/\/brindeconduite.com\/wp-content\/uploads\/2023\/07\/apprentissage.png 499w\" sizes=\"(max-width: 140px) 100vw, 140px\" \/><span style=\"background-color: var(--ast-global-color-5); color: var( --e-global-color-text ); font-family: var( --e-global-typography-primary-font-family ), Sans-serif; font-style: inherit; font-weight: inherit;\">3-formation&nbsp;<a href=\"https:\/\/brindeconduite.com\/?page_id=1628\">th\u00e9orique<\/a> &amp; <a href=\"https:\/\/brindeconduite.com\/?page_id=1638\">pratique<\/a><\/span><\/p>\t\t\t\t\t\t<\/div>\n\t\t\t\t<\/div>\n\t\t\t\t\t<\/div>\n\t\t<\/div>\n\t\t\t\t<div class=\"elementor-column elementor-col-16 elementor-top-column elementor-element elementor-element-c51969c\" data-id=\"c51969c\" data-element_type=\"column\">\n\t\t\t<div class=\"elementor-widget-wrap elementor-element-populated\">\n\t\t\t\t\t\t\t\t<div class=\"elementor-element elementor-element-379e77e elementor-invisible elementor-widget elementor-widget-text-editor\" data-id=\"379e77e\" data-element_type=\"widget\" data-settings=\"{&quot;_animation&quot;:&quot;fadeIn&quot;}\" data-widget_type=\"text-editor.default\">\n\t\t\t\t<div class=\"elementor-widget-container\">\n\t\t\t\t\t\t\t<p><img loading=\"lazy\" class=\"wp-image-1591 aligncenter\" src=\"https:\/\/brindeconduite.com\/wp-content\/uploads\/2023\/07\/examen-code.png\" alt=\"\" width=\"140\" height=\"140\" srcset=\"https:\/\/brindeconduite.com\/wp-content\/uploads\/2023\/07\/examen-code.png 225w, https:\/\/brindeconduite.com\/wp-content\/uploads\/2023\/07\/examen-code-150x150.png 150w\" sizes=\"(max-width: 140px) 100vw, 140px\" \/><a href=\"https:\/\/brindeconduite.com\/?page_id=1604\" target=\"_blank\" rel=\"noopener\">4-\u00e9preuve th\u00e9orique<\/a><\/p>\t\t\t\t\t\t<\/div>\n\t\t\t\t<\/div>\n\t\t\t\t\t<\/div>\n\t\t<\/div>\n\t\t\t\t<div class=\"elementor-column elementor-col-16 elementor-top-column elementor-element elementor-element-3058937\" data-id=\"3058937\" data-element_type=\"column\">\n\t\t\t<div class=\"elementor-widget-wrap elementor-element-populated\">\n\t\t\t\t\t\t\t\t<div class=\"elementor-element elementor-element-762e151 elementor-invisible elementor-widget elementor-widget-text-editor\" data-id=\"762e151\" data-element_type=\"widget\" data-settings=\"{&quot;_animation&quot;:&quot;zoomIn&quot;}\" data-widget_type=\"text-editor.default\">\n\t\t\t\t<div class=\"elementor-widget-container\">\n\t\t\t\t\t\t\t<p><a href=\"https:\/\/brindeconduite.com\/?page_id=896\"><img loading=\"lazy\" class=\"wp-image-1592 aligncenter\" src=\"https:\/\/brindeconduite.com\/wp-content\/uploads\/2023\/07\/conduite-accompagnee-300x300.png\" alt=\"\" width=\"140\" height=\"140\" srcset=\"https:\/\/brindeconduite.com\/wp-content\/uploads\/2023\/07\/conduite-accompagnee-300x300.png 300w, https:\/\/brindeconduite.com\/wp-content\/uploads\/2023\/07\/conduite-accompagnee-150x150.png 150w, https:\/\/brindeconduite.com\/wp-content\/uploads\/2023\/07\/conduite-accompagnee.png 500w\" sizes=\"(max-width: 140px) 100vw, 140px\" \/>5-conduite accompagn\u00e9e <em>(si choisie)<\/em><\/a><\/p>\t\t\t\t\t\t<\/div>\n\t\t\t\t<\/div>\n\t\t\t\t\t<\/div>\n\t\t<\/div>\n\t\t\t\t<div class=\"elementor-column elementor-col-16 elementor-top-column elementor-element elementor-element-4ac7259\" data-id=\"4ac7259\" data-element_type=\"column\">\n\t\t\t<div class=\"elementor-widget-wrap elementor-element-populated\">\n\t\t\t\t\t\t\t\t<div class=\"elementor-element elementor-element-546e3fd elementor-invisible elementor-widget elementor-widget-text-editor\" data-id=\"546e3fd\" data-element_type=\"widget\" data-settings=\"{&quot;_animation&quot;:&quot;fadeIn&quot;}\" data-widget_type=\"text-editor.default\">\n\t\t\t\t<div class=\"elementor-widget-container\">\n\t\t\t\t\t\t\t<p><img loading=\"lazy\" class=\" wp-image-1594 aligncenter\" src=\"https:\/\/brindeconduite.com\/wp-content\/uploads\/2023\/07\/examen-pratique-300x297.png\" alt=\"\" width=\"139\" height=\"138\" srcset=\"https:\/\/brindeconduite.com\/wp-content\/uploads\/2023\/07\/examen-pratique-300x297.png 300w, https:\/\/brindeconduite.com\/wp-content\/uploads\/2023\/07\/examen-pratique-150x150.png 150w, https:\/\/brindeconduite.com\/wp-content\/uploads\/2023\/07\/examen-pratique.png 557w\" sizes=\"(max-width: 139px) 100vw, 139px\" \/><a href=\"https:\/\/brindeconduite.com\/?page_id=1619\" target=\"_blank\" rel=\"noopener\">6-\u00e9preuve pratique<\/a><\/p>\t\t\t\t\t\t<\/div>\n\t\t\t\t<\/div>\n\t\t\t\t\t<\/div>\n\t\t<\/div>\n\t\t\t\t\t\t\t<\/div>\n\t\t<\/section>\n\t\t\t\t\t\t\t<\/div>\n\t\t","protected":false},"excerpt":{"rendered":"<p>Brin de Conduite, \u00e0 tes c\u00f4t\u00e9s pour le permis Auto-\u00e9cole labellis\u00e9e situ\u00e9e \u00e0 Soubise, Brin de Conduite t&rsquo;accompagne pour transformer le jeune pi\u00e9ton que tu es au jeune conducteur que tu seras ! Pour \u00e7a, tu seras entour\u00e9 d&rsquo;une \u00e9quipe dipl\u00f4m\u00e9e, s\u00e9rieuse et \u00e0 l&rsquo;\u00e9coute. Tu auras&nbsp;\u00e0 ta disposition&nbsp;pas mal d&rsquo;outils et un suivi r\u00e9gulier.&nbsp;Aussi, &hellip;<\/p>\n<p class=\"read-more\"> <a class=\"\" href=\"https:\/\/brindeconduite.com\/\"> <span class=\"screen-reader-text\">Accueil<\/span> Lire la suite\u00a0\u00bb<\/a><\/p>\n","protected":false},"author":1,"featured_media":0,"parent":0,"menu_order":1,"comment_status":"closed","ping_status":"closed","template":"","meta":{"site-sidebar-layout":"no-sidebar","site-content-layout":"page-builder","ast-global-header-display":"","ast-main-header-display":"","ast-hfb-above-header-display":"","ast-hfb-below-header-display":"","ast-hfb-mobile-header-display":"","site-post-title":"disabled","ast-breadcrumbs-content":"","ast-featured-img":"disabled","footer-sml-layout":"","theme-transparent-header-meta":"","adv-header-id-meta":"","stick-header-meta":"","header-above-stick-meta":"","header-main-stick-meta":"","header-below-stick-meta":""},"_links":{"self":[{"href":"https:\/\/brindeconduite.com\/index.php?rest_route=\/wp\/v2\/pages\/156"}],"collection":[{"href":"https:\/\/brindeconduite.com\/index.php?rest_route=\/wp\/v2\/pages"}],"about":[{"href":"https:\/\/brindeconduite.com\/index.php?rest_route=\/wp\/v2\/types\/page"}],"author":[{"embeddable":true,"href":"https:\/\/brindeconduite.com\/index.php?rest_route=\/wp\/v2\/users\/1"}],"replies":[{"embeddable":true,"href":"https:\/\/brindeconduite.com\/index.php?rest_route=%2Fwp%2Fv2%2Fcomments&post=156"}],"version-history":[{"count":241,"href":"https:\/\/brindeconduite.com\/index.php?rest_route=\/wp\/v2\/pages\/156\/revisions"}],"predecessor-version":[{"id":1986,"href":"https:\/\/brindeconduite.com\/index.php?rest_route=\/wp\/v2\/pages\/156\/revisions\/1986"}],"wp:attachment":[{"href":"https:\/\/brindeconduite.com\/index.php?rest_route=%2Fwp%2Fv2%2Fmedia&parent=156"}],"curies":[{"name":"wp","href":"https:\/\/api.w.org\/{rel}","templated":true}]}}